{"id":18810,"date":"2024-07-17T16:59:25","date_gmt":"2024-07-17T16:59:25","guid":{"rendered":"https:\/\/getoze.com\/afdb-x-oze-free-business-training\/"},"modified":"2024-11-06T12:47:01","modified_gmt":"2024-11-06T12:47:01","slug":"afdb-x-oze-formation-gratuite-pour-les-entreprises","status":"publish","type":"page","link":"https:\/\/getoze.com\/fr\/afdb-x-oze-formation-gratuite-pour-les-entreprises\/","title":{"rendered":"AfDB x Oze Formation Gratuite pour les Entreprises"},"content":{"rendered":"\n<p><\/p>\n\n\n\n<p><\/p>\n\n\n<section class=\"two-column-block my-28  relative\"\n  >\n\n\n\t<div class=\"container\">\n    <div class=\"wrapper items-center flex-col-reverse\">\n\n      \n      <div class=\"\n\t\t\t\n\t\t\tmy-4 left w-full lg:w-1\/2 justify-center flex min-h-[300px] lg:h-auto\n\t\t\t\">\n\t\t\t\t<div class=\"xl:mx-16 left-wrapper \"\n\t\t\t\t> \n\t\t\t\t\t\n\t\t\t\t\t\n\t\t\t\t\t\t<div class=\"wysiwyg \" data-aos=\"fade-up\">\n\t<h1>Formation gratuite pour les entreprises \u2014 Croissance et r\u00e9silience des PME<\/h1>\n<p>Apprenez des strat\u00e9gies efficaces pour devenir un entrepreneur \u00e0 succ\u00e8s avec les meilleurs coachs d&#8217;affaires d&#8217;Afrique.<\/p>\n<ul>\n<li>G\u00e9rez mieux vos finances<\/li>\n<li>Identifiez davantage de canaux de vente<\/li>\n<li>Renforcez votre r\u00e9silience face aux d\u00e9fis difficiles<\/li>\n<li>Acc\u00e9dez \u00e0 une communaut\u00e9 d&#8217;entreprises partageant les m\u00eames id\u00e9es<\/li>\n<\/ul>\n\n\n\t\n\t<\/div>\n\t\t\t\t\t\n\t\t\t\t\t\n\t\t\t\t\t\t\t\t\t<\/div>\n      <\/div>\n\n      \n      <div class=\"\n\t\t\t\t\tmin-h-[300px] my-4\n\t\t\t\t\tmd:min-h-[500px] lg:min-h-[600px]\n\t\t\t\t\t\n\t\t\t\t\tright w-full lg:w-1\/2 justify-center flex  lg:h-auto\n\t\t\t\t\">\n\t\t\t\t<div class=\"xl:mx-16 right-wrapper absolute w-full\n\t\t\t\t\"\n\t\t\t\t>\n        \n        \n        \n                  \t\t\t\t\t\t<div\n\t\tclass=\"t4 relative ml-4 h-[300px] w-full md:h-[500px] lg:absolute lg:right-0 lg:top-0 lg:-mr-44 lg:h-full lg:w-1\/2\">\n\t\t\t\t<div\n\t\t\tclass=\"image-animation-container relative right-0 z-20 h-full w-full rounded-l-75px !bg-cover lg:absolute lg:rounded-lg\"\n\t\t\tdata-aos=\"fade-up\" style=\"background: url(https:\/\/getoze.com\/app\/uploads\/2024\/07\/2149871153-e1724917099641.jpg);\"><\/div>\n\t\t\t\t\t\t\t\t\t\t\t<div class=\"hidden lg:block\" data-aos data-aos-offset=\"50\">\n\t<div class=\"custom-animate animate-left-16 absolute left-[80%] -bottom-16 width-calc-4 h-full rounded-xl\" style=\"background-color: #64dda5\"><\/div>\n<\/div>\n<div class=\"lg:hidden\">\n\t<div class=\"absolute right-0 bottom h-full w-full -bottom-8 left-4 rounded-l-75px\" style=\"background-color: #64dda5\"><\/div>\n<\/div>\t\t\t<\/div>\n                  \n\t\t\t\t\t\t\t<\/div>\n      <\/div>\n    <\/div>\n<\/section>\n\n\n<section class=\"multi-column-block my-28\">\n  <div class=\"container\">\n\t\t<div class=\"\">\n\t\t\t\t\t\t\t<div class=\"content max-w-3xl mx-auto text-center\" data-aos=\"fade-up\">\n\t\t\t\t\t<p class=\"text-pintro\"><strong>Pr\u00e9sent\u00e9 par la Banque Africaine de D\u00e9veloppement et Oze<\/strong><\/p>\n\n\t\t\t\t<\/div>\n\t\t\t\t\t\t\t\t\t\t\t\t\t\t<div class=\"flex flex-wrap -m-4 justify-center !mt-8 items-start\">\n\t\t\t\t\t\t\t\t\t\t\t\t\t\t\t\t<div class=\"p-4 flex flex-col text-center justify-center items-center w-12\/12 lg:w-12\/12\" data-aos=\"fade-up\" data-aos-delay=\"0\">\n\t\t\t\t\t\t\t\t\t\t\t\t\t\t\t<img decoding=\"async\" src=\"https:\/\/getoze.com\/app\/uploads\/2024\/07\/Oze-x-AfDB-1.png\" alt=\"Oze X AfDB\" class=\"max-h-32 \">\n\t\t\t\t\t\t\t\t\t\t\t\t\t\t\t\t\t\t\t\t\t<div>\n\t\t\t\t\t\t\t\t\t\t\t\t\t\t\t\t\t\t\t\t\t\t\t<\/div>\n\t\t\t\t\t\t<\/div>\n\t\t\t\t\t\t\t\t\t\t\t\t\t\t\t<\/div>\n\t\t\t\t\t\t\t\t<\/div>\n  <\/div>\n<\/section>\n\n<section class=\"two-column-block my-28 mb-48 relative\"\n   style=\" color:#ffffff;  background-color: #161a5c;\" >\n\n\n\t<div class=\"container\">\n    <div class=\"wrapper items-center flex-col-reverse\">\n\n      \n      <div class=\"\n\t\t\tmd:min-h-[500px] lg:min-h-[600px]\n\t\t\tmy-4 left w-full lg:w-1\/2 justify-center flex min-h-[300px] lg:h-auto\n\t\t\t\">\n\t\t\t\t<div class=\"xl:mx-16 left-wrapper absolute w-full\"\n\t\t\t\t style=\"background: #161a5c;\" > \n\t\t\t\t\t\n\t\t\t\t\t\n\t\t\t\t\t\n\t\t\t\t\t\n\t\t\t\t\t\t\n\t\t\t\t\t\t\t<div class=\"t1 lg:-ml-44 lg:absolute lg:top-0 lg:left-0 lg:w-1\/2 lg:h-full w-full -ml-4 h-[300px] md:h-[500px] relative\">\n\t\t\t<div class=\"w-full h-full absolute z-20 rounded-r-75px lg:rounded-lg !bg-cover left-0\" style=\"background: url(https:\/\/getoze.com\/app\/uploads\/2024\/07\/business-women-talking-near-desk-coffee-break-hallway-big-corporation-scaled-e1724917038975.jpg);\" data-aos=\"fade-up\"><\/div>\n\t\t\t\t\t\t\t<div class=\"hidden lg:block\" data-aos data-aos-offset=\"50\">\n\t<div class=\"custom-animate animate-right-16 absolute right-[80%] -bottom-16 width-calc-4 h-full rounded-xl\" style=\"background-color: #00DCA4\"><\/div>\n<\/div>\n<div class=\"lg:hidden -mt-8\">\n\t<div class=\"absolute right-0 bottom -1rem h-full w-full -bottom-8 left-4 rounded-r-75px\" style=\"background-color: #00DCA4\"><\/div>\n<\/div>\t\t\t\t\t\t\t\t<\/div>\n\t\n\t\t\t\t\t\t\t\t\t\t\t\t\t\t\t<\/div>\n      <\/div>\n\n      \n      <div class=\"\n\t\t\t\t\tmin-h-[300px] my-4\n\t\t\t\t\t\n\t\t\t\t\t\n\t\t\t\t\tright w-full lg:w-1\/2 justify-center flex  lg:h-auto\n\t\t\t\t\">\n\t\t\t\t<div class=\"xl:mx-16 right-wrapper \n\t\t\t\t\"\n\t\t\t\t>\n        \n        \t\t\t\t\t<div class=\"wysiwyg\" data-aos=\"fade-up\">\n\t<h2>Acc\u00e9dez aux vid\u00e9os de formation en remplissant ce formulaire<\/h2>\n<p><script charset=\"utf-8\" type=\"text\/javascript\" src=\"\/\/js.hsforms.net\/forms\/embed\/v2.js\"><\/script><br \/>\n<script>\n  hbspt.forms.create({\n    portalId: \"4216469\",\n    formId: \"91458291-fd18-450e-bf86-c7be81488c73\"\n  });\n<\/script><\/p>\n\n\n\t\n\t<\/div>        \n        \n        \n\t\t\t\t\t\t\t<\/div>\n      <\/div>\n    <\/div>\n<\/section>\n\n\n<section class=\"multi-column-block my-28\">\n  <div class=\"container\">\n\t\t<div class=\"\">\n\t\t\t\t\t\t\t<div class=\"content max-w-3xl mx-auto text-center\" data-aos=\"fade-up\">\n\t\t\t\t\t<h2>Ce que vous obtenez en vous inscrivant<\/h2>\n\n\t\t\t\t<\/div>\n\t\t\t\t\t\t\t\t\t\t\t\t\t\t<div class=\"flex flex-wrap -m-4 justify-center lg:justify-between !mt-8 items-start\">\n\t\t\t\t\t\t\t\t\t\t\t\t\t\t\t\t<div class=\"p-4 flex flex-col text-center justify-center items-center w-4\/12 lg:w-3\/12\" data-aos=\"fade-up\" data-aos-delay=\"0\">\n\t\t\t\t\t\t\t\t\t\t\t\t\t\t\t<img decoding=\"async\" src=\"https:\/\/getoze.com\/app\/uploads\/2022\/06\/Icon-24.svg\" alt=\"\" class=\"max-w-[180px] hidden lg:block\">\n\t\t\t\t\t\t\t\t\t\t\t\t\t\t\t\t\t\t\t\t\t\t<img decoding=\"async\" src=\"https:\/\/getoze.com\/app\/uploads\/2022\/06\/Icon-24.svg\" alt=\"\" class=\"lg:hidden\">\n\t\t\t\t\t\t\t\t\t\t\t\t\t\t<div>\n\t\t\t\t\t\t\t\t\t\t\t\t\t\t\t\t\t<p class=\"mt-4 font-bold\">G\u00e9rez mieux votre entreprise<\/p>\n\t\t\t\t\t\t\t\t\t\t\t\t\t\t\t\t\t\t\t\t\t\t\t\t\t<p class=\"mt-4\">D\u00e9couvrez comment faire passer votre entreprise au niveau sup\u00e9rieur<\/p>\n\t\t\t\t\t\t\t\t\t\t\t\t\t\t\t<\/div>\n\t\t\t\t\t\t<\/div>\n\t\t\t\t\t\t\t\t\t\t\t\t\t\t\t\t\t<div class=\"p-4 flex flex-col text-center justify-center items-center w-4\/12 lg:w-3\/12\" data-aos=\"fade-up\" data-aos-delay=\"100\">\n\t\t\t\t\t\t\t\t\t\t\t\t\t\t\t<img decoding=\"async\" src=\"https:\/\/getoze.com\/app\/uploads\/2022\/06\/Coach.svg\" alt=\"\" class=\"max-w-[180px] hidden lg:block\">\n\t\t\t\t\t\t\t\t\t\t\t\t\t\t\t\t\t\t\t\t\t\t<img decoding=\"async\" src=\"https:\/\/getoze.com\/app\/uploads\/2022\/06\/Icon-7.svg\" alt=\"\" class=\"lg:hidden\">\n\t\t\t\t\t\t\t\t\t\t\t\t\t\t<div>\n\t\t\t\t\t\t\t\t\t\t\t\t\t\t\t\t\t<p class=\"mt-4 font-bold\">Coaching d&#039;affaires<\/p>\n\t\t\t\t\t\t\t\t\t\t\t\t\t\t\t\t\t\t\t\t\t\t\t\t\t<p class=\"mt-4\">Acc\u00e8s continu aux coachs d&#039;affaires pour vous conseiller et vous encadrer<\/p>\n\t\t\t\t\t\t\t\t\t\t\t\t\t\t\t<\/div>\n\t\t\t\t\t\t<\/div>\n\t\t\t\t\t\t\t\t\t\t\t\t\t\t\t\t\t<div class=\"p-4 flex flex-col text-center justify-center items-center w-4\/12 lg:w-3\/12\" data-aos=\"fade-up\" data-aos-delay=\"200\">\n\t\t\t\t\t\t\t\t\t\t\t\t\t\t\t<img decoding=\"async\" src=\"https:\/\/getoze.com\/app\/uploads\/2022\/06\/Icon-8.svg\" alt=\"\" class=\"max-w-[180px] hidden lg:block\">\n\t\t\t\t\t\t\t\t\t\t\t\t\t\t\t\t\t\t\t\t\t\t<img decoding=\"async\" src=\"https:\/\/getoze.com\/app\/uploads\/2022\/06\/Icon-8.svg\" alt=\"\" class=\"lg:hidden\">\n\t\t\t\t\t\t\t\t\t\t\t\t\t\t<div>\n\t\t\t\t\t\t\t\t\t\t\t\t\t\t\t\t\t<p class=\"mt-4 font-bold\">Certificat gratuit<\/p>\n\t\t\t\t\t\t\t\t\t\t\t\t\t\t\t\t\t\t\t\t\t\t\t\t\t<p class=\"mt-4\">Montrez vos nouvelles comp\u00e9tences en gestion d&#039;entreprise \u00e0 vos clients et investisseurs potentiels<\/p>\n\t\t\t\t\t\t\t\t\t\t\t\t\t\t\t<\/div>\n\t\t\t\t\t\t<\/div>\n\t\t\t\t\t\t\t\t\t\t\t\t\t\t\t\t\t<div class=\"p-4 flex flex-col text-center justify-center items-center w-4\/12 lg:w-3\/12\" data-aos=\"fade-up\" data-aos-delay=\"300\">\n\t\t\t\t\t\t\t\t\t\t\t\t\t\t\t<img decoding=\"async\" src=\"https:\/\/getoze.com\/app\/uploads\/2024\/07\/payments.svg\" alt=\"icon\" class=\"max-w-[180px] hidden lg:block\">\n\t\t\t\t\t\t\t\t\t\t\t\t\t\t\t\t\t\t\t\t\t\t<img decoding=\"async\" src=\"https:\/\/getoze.com\/app\/uploads\/2024\/07\/payments.svg\" alt=\"icon\" class=\"lg:hidden\">\n\t\t\t\t\t\t\t\t\t\t\t\t\t\t<div>\n\t\t\t\t\t\t\t\t\t\t\t\t\t\t\t\t\t<p class=\"mt-4 font-bold\">6 mois d&#039;Oze Gold<\/p>\n\t\t\t\t\t\t\t\t\t\t\t\t\t\t\t\t\t\t\t\t\t\t\t\t\t<p class=\"mt-4\">Acc\u00e8s \u00e0 Oze Gold pendant 6 mois pour vous aider \u00e0 mieux g\u00e9rer votre entreprise<\/p>\n\t\t\t\t\t\t\t\t\t\t\t\t\t\t\t<\/div>\n\t\t\t\t\t\t<\/div>\n\t\t\t\t\t\t\t\t\t\t\t\t\t\t\t<\/div>\n\t\t\t\t\t\t\t\t<\/div>\n  <\/div>\n<\/section>\n\n\n<p><\/p>\n","protected":false},"excerpt":{"rendered":"","protected":false},"author":21,"featured_media":0,"parent":0,"menu_order":0,"comment_status":"closed","ping_status":"closed","template":"","meta":{"_acf_changed":false,"content-type":"","footnotes":""},"class_list":["post-18810","page","type-page","status-publish","hentry"],"acf":[],"yoast_head":"<!-- This site is optimized with the Yoast SEO Premium plugin v18.4 (Yoast SEO v26.9) - https:\/\/yoast.com\/product\/yoast-seo-premium-wordpress\/ -->\n<title>AfDB x Oze Formation Gratuite pour les Entreprises - Oze<\/title>\n<meta name=\"description\" content=\"Apprenez des strat\u00e9gies efficaces pour devenir un entrepreneur \u00e0 succ\u00e8s avec les meilleurs coachs d&#039;affaires d&#039;Afrique.\" \/>\n<meta name=\"robots\" content=\"index, follow, max-snippet:-1, max-image-preview:large, max-video-preview:-1\" \/>\n<link rel=\"canonical\" href=\"https:\/\/getoze.com\/fr\/afdb-x-oze-formation-gratuite-pour-les-entreprises\/\" \/>\n<meta property=\"og:locale\" content=\"fr_FR\" \/>\n<meta property=\"og:type\" content=\"article\" \/>\n<meta property=\"og:title\" content=\"AfDB x Oze Formation Gratuite pour les Entreprises\" \/>\n<meta property=\"og:description\" content=\"Apprenez des strat\u00e9gies efficaces pour devenir un entrepreneur \u00e0 succ\u00e8s avec les meilleurs coachs d&#039;affaires d&#039;Afrique.\" \/>\n<meta property=\"og:url\" content=\"https:\/\/getoze.com\/fr\/afdb-x-oze-formation-gratuite-pour-les-entreprises\/\" \/>\n<meta property=\"og:site_name\" content=\"Oze\" \/>\n<meta property=\"article:publisher\" content=\"https:\/\/www.facebook.com\/ozeapp\/\" \/>\n<meta property=\"article:modified_time\" content=\"2024-11-06T12:47:01+00:00\" \/>\n<meta name=\"twitter:card\" content=\"summary_large_image\" \/>\n<meta name=\"twitter:site\" content=\"@oze\" \/>\n<script type=\"application\/ld+json\" class=\"yoast-schema-graph\">{\"@context\":\"https:\/\/schema.org\",\"@graph\":[{\"@type\":\"WebPage\",\"@id\":\"https:\/\/getoze.com\/fr\/afdb-x-oze-formation-gratuite-pour-les-entreprises\/\",\"url\":\"https:\/\/getoze.com\/fr\/afdb-x-oze-formation-gratuite-pour-les-entreprises\/\",\"name\":\"AfDB x Oze Formation Gratuite pour les Entreprises - Oze\",\"isPartOf\":{\"@id\":\"https:\/\/getoze.com\/fr\/#website\"},\"datePublished\":\"2024-07-17T16:59:25+00:00\",\"dateModified\":\"2024-11-06T12:47:01+00:00\",\"description\":\"Apprenez des strat\u00e9gies efficaces pour devenir un entrepreneur \u00e0 succ\u00e8s avec les meilleurs coachs d'affaires d'Afrique.\",\"breadcrumb\":{\"@id\":\"https:\/\/getoze.com\/fr\/afdb-x-oze-formation-gratuite-pour-les-entreprises\/#breadcrumb\"},\"inLanguage\":\"fr-FR\",\"potentialAction\":[{\"@type\":\"ReadAction\",\"target\":[\"https:\/\/getoze.com\/fr\/afdb-x-oze-formation-gratuite-pour-les-entreprises\/\"]}]},{\"@type\":\"BreadcrumbList\",\"@id\":\"https:\/\/getoze.com\/fr\/afdb-x-oze-formation-gratuite-pour-les-entreprises\/#breadcrumb\",\"itemListElement\":[{\"@type\":\"ListItem\",\"position\":1,\"name\":\"Home\",\"item\":\"https:\/\/getoze.com\/fr\/\"},{\"@type\":\"ListItem\",\"position\":2,\"name\":\"AfDB x Oze Formation Gratuite pour les Entreprises\"}]},{\"@type\":\"WebSite\",\"@id\":\"https:\/\/getoze.com\/fr\/#website\",\"url\":\"https:\/\/getoze.com\/fr\/\",\"name\":\"Oze\",\"description\":\"Unlock your business success\",\"publisher\":{\"@id\":\"https:\/\/getoze.com\/fr\/#organization\"},\"potentialAction\":[{\"@type\":\"SearchAction\",\"target\":{\"@type\":\"EntryPoint\",\"urlTemplate\":\"https:\/\/getoze.com\/fr\/?s={search_term_string}\"},\"query-input\":{\"@type\":\"PropertyValueSpecification\",\"valueRequired\":true,\"valueName\":\"search_term_string\"}}],\"inLanguage\":\"fr-FR\"},{\"@type\":\"Organization\",\"@id\":\"https:\/\/getoze.com\/fr\/#organization\",\"name\":\"Oze\",\"url\":\"https:\/\/getoze.com\/fr\/\",\"logo\":{\"@type\":\"ImageObject\",\"inLanguage\":\"fr-FR\",\"@id\":\"https:\/\/getoze.com\/fr\/#\/schema\/logo\/image\/\",\"url\":\"https:\/\/getoze.com\/app\/uploads\/2022\/06\/oze_logo-1.svg\",\"contentUrl\":\"https:\/\/getoze.com\/app\/uploads\/2022\/06\/oze_logo-1.svg\",\"width\":1,\"height\":1,\"caption\":\"Oze\"},\"image\":{\"@id\":\"https:\/\/getoze.com\/fr\/#\/schema\/logo\/image\/\"},\"sameAs\":[\"https:\/\/www.facebook.com\/ozeapp\/\",\"https:\/\/x.com\/oze\",\"https:\/\/www.linkedin.com\/company\/ozeapp\/\"]}]}<\/script>\n<!-- \/ Yoast SEO Premium plugin. -->","yoast_head_json":{"title":"AfDB x Oze Formation Gratuite pour les Entreprises - Oze","description":"Apprenez des strat\u00e9gies efficaces pour devenir un entrepreneur \u00e0 succ\u00e8s avec les meilleurs coachs d'affaires d'Afrique.","robots":{"index":"index","follow":"follow","max-snippet":"max-snippet:-1","max-image-preview":"max-image-preview:large","max-video-preview":"max-video-preview:-1"},"canonical":"https:\/\/getoze.com\/fr\/afdb-x-oze-formation-gratuite-pour-les-entreprises\/","og_locale":"fr_FR","og_type":"article","og_title":"AfDB x Oze Formation Gratuite pour les Entreprises","og_description":"Apprenez des strat\u00e9gies efficaces pour devenir un entrepreneur \u00e0 succ\u00e8s avec les meilleurs coachs d'affaires d'Afrique.","og_url":"https:\/\/getoze.com\/fr\/afdb-x-oze-formation-gratuite-pour-les-entreprises\/","og_site_name":"Oze","article_publisher":"https:\/\/www.facebook.com\/ozeapp\/","article_modified_time":"2024-11-06T12:47:01+00:00","twitter_card":"summary_large_image","twitter_site":"@oze","schema":{"@context":"https:\/\/schema.org","@graph":[{"@type":"WebPage","@id":"https:\/\/getoze.com\/fr\/afdb-x-oze-formation-gratuite-pour-les-entreprises\/","url":"https:\/\/getoze.com\/fr\/afdb-x-oze-formation-gratuite-pour-les-entreprises\/","name":"AfDB x Oze Formation Gratuite pour les Entreprises - Oze","isPartOf":{"@id":"https:\/\/getoze.com\/fr\/#website"},"datePublished":"2024-07-17T16:59:25+00:00","dateModified":"2024-11-06T12:47:01+00:00","description":"Apprenez des strat\u00e9gies efficaces pour devenir un entrepreneur \u00e0 succ\u00e8s avec les meilleurs coachs d'affaires d'Afrique.","breadcrumb":{"@id":"https:\/\/getoze.com\/fr\/afdb-x-oze-formation-gratuite-pour-les-entreprises\/#breadcrumb"},"inLanguage":"fr-FR","potentialAction":[{"@type":"ReadAction","target":["https:\/\/getoze.com\/fr\/afdb-x-oze-formation-gratuite-pour-les-entreprises\/"]}]},{"@type":"BreadcrumbList","@id":"https:\/\/getoze.com\/fr\/afdb-x-oze-formation-gratuite-pour-les-entreprises\/#breadcrumb","itemListElement":[{"@type":"ListItem","position":1,"name":"Home","item":"https:\/\/getoze.com\/fr\/"},{"@type":"ListItem","position":2,"name":"AfDB x Oze Formation Gratuite pour les Entreprises"}]},{"@type":"WebSite","@id":"https:\/\/getoze.com\/fr\/#website","url":"https:\/\/getoze.com\/fr\/","name":"Oze","description":"Unlock your business success","publisher":{"@id":"https:\/\/getoze.com\/fr\/#organization"},"potentialAction":[{"@type":"SearchAction","target":{"@type":"EntryPoint","urlTemplate":"https:\/\/getoze.com\/fr\/?s={search_term_string}"},"query-input":{"@type":"PropertyValueSpecification","valueRequired":true,"valueName":"search_term_string"}}],"inLanguage":"fr-FR"},{"@type":"Organization","@id":"https:\/\/getoze.com\/fr\/#organization","name":"Oze","url":"https:\/\/getoze.com\/fr\/","logo":{"@type":"ImageObject","inLanguage":"fr-FR","@id":"https:\/\/getoze.com\/fr\/#\/schema\/logo\/image\/","url":"https:\/\/getoze.com\/app\/uploads\/2022\/06\/oze_logo-1.svg","contentUrl":"https:\/\/getoze.com\/app\/uploads\/2022\/06\/oze_logo-1.svg","width":1,"height":1,"caption":"Oze"},"image":{"@id":"https:\/\/getoze.com\/fr\/#\/schema\/logo\/image\/"},"sameAs":["https:\/\/www.facebook.com\/ozeapp\/","https:\/\/x.com\/oze","https:\/\/www.linkedin.com\/company\/ozeapp\/"]}]}},"_links":{"self":[{"href":"https:\/\/getoze.com\/fr\/wp-json\/wp\/v2\/pages\/18810","targetHints":{"allow":["GET"]}}],"collection":[{"href":"https:\/\/getoze.com\/fr\/wp-json\/wp\/v2\/pages"}],"about":[{"href":"https:\/\/getoze.com\/fr\/wp-json\/wp\/v2\/types\/page"}],"author":[{"embeddable":true,"href":"https:\/\/getoze.com\/fr\/wp-json\/wp\/v2\/users\/21"}],"replies":[{"embeddable":true,"href":"https:\/\/getoze.com\/fr\/wp-json\/wp\/v2\/comments?post=18810"}],"version-history":[{"count":3,"href":"https:\/\/getoze.com\/fr\/wp-json\/wp\/v2\/pages\/18810\/revisions"}],"predecessor-version":[{"id":19624,"href":"https:\/\/getoze.com\/fr\/wp-json\/wp\/v2\/pages\/18810\/revisions\/19624"}],"wp:attachment":[{"href":"https:\/\/getoze.com\/fr\/wp-json\/wp\/v2\/media?parent=18810"}],"curies":[{"name":"wp","href":"https:\/\/api.w.org\/{rel}","templated":true}]}}