{"id":20555,"date":"2024-10-04T17:15:12","date_gmt":"2024-10-04T17:15:12","guid":{"rendered":"https:\/\/getoze.com\/app-business\/comptabilite\/"},"modified":"2026-03-25T12:42:36","modified_gmt":"2026-03-25T12:42:36","slug":"comptabilite","status":"publish","type":"page","link":"https:\/\/getoze.com\/fr\/app-business\/comptabilite\/","title":{"rendered":"Comptabilit\u00e9"},"content":{"rendered":"<section class=\"two-column-block mb-28  relative\"\n  >\n\n\n\t<div class=\"container\">\n    <div class=\"wrapper items-center flex-col\">\n\n      \n      <div class=\"\n\t\t\t\n\t\t\tmy-4 left w-full lg:w-1\/2 justify-center flex min-h-[300px] lg:h-auto\n\t\t\t\">\n\t\t\t\t<div class=\"xl:mx-16 left-wrapper \"\n\t\t\t\t> \n\t\t\t\t\t\n\t\t\t\t\t\n\t\t\t\t\t\t<div class=\"wysiwyg \" data-aos=\"fade-up\">\n\t<h1>La Comptabilit\u00e9 pour les petites entreprises<\/h1>\n<p>Suivez vos ventes et vos d\u00e9penses, envoyez des re\u00e7us et des factures, t\u00e9l\u00e9chargez vos donn\u00e9es et bien plus encore, tout cela depuis votre smartphone.<\/p>\n\n\n\t\n\t\t\t<div class=\"buttons -m-2 lg:-m-4\">\n\t\t\t\t\t\t\t\t\t\t\t\t\t\t\t\t\t\t\t\t\t\t\t\t\t\t\t\t\t\t\t\t<a class=\"button custom-button filled m-2 lg:m-4 \" href=\"https:\/\/oze.app.link\/bookkeeping\" target=_blank>\n\tEssayer d\u00e8s aujourd&#8217;hui\n\t<\/a>\n\t\t\t\t\t\t\t\t\t\t\t\t\t\t\t\t\t\t\t\t<\/div>\n\t<\/div>\n\t\t\t\t\t\n\t\t\t\t\t\n\t\t\t\t\t\t\t\t\t<\/div>\n      <\/div>\n\n      \n      <div class=\"\n\t\t\t\t\tmin-h-[300px] my-4\n\t\t\t\t\tmd:min-h-[500px] lg:min-h-[600px]\n\t\t\t\t\t\n\t\t\t\t\tright w-full lg:w-1\/2 justify-center flex  lg:h-auto\n\t\t\t\t\">\n\t\t\t\t<div class=\"xl:mx-16 right-wrapper absolute w-full\n\t\t\t\t\"\n\t\t\t\t>\n        \n        \n        \n                  \t\t\t\t\t\t<div\n\t\tclass=\"t4 relative ml-4 h-[300px] w-full md:h-[500px] lg:absolute lg:right-0 lg:top-0 lg:-mr-44 lg:h-full lg:w-1\/2\">\n\t\t\t\t<div\n\t\t\tclass=\"image-animation-container relative right-0 z-20 h-full w-full rounded-l-75px !bg-cover lg:absolute lg:rounded-lg\"\n\t\t\tdata-aos=\"fade-up\" style=\"background: url(https:\/\/getoze.com\/app\/uploads\/2024\/01\/Landing-page-image.jpg);\"><\/div>\n\t\t\t\t\t\t\t\t\t\t\t<div class=\"hidden lg:block\" data-aos data-aos-offset=\"50\">\n\t<div class=\"custom-animate animate-left-16 absolute left-[80%] -bottom-16 width-calc-4 h-full rounded-xl\" style=\"background-color: #b0c2ff\"><\/div>\n<\/div>\n<div class=\"lg:hidden\">\n\t<div class=\"absolute right-0 bottom h-full w-full -bottom-8 left-4 rounded-l-75px\" style=\"background-color: #b0c2ff\"><\/div>\n<\/div>\t\t\t<\/div>\n                  \n\t\t\t\t\t\t\t<\/div>\n      <\/div>\n    <\/div>\n<\/section>\n\n\n<section class=\"app-carousel-block\">\n\t<div class=\"container\">\n\t\t<div class=\"app-carousel-block-wrapper\">\n\t\t\t<div class=\"-m-4 flex flex-wrap\">\n\t\t\t\t<div class=\"order-2 flex w-full flex-col p-4 xl:order-1 xl:w-1\/3\">\n\t\t\t\t\t<div class=\"flex flex-col items-center text-center\">\n\t\t\t\t\t\t<img decoding=\"async\" class=\"max-w-[150px]\" src=\"https:\/\/getoze.com\/app\/uploads\/2022\/06\/Collaboration-1.png\" alt=\"Soyez organis\u00e9\">\n\t\t\t\t\t\t<h4 class=\"mt-9\">Soyez organis\u00e9<\/h4>\n\t\t\t\t\t\t<p class=\"text-p1tight\">Toutes vos ventes et vos d\u00e9penses au m\u00eame endroit. Recherchez facilement n&#039;importe quelle transaction.<\/p>\n\t\t\t\t\t<\/div>\n\t\t\t\t\t<div class=\"mt-20 flex flex-col items-center text-center\">\n\t\t\t\t\t\t<img decoding=\"async\" class=\"max-w-[150px]\" src=\"https:\/\/getoze.com\/app\/uploads\/2022\/06\/save-money.png\" alt=\"Gagnez du temps et de l&#039;argent\">\n\t\t\t\t\t\t<h4 class=\"mt-9\">Gagnez du temps et de l&#039;argent<\/h4>\n\t\t\t\t\t\t<p class=\"text-p1tight\">Plus de calculs manuels. Consacrez-vous enfin aux aspects de votre entreprise que vous aimez.<\/p>\n\t\t\t\t\t<\/div>\n\t\t\t\t<\/div>\n\t\t\t\t<div class=\"relative order-1 mb-28 w-full p-4 xl:order-2 xl:mb-0 xl:w-1\/3\">\n\t\t\t\t\t<div class=\"app-carousel-phone-image hidden xl:block\"\n\t\t\t\t\t\tstyle=\"background-image: url(https:\/\/getoze.com\/app\/uploads\/2023\/08\/phone_shadow.png);\"><\/div>\n\t\t\t\t\t<div class=\"app-carousel-phone-image-mobile xl:hidden\"\n\t\t\t\t\t\tstyle=\"background-image: url(https:\/\/getoze.com\/app\/uploads\/2023\/08\/phone_shadow-mobile.png);\"><\/div>\n\n\t\t\t\t\t<div class=\"swiper app-carousel-swiper\">\n\t\t\t\t\t\t<div class=\"swiper-wrapper text-dark\">\n\t\t\t\t\t\t\t\t\t\t\t\t\t\t\t<div class=\"swiper-slide\">\n\t\t\t\t\t\t\t\t\t<div class=\"swiper-slide-wrapper bg-cover\"\n\t\t\t\t\t\t\t\t\t\tstyle=\"background-image: url(https:\/\/getoze.com\/app\/uploads\/2024\/10\/Hometrx-1.png);\">\n\t\t\t\t\t\t\t\t\t<\/div>\n\t\t\t\t\t\t\t\t<\/div>\n\t\t\t\t\t\t\t\t\t\t\t\t\t\t\t<div class=\"swiper-slide\">\n\t\t\t\t\t\t\t\t\t<div class=\"swiper-slide-wrapper bg-cover\"\n\t\t\t\t\t\t\t\t\t\tstyle=\"background-image: url(https:\/\/getoze.com\/app\/uploads\/2024\/10\/Add-a-saletrx-2.png);\">\n\t\t\t\t\t\t\t\t\t<\/div>\n\t\t\t\t\t\t\t\t<\/div>\n\t\t\t\t\t\t\t\t\t\t\t\t\t\t\t<div class=\"swiper-slide\">\n\t\t\t\t\t\t\t\t\t<div class=\"swiper-slide-wrapper bg-cover\"\n\t\t\t\t\t\t\t\t\t\tstyle=\"background-image: url(https:\/\/getoze.com\/app\/uploads\/2024\/10\/Add-a-saletrx-1.png);\">\n\t\t\t\t\t\t\t\t\t<\/div>\n\t\t\t\t\t\t\t\t<\/div>\n\t\t\t\t\t\t\t\t\t\t\t\t\t\t\t<div class=\"swiper-slide\">\n\t\t\t\t\t\t\t\t\t<div class=\"swiper-slide-wrapper bg-cover\"\n\t\t\t\t\t\t\t\t\t\tstyle=\"background-image: url(https:\/\/getoze.com\/app\/uploads\/2024\/10\/Trx-pop.png);\">\n\t\t\t\t\t\t\t\t\t<\/div>\n\t\t\t\t\t\t\t\t<\/div>\n\t\t\t\t\t\t\t\t\t\t\t\t\t<\/div>\n\t\t\t\t\t\t<div class=\"swiper-button swiper-button-prev\">\n\t\t\t\t\t\t\t<span class=\"arrow\"><\/span>\n\t\t\t\t\t\t<\/div>\n\t\t\t\t\t\t<div class=\"swiper-button swiper-button-next\">\n\t\t\t\t\t\t\t<span class=\"arrow\"><\/span>\n\t\t\t\t\t\t<\/div>\n\t\t\t\t\t<\/div>\n\t\t\t\t\t<div class=\"swiper-pagination swiper-pagination-app-carousel\"><\/div>\n\n\t\t\t\t<\/div>\n\t\t\t\t<div class=\"order-3 flex w-full flex-col p-4 xl:w-1\/3\">\n\t\t\t\t\t<div class=\"flex flex-col items-center text-center\">\n\t\t\t\t\t\t<img decoding=\"async\" class=\"max-w-[150px]\" src=\"https:\/\/getoze.com\/app\/uploads\/2022\/06\/security.png\" alt=\"Registres s\u00fbrs et s\u00e9curis\u00e9s\">\n\t\t\t\t\t\t<h4 class=\"mt-9\">Registres s\u00fbrs et s\u00e9curis\u00e9s<\/h4>\n\t\t\t\t\t\t<p class=\"text-p1tight\">Vos donn\u00e9es sont sauvegard\u00e9es dans le cloud et s\u00e9curis\u00e9es \u00e0 tout moment.<\/p>\n\t\t\t\t\t<\/div>\n\t\t\t\t\t<div class=\"mt-20 flex flex-col items-center text-center\">\n\t\t\t\t\t\t<img decoding=\"async\" class=\"max-w-[150px]\" src=\"https:\/\/getoze.com\/app\/uploads\/2022\/06\/information.png\" alt=\"Sachez toujours qui vous doit de l&#039;argent\">\n\t\t\t\t\t\t<h4 class=\"mt-9\">Sachez toujours qui vous doit de l&#039;argent<\/h4>\n\t\t\t\t\t\t<p class=\"text-p1tight\">Consultez la liste des clients d\u00e9biteurs et envoyez des rappels de paiement automatis\u00e9s.<\/p>\n\t\t\t\t\t<\/div>\n\t\t\t\t<\/div>\n\t\t\t<\/div>\n\t\t<\/div>\n\t<\/div>\n<\/section>\n\n\n<section class=\"two-column-block my-28 mb-48 relative\"\n   style=\" color:#ffffff;  background-color: #161a5c;\" >\n\n\n\t<div class=\"container\">\n    <div class=\"wrapper items-center flex-col\">\n\n      \n      <div class=\"\n\t\t\tmd:min-h-[500px] lg:min-h-[600px]\n\t\t\tmy-4 left w-full lg:w-1\/2 justify-center flex min-h-[300px] lg:h-auto\n\t\t\t\">\n\t\t\t\t<div class=\"xl:mx-16 left-wrapper absolute w-full\"\n\t\t\t\t style=\"background: #161a5c;\" > \n\t\t\t\t\t\n\t\t\t\t\t\n\t\t\t\t\t\n\t\t\t\t\t\n\t\t\t\t\t\t\n\t\t\t\t\t\t\t<div class=\"t1 lg:-ml-44 lg:absolute lg:top-0 lg:left-0 lg:w-1\/2 lg:h-full w-full -ml-4 h-[300px] md:h-[500px] relative\">\n\t\t\t<div class=\"w-full h-full absolute z-20 rounded-r-75px lg:rounded-lg !bg-cover left-0\" style=\"background: url(https:\/\/getoze.com\/app\/uploads\/2024\/09\/friendly-positive-black-man-keeps-hands-chest-holds-pen-has-pleased-facial-expression-being-thankful-friend-helping-with-paper-work-scaled-e1727446472324.jpg);\" data-aos=\"fade-up\"><\/div>\n\t\t\t\t\t\t\t<div class=\"hidden lg:block\" data-aos data-aos-offset=\"50\">\n\t<div class=\"custom-animate animate-right-16 absolute right-[80%] -bottom-16 width-calc-4 h-full rounded-xl\" style=\"background-color: #ffce51\"><\/div>\n<\/div>\n<div class=\"lg:hidden -mt-8\">\n\t<div class=\"absolute right-0 bottom -1rem h-full w-full -bottom-8 left-4 rounded-r-75px\" style=\"background-color: #ffce51\"><\/div>\n<\/div>\t\t\t\t\t\t\t\t<\/div>\n\t\n\t\t\t\t\t\t\t\t\t\t\t\t\t\t\t<\/div>\n      <\/div>\n\n      \n      <div class=\"\n\t\t\t\t\tmin-h-[300px] my-4\n\t\t\t\t\t\n\t\t\t\t\t\n\t\t\t\t\tright w-full lg:w-1\/2 justify-center flex  lg:h-auto\n\t\t\t\t\">\n\t\t\t\t<div class=\"xl:mx-16 right-wrapper \n\t\t\t\t\"\n\t\t\t\t>\n        \n        \t\t\t\t\t<div class=\"wysiwyg\" data-aos=\"fade-up\">\n\t<h2>Fini les calculs manuels<\/h2>\n<p>Enregistrez vos prix dans l&#8217;application pour que nous fassions les calculs \u00e0 votre place. S\u00e9lectionnez simplement les produits ou services vendus et la quantit\u00e9 : nous vous dirons exactement combien encaisser. Nous vous indiquons \u00e9galement le volume de vos ventes et votre chiffre d&#8217;affaires quotidien !<\/p>\n\n\n\t\n\t\t\t<div class=\"buttons -m-4\">\n\t\t\t\t\t\t\t\t\t\t\t\t\t\t\t\t\t\t\t\t\t\t\t\t\t<a class=\"button custom-button filled m-4\" href=\"https:\/\/oze.app.link\/bookkeeping\" target=_blank>\n\tCommencer\n\t<\/a>\n\t\t\t\t\t\t\t\t\t\t\t\t\t\t\t\t\t\t\t\t<\/div>\n\t<\/div>        \n        \n        \n\t\t\t\t\t\t\t<\/div>\n      <\/div>\n    <\/div>\n<\/section>\n\n\n<section class=\"multi-column-block my-28\">\n  <div class=\"container\">\n\t\t<div class=\"\">\n\t\t\t\t\t\t\t<div class=\"content max-w-3xl mx-auto text-center\" data-aos=\"fade-up\">\n\t\t\t\t\t<h2>Mettez de l&#8217;ordre dans votre comptabilit\u00e9<\/h2>\n\n\t\t\t\t<\/div>\n\t\t\t\t\t\t\t\t\t\t\t\t\t\t<div class=\"flex flex-wrap -m-4 justify-center lg:justify-between !mt-8 items-start\">\n\t\t\t\t\t\t\t\t\t\t\t\t\t\t\t\t<div class=\"p-4 flex flex-col text-center justify-center items-center w-12\/12 lg:w-3\/12\" data-aos=\"fade-up\" data-aos-delay=\"0\">\n\t\t\t\t\t\t\t\t\t\t\t\t\t\t\t<img decoding=\"async\" src=\"https:\/\/getoze.com\/app\/uploads\/2022\/06\/sme-loans.svg\" alt=\"\" class=\"max-w-[180px] \">\n\t\t\t\t\t\t\t\t\t\t\t\t\t\t\t\t\t\t\t\t\t<div>\n\t\t\t\t\t\t\t\t\t\t\t\t\t\t\t\t\t<p class=\"mt-4 font-bold\">Enregistrez vos ventes et d\u00e9penses<\/p>\n\t\t\t\t\t\t\t\t\t\t\t\t\t\t\t\t\t\t\t\t\t\t\t\t\t<p class=\"mt-4\">Saisissez facilement les entr\u00e9es et sorties d&#039;argent de votre entreprise depuis votre t\u00e9l\u00e9phone.<\/p>\n\t\t\t\t\t\t\t\t\t\t\t\t\t\t\t<\/div>\n\t\t\t\t\t\t<\/div>\n\t\t\t\t\t\t\t\t\t\t\t\t\t\t\t\t\t<div class=\"p-4 flex flex-col text-center justify-center items-center w-12\/12 lg:w-3\/12\" data-aos=\"fade-up\" data-aos-delay=\"100\">\n\t\t\t\t\t\t\t\t\t\t\t\t\t\t\t<img decoding=\"async\" src=\"https:\/\/getoze.com\/app\/uploads\/2022\/05\/faqs.svg\" alt=\"\" class=\"max-w-[180px] \">\n\t\t\t\t\t\t\t\t\t\t\t\t\t\t\t\t\t\t\t\t\t<div>\n\t\t\t\t\t\t\t\t\t\t\t\t\t\t\t\t\t<p class=\"mt-4 font-bold\">Recherchez et filtrez vos transactions<\/p>\n\t\t\t\t\t\t\t\t\t\t\t\t\t\t\t\t\t\t\t\t\t\t\t\t\t<p class=\"mt-4\">Retrouvez la transaction que vous cherchez en quelques clics.<\/p>\n\t\t\t\t\t\t\t\t\t\t\t\t\t\t\t<\/div>\n\t\t\t\t\t\t<\/div>\n\t\t\t\t\t\t\t\t\t\t\t\t\t\t\t\t\t<div class=\"p-4 flex flex-col text-center justify-center items-center w-12\/12 lg:w-3\/12\" data-aos=\"fade-up\" data-aos-delay=\"200\">\n\t\t\t\t\t\t\t\t\t\t\t\t\t\t\t<img decoding=\"async\" src=\"https:\/\/getoze.com\/app\/uploads\/2022\/05\/blog.svg\" alt=\"\" class=\"max-w-[180px] \">\n\t\t\t\t\t\t\t\t\t\t\t\t\t\t\t\t\t\t\t\t\t<div>\n\t\t\t\t\t\t\t\t\t\t\t\t\t\t\t\t\t<p class=\"mt-4 font-bold\">Suivez les ventes impay\u00e9es<\/p>\n\t\t\t\t\t\t\t\t\t\t\t\t\t\t\t\t\t\t\t\t\t\t\t\t\t<p class=\"mt-4\">Surveillez qui vous doit de l&#039;argent et envoyez des rappels automatiques.<\/p>\n\t\t\t\t\t\t\t\t\t\t\t\t\t\t\t<\/div>\n\t\t\t\t\t\t<\/div>\n\t\t\t\t\t\t\t\t\t\t\t\t\t\t\t\t\t<div class=\"p-4 flex flex-col text-center justify-center items-center w-12\/12 lg:w-3\/12\" data-aos=\"fade-up\" data-aos-delay=\"300\">\n\t\t\t\t\t\t\t\t\t\t\t\t\t\t\t<img decoding=\"async\" src=\"https:\/\/getoze.com\/app\/uploads\/2022\/06\/Icon-11.svg\" alt=\"\" class=\"max-w-[180px] \">\n\t\t\t\t\t\t\t\t\t\t\t\t\t\t\t\t\t\t\t\t\t<div>\n\t\t\t\t\t\t\t\t\t\t\t\t\t\t\t\t\t<p class=\"mt-4 font-bold\">T\u00e9l\u00e9chargez vos donn\u00e9es<\/p>\n\t\t\t\t\t\t\t\t\t\t\t\t\t\t\t\t\t\t\t\t\t\t\t\t\t<p class=\"mt-4\">Sauvegardez vos donn\u00e9es dans un fichier Excel pour les partager avec votre comptable ou vos partenaires commerciaux.<\/p>\n\t\t\t\t\t\t\t\t\t\t\t\t\t\t\t<\/div>\n\t\t\t\t\t\t<\/div>\n\t\t\t\t\t\t\t\t\t\t\t\t\t\t\t<\/div>\n\t\t\t\t\t\t\t\t<\/div>\n  <\/div>\n<\/section>\n\n<section class=\"testimonials-block my-28\" data-aos=\"fade-up\">\n\t\t<div class=\"container\">\n\t\t\t<div class=\"swiper swiper-testimonials\">\n\t\t\t\t<div class=\"swiper-wrapper\">\n\t\t\t\t\t\t\t\t\t\t\t<div class=\"swiper-slide py-16 flex flex-col\">\n\t\t\t\t\t\t\t\t\t\t\t\t\t\t\t<div class=\"flex justify-center items-center mb-10\">\n\t\t\t\t\t\t\t\t\t\t\t\t\t\t\t\t\t\t\t<span class=\"w-8 not-last:mr-2\"><svg xmlns=\"http:\/\/www.w3.org\/2000\/svg\" viewBox=\"0 0 22.97 22\">\n\t<path fill=\"#1246EA\" d=\"M11.49,0,14.2,8.4H23l-7.1,5.2L18.58,22l-7.09-5.19L4.39,22,7.1,13.6,0,8.4H8.77Z\"\/>\n<\/svg><\/span>\n\t\t\t\t\t\t\t\t\t\t\t\t\t\t\t\t\t\t\t\t\t\t\t\t\t\t\t\t\t<span class=\"w-8 not-last:mr-2\"><svg xmlns=\"http:\/\/www.w3.org\/2000\/svg\" viewBox=\"0 0 22.97 22\">\n\t<path fill=\"#1246EA\" d=\"M11.49,0,14.2,8.4H23l-7.1,5.2L18.58,22l-7.09-5.19L4.39,22,7.1,13.6,0,8.4H8.77Z\"\/>\n<\/svg><\/span>\n\t\t\t\t\t\t\t\t\t\t\t\t\t\t\t\t\t\t\t\t\t\t\t\t\t\t\t\t\t<span class=\"w-8 not-last:mr-2\"><svg xmlns=\"http:\/\/www.w3.org\/2000\/svg\" viewBox=\"0 0 22.97 22\">\n\t<path fill=\"#1246EA\" d=\"M11.49,0,14.2,8.4H23l-7.1,5.2L18.58,22l-7.09-5.19L4.39,22,7.1,13.6,0,8.4H8.77Z\"\/>\n<\/svg><\/span>\n\t\t\t\t\t\t\t\t\t\t\t\t\t\t\t\t\t\t\t\t\t\t\t\t\t\t\t\t\t<span class=\"w-8 not-last:mr-2\"><svg xmlns=\"http:\/\/www.w3.org\/2000\/svg\" viewBox=\"0 0 22.97 22\">\n\t<path fill=\"#1246EA\" d=\"M11.49,0,14.2,8.4H23l-7.1,5.2L18.58,22l-7.09-5.19L4.39,22,7.1,13.6,0,8.4H8.77Z\"\/>\n<\/svg><\/span>\n\t\t\t\t\t\t\t\t\t\t\t\t\t\t\t\t\t\t\t\t\t\t\t\t\t\t\t\t\t<span class=\"w-8 not-last:mr-2\"><svg xmlns=\"http:\/\/www.w3.org\/2000\/svg\" viewBox=\"0 0 22.97 22\">\n\t<path fill=\"#1246EA\" d=\"M11.49,0,14.2,8.4H23l-7.1,5.2L18.58,22l-7.09-5.19L4.39,22,7.1,13.6,0,8.4H8.77Z\"\/>\n<\/svg><\/span>\n\t\t\t\t\t\t\t\t\t\t\t\t\t\t\t\t\t\t\t\t\t\t\t\t\t\t\t<\/div>\n\t\t\t\t\t\t\t\t\t\t\t\t\t\t<div class=\"max-w-2xl mx-auto text-center\">\n\t\t\t\t\t\t\t\t\t\t\t\t\t\t\t\t\t<p class=\"text-pintro !mb-10\">&quot;My experience so far has been great! Transactions are so easy and fast to upload and I&#039;ve scraped usage of paper balance sheet. I can tell how my business is doing, issue customers receipts and even apply for a loan if need be! I&#039;d recommend for every business owner.&quot;<\/p>\n\t\t\t\t\t\t\t\t\t\t\t\t\t\t\t\t\t\t\t\t\t\t\t\t\t<div class=\"flex items-center justify-center\">\n\t\t\t\t\t\t\t\t\t\t\t\t\t\t\t\t\t\t\t\t<p class=\"text-p2bold\">\n\t\t\t\t\t\t\t\t\t\t\t<span class=\"font-bold\">~ Iseoluwa Adeniyi<\/span>\n\t\t\t\t\t\t\t\t\t\t\t\t\t\t\t\t\t\t\t\t\t<\/p>\n\t\t\t\t\t\t\t\t\t<\/div>\n\t\t\t\t\t\t\t\t\n\t\t\t\t\t\t\t<\/div>\n\t\t\t\t\t\t<\/div>\n\t\t\t\t\t\t\t\t\t<\/div>\n\t\t\t<\/div>\n\t\t<\/div>\n\t<\/section>\n\n\n<section class=\"cta-with-columns-block my-48\" data-aos=\"fade-up\">\n\t<div class=\"relative mx-auto max-w-5xl\">\n\t\t<img decoding=\"async\" class=\"absolute -top-[10%] -left-[5%] w-1\/2 lg:top-[-17%] lg:left-[-13%] lg:w-auto\" src=\"https:\/\/getoze.com\/app\/themes\/oze\/public\/images\/icons\/pie.132516.svg\"\n\t\t\talt=\"pie\">\n\t\t<img decoding=\"async\" class=\"absolute top-[-6%] right-[5%] w-1\/4 lg:top-[-17%] lg:right-[40%] lg:w-auto\" src=\"https:\/\/getoze.com\/app\/themes\/oze\/public\/images\/icons\/coin.42dc86.svg\"\n\t\t\talt=\"coin\">\n\t\t<img decoding=\"async\" class=\"absolute top-1\/2 -right-[20%] w-1\/2 lg:top-[25%] lg:w-auto\" src=\"https:\/\/getoze.com\/app\/themes\/oze\/public\/images\/icons\/phone.93e14d.svg\" alt=\"phone\">\n\t\t<img decoding=\"async\" class=\"absolute -left-[17%] top-[40%] w-1\/2 lg:w-auto\" src=\"https:\/\/getoze.com\/app\/themes\/oze\/public\/images\/icons\/graph.21f161.svg\" alt=\"graph\">\n\t\t<div\n\t\t\tclass=\"relative m-6 flex flex-wrap justify-between rounded-40px bg-white bg-opacity-95 shadow-2 lg:m-0 lg:flex-nowrap\">\n\t\t\t<div\n\t\t\t\tclass=\"flex h-full w-full max-w-xl flex-col flex-wrap justify-between p-10 text-black lg:w-2\/3 lg:px-16 lg:py-32\">\n\t\t\t\t<div>\n\t\t\t\t\t\t\t\t\t\t\t<h2>D\u00e9couvrez ce qu&#039;Oze peut faire pour votre entreprise.<\/h2>\n\t\t\t\t\t\t\t\t\t\t\t\t\t\t\t\t<div class=\"max-w-xs\">\n\t\t\t\t\t\t\t<p>Qu&#039;attendez-vous ?<\/p>\n\t\t\t\t\t\t<\/div>\n\t\t\t\t\t\t\t\t\t<\/div>\n\t\t\t\t\t\t\t\t\t\t\t\t\t\t<div class=\"mt-8 flex\">\n\t\t\t\t\t\t<a class=\"button custom-button filled\" href=\"https:\/\/oze.app.link\/bookkeeping\" target=_blank>\n\tCr\u00e9er un compte gratuit\n\t<\/a>\n\t\t\t\t\t<\/div>\n\t\t\t\t\t\t\t\t\t\t\t\t<\/div>\n\t\t\t<div\n\t\t\t\tclass=\"lg:w-content flex w-full flex-col rounded-b-40px bg-navy text-white lg:rounded-bl-lg lg:rounded-br-40px lg:rounded-tr-40px\">\n\t\t\t\t<div class=\"flex h-full flex-col flex-wrap justify-between p-10 text-white lg:max-w-xl lg:px-16 lg:py-32\">\n\t\t\t\t\t<div>\n\t\t\t\t\t\t\t\t\t\t\t\t\t<h3>Ou contactez-nous pour en savoir plus<\/h3>\n\t\t\t\t\t\t\t\t\t\t\t\t\t\t\t\t\t\t\t<div class=\"max-w-xs\">\n\t\t\t\t\t\t\t\t<p>Vous souhaitez collaborer avec nous ? Discutons-en.<\/p>\n\t\t\t\t\t\t\t<\/div>\n\t\t\t\t\t\t\t\t\t\t\t<\/div>\n\t\t\t\t\t\t\t\t\t\t\t\t\t\t\t\t\t<div class=\"mt-8 flex\">\n\t\t\t\t\t\t\t<a class=\"button custom-button filled\" href=\"https:\/\/getoze.com\/fr\/contactez-nous\/\" target=_blank>\n\tContactez-nous\n\t<\/a>\n\t\t\t\t\t\t<\/div>\n\t\t\t\t\t\t\t\t\t\t\t\t\t\t\t<\/div>\n\t\t\t<\/div>\n\t\t<\/div>\n\t<\/div>\n<\/section>\n","protected":false},"excerpt":{"rendered":"","protected":false},"author":2,"featured_media":0,"parent":4767,"menu_order":0,"comment_status":"closed","ping_status":"closed","template":"","meta":{"_acf_changed":false,"content-type":"","footnotes":""},"class_list":["post-20555","page","type-page","status-publish","hentry"],"acf":[],"yoast_head":"<!-- This site is optimized with the Yoast SEO Premium plugin v18.4 (Yoast SEO v26.9) - https:\/\/yoast.com\/product\/yoast-seo-premium-wordpress\/ -->\n<title>Comptabilit\u00e9 - Oze<\/title>\n<meta name=\"description\" content=\"Suivez vos ventes et d\u00e9penses, envoyez des factures et g\u00e9rez votre activit\u00e9 depuis votre smartphone.\" \/>\n<meta name=\"robots\" content=\"index, follow, max-snippet:-1, max-image-preview:large, max-video-preview:-1\" \/>\n<link rel=\"canonical\" href=\"https:\/\/getoze.com\/fr\/app-business\/comptabilite\/\" \/>\n<meta property=\"og:locale\" content=\"fr_FR\" \/>\n<meta property=\"og:type\" content=\"article\" \/>\n<meta property=\"og:title\" content=\"Comptabilit\u00e9\" \/>\n<meta property=\"og:description\" content=\"Suivez vos ventes et d\u00e9penses, envoyez des factures et g\u00e9rez votre activit\u00e9 depuis votre smartphone.\" \/>\n<meta property=\"og:url\" content=\"https:\/\/getoze.com\/fr\/app-business\/comptabilite\/\" \/>\n<meta property=\"og:site_name\" content=\"Oze\" \/>\n<meta property=\"article:publisher\" content=\"https:\/\/www.facebook.com\/ozeapp\/\" \/>\n<meta property=\"article:modified_time\" content=\"2026-03-25T12:42:36+00:00\" \/>\n<meta name=\"twitter:card\" content=\"summary_large_image\" \/>\n<meta name=\"twitter:site\" content=\"@oze\" \/>\n<script type=\"application\/ld+json\" class=\"yoast-schema-graph\">{\"@context\":\"https:\/\/schema.org\",\"@graph\":[{\"@type\":\"WebPage\",\"@id\":\"https:\/\/getoze.com\/fr\/app-business\/comptabilite\/\",\"url\":\"https:\/\/getoze.com\/fr\/app-business\/comptabilite\/\",\"name\":\"Comptabilit\u00e9 - Oze\",\"isPartOf\":{\"@id\":\"https:\/\/getoze.com\/fr\/#website\"},\"datePublished\":\"2024-10-04T17:15:12+00:00\",\"dateModified\":\"2026-03-25T12:42:36+00:00\",\"description\":\"Suivez vos ventes et d\u00e9penses, envoyez des factures et g\u00e9rez votre activit\u00e9 depuis votre smartphone.\",\"breadcrumb\":{\"@id\":\"https:\/\/getoze.com\/fr\/app-business\/comptabilite\/#breadcrumb\"},\"inLanguage\":\"fr-FR\",\"potentialAction\":[{\"@type\":\"ReadAction\",\"target\":[\"https:\/\/getoze.com\/fr\/app-business\/comptabilite\/\"]}]},{\"@type\":\"BreadcrumbList\",\"@id\":\"https:\/\/getoze.com\/fr\/app-business\/comptabilite\/#breadcrumb\",\"itemListElement\":[{\"@type\":\"ListItem\",\"position\":1,\"name\":\"Home\",\"item\":\"https:\/\/getoze.com\/fr\/\"},{\"@type\":\"ListItem\",\"position\":2,\"name\":\"App Business\",\"item\":\"https:\/\/getoze.com\/fr\/app-business\/\"},{\"@type\":\"ListItem\",\"position\":3,\"name\":\"Comptabilit\u00e9\"}]},{\"@type\":\"WebSite\",\"@id\":\"https:\/\/getoze.com\/fr\/#website\",\"url\":\"https:\/\/getoze.com\/fr\/\",\"name\":\"Oze\",\"description\":\"Unlock your business success\",\"publisher\":{\"@id\":\"https:\/\/getoze.com\/fr\/#organization\"},\"potentialAction\":[{\"@type\":\"SearchAction\",\"target\":{\"@type\":\"EntryPoint\",\"urlTemplate\":\"https:\/\/getoze.com\/fr\/?s={search_term_string}\"},\"query-input\":{\"@type\":\"PropertyValueSpecification\",\"valueRequired\":true,\"valueName\":\"search_term_string\"}}],\"inLanguage\":\"fr-FR\"},{\"@type\":\"Organization\",\"@id\":\"https:\/\/getoze.com\/fr\/#organization\",\"name\":\"Oze\",\"url\":\"https:\/\/getoze.com\/fr\/\",\"logo\":{\"@type\":\"ImageObject\",\"inLanguage\":\"fr-FR\",\"@id\":\"https:\/\/getoze.com\/fr\/#\/schema\/logo\/image\/\",\"url\":\"https:\/\/getoze.com\/app\/uploads\/2022\/06\/oze_logo-1.svg\",\"contentUrl\":\"https:\/\/getoze.com\/app\/uploads\/2022\/06\/oze_logo-1.svg\",\"width\":1,\"height\":1,\"caption\":\"Oze\"},\"image\":{\"@id\":\"https:\/\/getoze.com\/fr\/#\/schema\/logo\/image\/\"},\"sameAs\":[\"https:\/\/www.facebook.com\/ozeapp\/\",\"https:\/\/x.com\/oze\",\"https:\/\/www.linkedin.com\/company\/ozeapp\/\"]}]}<\/script>\n<!-- \/ Yoast SEO Premium plugin. -->","yoast_head_json":{"title":"Comptabilit\u00e9 - Oze","description":"Suivez vos ventes et d\u00e9penses, envoyez des factures et g\u00e9rez votre activit\u00e9 depuis votre smartphone.","robots":{"index":"index","follow":"follow","max-snippet":"max-snippet:-1","max-image-preview":"max-image-preview:large","max-video-preview":"max-video-preview:-1"},"canonical":"https:\/\/getoze.com\/fr\/app-business\/comptabilite\/","og_locale":"fr_FR","og_type":"article","og_title":"Comptabilit\u00e9","og_description":"Suivez vos ventes et d\u00e9penses, envoyez des factures et g\u00e9rez votre activit\u00e9 depuis votre smartphone.","og_url":"https:\/\/getoze.com\/fr\/app-business\/comptabilite\/","og_site_name":"Oze","article_publisher":"https:\/\/www.facebook.com\/ozeapp\/","article_modified_time":"2026-03-25T12:42:36+00:00","twitter_card":"summary_large_image","twitter_site":"@oze","schema":{"@context":"https:\/\/schema.org","@graph":[{"@type":"WebPage","@id":"https:\/\/getoze.com\/fr\/app-business\/comptabilite\/","url":"https:\/\/getoze.com\/fr\/app-business\/comptabilite\/","name":"Comptabilit\u00e9 - Oze","isPartOf":{"@id":"https:\/\/getoze.com\/fr\/#website"},"datePublished":"2024-10-04T17:15:12+00:00","dateModified":"2026-03-25T12:42:36+00:00","description":"Suivez vos ventes et d\u00e9penses, envoyez des factures et g\u00e9rez votre activit\u00e9 depuis votre smartphone.","breadcrumb":{"@id":"https:\/\/getoze.com\/fr\/app-business\/comptabilite\/#breadcrumb"},"inLanguage":"fr-FR","potentialAction":[{"@type":"ReadAction","target":["https:\/\/getoze.com\/fr\/app-business\/comptabilite\/"]}]},{"@type":"BreadcrumbList","@id":"https:\/\/getoze.com\/fr\/app-business\/comptabilite\/#breadcrumb","itemListElement":[{"@type":"ListItem","position":1,"name":"Home","item":"https:\/\/getoze.com\/fr\/"},{"@type":"ListItem","position":2,"name":"App Business","item":"https:\/\/getoze.com\/fr\/app-business\/"},{"@type":"ListItem","position":3,"name":"Comptabilit\u00e9"}]},{"@type":"WebSite","@id":"https:\/\/getoze.com\/fr\/#website","url":"https:\/\/getoze.com\/fr\/","name":"Oze","description":"Unlock your business success","publisher":{"@id":"https:\/\/getoze.com\/fr\/#organization"},"potentialAction":[{"@type":"SearchAction","target":{"@type":"EntryPoint","urlTemplate":"https:\/\/getoze.com\/fr\/?s={search_term_string}"},"query-input":{"@type":"PropertyValueSpecification","valueRequired":true,"valueName":"search_term_string"}}],"inLanguage":"fr-FR"},{"@type":"Organization","@id":"https:\/\/getoze.com\/fr\/#organization","name":"Oze","url":"https:\/\/getoze.com\/fr\/","logo":{"@type":"ImageObject","inLanguage":"fr-FR","@id":"https:\/\/getoze.com\/fr\/#\/schema\/logo\/image\/","url":"https:\/\/getoze.com\/app\/uploads\/2022\/06\/oze_logo-1.svg","contentUrl":"https:\/\/getoze.com\/app\/uploads\/2022\/06\/oze_logo-1.svg","width":1,"height":1,"caption":"Oze"},"image":{"@id":"https:\/\/getoze.com\/fr\/#\/schema\/logo\/image\/"},"sameAs":["https:\/\/www.facebook.com\/ozeapp\/","https:\/\/x.com\/oze","https:\/\/www.linkedin.com\/company\/ozeapp\/"]}]}},"_links":{"self":[{"href":"https:\/\/getoze.com\/fr\/wp-json\/wp\/v2\/pages\/20555","targetHints":{"allow":["GET"]}}],"collection":[{"href":"https:\/\/getoze.com\/fr\/wp-json\/wp\/v2\/pages"}],"about":[{"href":"https:\/\/getoze.com\/fr\/wp-json\/wp\/v2\/types\/page"}],"author":[{"embeddable":true,"href":"https:\/\/getoze.com\/fr\/wp-json\/wp\/v2\/users\/2"}],"replies":[{"embeddable":true,"href":"https:\/\/getoze.com\/fr\/wp-json\/wp\/v2\/comments?post=20555"}],"version-history":[{"count":9,"href":"https:\/\/getoze.com\/fr\/wp-json\/wp\/v2\/pages\/20555\/revisions"}],"predecessor-version":[{"id":31071,"href":"https:\/\/getoze.com\/fr\/wp-json\/wp\/v2\/pages\/20555\/revisions\/31071"}],"up":[{"embeddable":true,"href":"https:\/\/getoze.com\/fr\/wp-json\/wp\/v2\/pages\/4767"}],"wp:attachment":[{"href":"https:\/\/getoze.com\/fr\/wp-json\/wp\/v2\/media?parent=20555"}],"curies":[{"name":"wp","href":"https:\/\/api.w.org\/{rel}","templated":true}]}}