{"id":20647,"date":"2024-06-13T09:14:22","date_gmt":"2024-06-13T09:14:22","guid":{"rendered":"https:\/\/getoze.com\/ecole-de-business\/"},"modified":"2024-06-13T09:14:22","modified_gmt":"2024-06-13T09:14:22","slug":"ecole-de-business","status":"publish","type":"page","link":"https:\/\/getoze.com\/fr\/ecole-de-business\/","title":{"rendered":"\u00c9cole de Business"},"content":{"rendered":"<section class=\"hero-block my-28\" data-aos=\"fade-up\">\n\t<div class=\"container\">\n\t\t<div class=\"content mx-auto max-w-xl text-center text-black\">\n\t\t\t\t\t\t\t<h1>Oze Business School<\/h1>\n\t\t\t\t\t\t\t\t\t\t<p class=\"text-p2\">Learn everything you need to know about how to manage and grow your business. <\/p>\n\t\t\t\t\t<\/div>\n\t<\/div>\n<\/section>\n\n<section class=\"business-school-block mt-20\">\n\t<div class=\"bg-white z-30 sticky top-0 h-full py-4\">\n\t\t<div class=\"container\">\n\t\t\t<div class=\"flex flex-col xl:flex-row items-center justify-center xl:justify-between flex-wrap max-w-6xl mx-auto\">\n\t\t\t\t\t<h4 class=\"g-filters-text\">\n\t\t\t\t\t\t\n\t\t\t\t\t<\/h4>\n\t\t\t\t<div>\n\t\t\t\t\t<div class=\"flex -m-4 flex-wrap justify-center\">\n\t\t\t\t\t\t<div class=\"hidden current-page\" data-value=\"1\" data-max=\"0\"><\/div>\n\t\t\t\t\t\t<div class=\"custom-select custom-select-business-school filter-by-category m-2 lg:m-4\">\n\t\t\t\t\t\t\t<span data-value=\"All\" class=\"custom-select-trigger button outlined\">\n\t\t\t\t\t\t\t\t<span class=\"selected mr-4 lg:mr-16 text-black\">Category<\/span>\n\t\t\t\t\t\t\t\t<svg width=\"13\" height=\"8\" viewBox=\"0 0 13 8\" fill=\"none\" xmlns=\"http:\/\/www.w3.org\/2000\/svg\" class=\"pointer-events-none\">\n\t<path d=\"M1.37225 1L6.37225 6L11.3723 1\" stroke=\"#1246EA\" stroke-width=\"2\"><\/path>\n<\/svg>\t\t\t\t\t\t\t<\/span>\n\t\t\t\t\t\t\t<ul>\n\t\t\t\t\t\t\t\t<li data-value=\"\">All<\/li>\n\t\t\t\t\t\t\t\t\t\t\t\t\t\t\t\t\t<li data-value=\"185\">Finance<\/li>\n\t\t\t\t\t\t\t\t\t\t\t\t\t\t\t\t\t<li data-value=\"186\">Leadership and management<\/li>\n\t\t\t\t\t\t\t\t\t\t\t\t\t\t\t\t\t<li data-value=\"184\">Marketing<\/li>\n\t\t\t\t\t\t\t\t\t\t\t\t\t\t\t<\/ul>\n\t\t\t\t\t\t<\/div>\n\t\t\t\t\t\t<div class=\"custom-select custom-select-business-school filter-by-duration m-2 lg:m-4\">\n\t\t\t\t\t\t\t<span data-value=\"All\" class=\"custom-select-trigger button outlined\">\n\t\t\t\t\t\t\t\t<span class=\"selected mr-4 lg:mr-16 text-black\">Duration<\/span>\n\t\t\t\t\t\t\t\t<svg width=\"13\" height=\"8\" viewBox=\"0 0 13 8\" fill=\"none\" xmlns=\"http:\/\/www.w3.org\/2000\/svg\" class=\"pointer-events-none\">\n\t<path d=\"M1.37225 1L6.37225 6L11.3723 1\" stroke=\"#1246EA\" stroke-width=\"2\"><\/path>\n<\/svg>\t\t\t\t\t\t\t<\/span>\n\t\t\t\t\t\t\t<ul>\n\t\t\t\t\t\t\t\t<li data-value=\"\">All<\/li>\n\t\t\t\t\t\t\t\t\t\t\t\t\t\t\t\t\t<li data-value=\"189\">1 &#8211; 2 hours<\/li>\n\t\t\t\t\t\t\t\t\t\t\t\t\t\t\t\t\t<li data-value=\"188\">30 min &#8211; 1 hour<\/li>\n\t\t\t\t\t\t\t\t\t\t\t\t\t\t\t\t\t<li data-value=\"187\">30 min or less<\/li>\n\t\t\t\t\t\t\t\t\t\t\t\t\t\t\t<\/ul>\n\t\t\t\t\t\t<\/div>\n\t\t\t\t\t<\/div>\n\t\t\t\t<\/div>\n\t\t\t<\/div>\n\t\t<\/div>\n\t<\/div>\n\n\n\t\n\t<div class=\"bg-white rounded-t-40px lg:rounded-t-xl pb-16 mt-8 pt-16\">\n\t\t<div class=\"container\">\n\t\t\t\t\t\t<div class=\"-m-4 mt-7 flex flex-wrap data-filtered\" data-aos=\"fade-up\">\n\t\t\t\t\t\t\t\t\t<h3 class=\"text-center\">No posts found.<\/h3>\n\t\t\t\t\t\t\t<\/div>\n\t\t\t\t\t<\/div>\n\t<\/div>\n<\/section>\n\n\n\n<p\/>\n","protected":false},"excerpt":{"rendered":"","protected":false},"author":1,"featured_media":0,"parent":0,"menu_order":0,"comment_status":"closed","ping_status":"closed","template":"","meta":{"_acf_changed":false,"content-type":"","footnotes":""},"class_list":["post-20647","page","type-page","status-publish","hentry"],"acf":[],"yoast_head":"<!-- This site is optimized with the Yoast SEO Premium plugin v18.4 (Yoast SEO v26.9) - https:\/\/yoast.com\/product\/yoast-seo-premium-wordpress\/ -->\n<title>\u00c9cole de Business - Oze<\/title>\n<meta name=\"description\" content=\"Apprenez tout ce que vous devez savoir sur la gestion et le d\u00e9veloppement de votre entreprise \u00e0 l&#039;\u00e9cole de commerce Oze.\" \/>\n<meta name=\"robots\" content=\"index, follow, max-snippet:-1, max-image-preview:large, max-video-preview:-1\" \/>\n<link rel=\"canonical\" href=\"https:\/\/getoze.com\/fr\/ecole-de-business\/\" \/>\n<meta property=\"og:locale\" content=\"fr_FR\" \/>\n<meta property=\"og:type\" content=\"article\" \/>\n<meta property=\"og:title\" content=\"\u00c9cole de Business\" \/>\n<meta property=\"og:description\" content=\"Apprenez tout ce que vous devez savoir sur la gestion et le d\u00e9veloppement de votre entreprise \u00e0 l&#039;\u00e9cole de commerce Oze.\" \/>\n<meta property=\"og:url\" content=\"https:\/\/getoze.com\/fr\/ecole-de-business\/\" \/>\n<meta property=\"og:site_name\" content=\"Oze\" \/>\n<meta property=\"article:publisher\" content=\"https:\/\/www.facebook.com\/ozeapp\/\" \/>\n<meta name=\"twitter:card\" content=\"summary_large_image\" \/>\n<meta name=\"twitter:site\" content=\"@oze\" \/>\n<script type=\"application\/ld+json\" class=\"yoast-schema-graph\">{\"@context\":\"https:\/\/schema.org\",\"@graph\":[{\"@type\":\"WebPage\",\"@id\":\"https:\/\/getoze.com\/fr\/ecole-de-business\/\",\"url\":\"https:\/\/getoze.com\/fr\/ecole-de-business\/\",\"name\":\"\u00c9cole de Business - Oze\",\"isPartOf\":{\"@id\":\"https:\/\/getoze.com\/fr\/#website\"},\"datePublished\":\"2024-06-13T09:14:22+00:00\",\"description\":\"Apprenez tout ce que vous devez savoir sur la gestion et le d\u00e9veloppement de votre entreprise \u00e0 l'\u00e9cole de commerce Oze.\",\"breadcrumb\":{\"@id\":\"https:\/\/getoze.com\/fr\/ecole-de-business\/#breadcrumb\"},\"inLanguage\":\"fr-FR\",\"potentialAction\":[{\"@type\":\"ReadAction\",\"target\":[\"https:\/\/getoze.com\/fr\/ecole-de-business\/\"]}]},{\"@type\":\"BreadcrumbList\",\"@id\":\"https:\/\/getoze.com\/fr\/ecole-de-business\/#breadcrumb\",\"itemListElement\":[{\"@type\":\"ListItem\",\"position\":1,\"name\":\"Home\",\"item\":\"https:\/\/getoze.com\/fr\/\"},{\"@type\":\"ListItem\",\"position\":2,\"name\":\"\u00c9cole de Business\"}]},{\"@type\":\"WebSite\",\"@id\":\"https:\/\/getoze.com\/fr\/#website\",\"url\":\"https:\/\/getoze.com\/fr\/\",\"name\":\"Oze\",\"description\":\"Unlock your business success\",\"publisher\":{\"@id\":\"https:\/\/getoze.com\/fr\/#organization\"},\"potentialAction\":[{\"@type\":\"SearchAction\",\"target\":{\"@type\":\"EntryPoint\",\"urlTemplate\":\"https:\/\/getoze.com\/fr\/?s={search_term_string}\"},\"query-input\":{\"@type\":\"PropertyValueSpecification\",\"valueRequired\":true,\"valueName\":\"search_term_string\"}}],\"inLanguage\":\"fr-FR\"},{\"@type\":\"Organization\",\"@id\":\"https:\/\/getoze.com\/fr\/#organization\",\"name\":\"Oze\",\"url\":\"https:\/\/getoze.com\/fr\/\",\"logo\":{\"@type\":\"ImageObject\",\"inLanguage\":\"fr-FR\",\"@id\":\"https:\/\/getoze.com\/fr\/#\/schema\/logo\/image\/\",\"url\":\"https:\/\/getoze.com\/app\/uploads\/2022\/06\/oze_logo-1.svg\",\"contentUrl\":\"https:\/\/getoze.com\/app\/uploads\/2022\/06\/oze_logo-1.svg\",\"width\":1,\"height\":1,\"caption\":\"Oze\"},\"image\":{\"@id\":\"https:\/\/getoze.com\/fr\/#\/schema\/logo\/image\/\"},\"sameAs\":[\"https:\/\/www.facebook.com\/ozeapp\/\",\"https:\/\/x.com\/oze\",\"https:\/\/www.linkedin.com\/company\/ozeapp\/\"]}]}<\/script>\n<!-- \/ Yoast SEO Premium plugin. -->","yoast_head_json":{"title":"\u00c9cole de Business - Oze","description":"Apprenez tout ce que vous devez savoir sur la gestion et le d\u00e9veloppement de votre entreprise \u00e0 l'\u00e9cole de commerce Oze.","robots":{"index":"index","follow":"follow","max-snippet":"max-snippet:-1","max-image-preview":"max-image-preview:large","max-video-preview":"max-video-preview:-1"},"canonical":"https:\/\/getoze.com\/fr\/ecole-de-business\/","og_locale":"fr_FR","og_type":"article","og_title":"\u00c9cole de Business","og_description":"Apprenez tout ce que vous devez savoir sur la gestion et le d\u00e9veloppement de votre entreprise \u00e0 l'\u00e9cole de commerce Oze.","og_url":"https:\/\/getoze.com\/fr\/ecole-de-business\/","og_site_name":"Oze","article_publisher":"https:\/\/www.facebook.com\/ozeapp\/","twitter_card":"summary_large_image","twitter_site":"@oze","schema":{"@context":"https:\/\/schema.org","@graph":[{"@type":"WebPage","@id":"https:\/\/getoze.com\/fr\/ecole-de-business\/","url":"https:\/\/getoze.com\/fr\/ecole-de-business\/","name":"\u00c9cole de Business - Oze","isPartOf":{"@id":"https:\/\/getoze.com\/fr\/#website"},"datePublished":"2024-06-13T09:14:22+00:00","description":"Apprenez tout ce que vous devez savoir sur la gestion et le d\u00e9veloppement de votre entreprise \u00e0 l'\u00e9cole de commerce Oze.","breadcrumb":{"@id":"https:\/\/getoze.com\/fr\/ecole-de-business\/#breadcrumb"},"inLanguage":"fr-FR","potentialAction":[{"@type":"ReadAction","target":["https:\/\/getoze.com\/fr\/ecole-de-business\/"]}]},{"@type":"BreadcrumbList","@id":"https:\/\/getoze.com\/fr\/ecole-de-business\/#breadcrumb","itemListElement":[{"@type":"ListItem","position":1,"name":"Home","item":"https:\/\/getoze.com\/fr\/"},{"@type":"ListItem","position":2,"name":"\u00c9cole de Business"}]},{"@type":"WebSite","@id":"https:\/\/getoze.com\/fr\/#website","url":"https:\/\/getoze.com\/fr\/","name":"Oze","description":"Unlock your business success","publisher":{"@id":"https:\/\/getoze.com\/fr\/#organization"},"potentialAction":[{"@type":"SearchAction","target":{"@type":"EntryPoint","urlTemplate":"https:\/\/getoze.com\/fr\/?s={search_term_string}"},"query-input":{"@type":"PropertyValueSpecification","valueRequired":true,"valueName":"search_term_string"}}],"inLanguage":"fr-FR"},{"@type":"Organization","@id":"https:\/\/getoze.com\/fr\/#organization","name":"Oze","url":"https:\/\/getoze.com\/fr\/","logo":{"@type":"ImageObject","inLanguage":"fr-FR","@id":"https:\/\/getoze.com\/fr\/#\/schema\/logo\/image\/","url":"https:\/\/getoze.com\/app\/uploads\/2022\/06\/oze_logo-1.svg","contentUrl":"https:\/\/getoze.com\/app\/uploads\/2022\/06\/oze_logo-1.svg","width":1,"height":1,"caption":"Oze"},"image":{"@id":"https:\/\/getoze.com\/fr\/#\/schema\/logo\/image\/"},"sameAs":["https:\/\/www.facebook.com\/ozeapp\/","https:\/\/x.com\/oze","https:\/\/www.linkedin.com\/company\/ozeapp\/"]}]}},"_links":{"self":[{"href":"https:\/\/getoze.com\/fr\/wp-json\/wp\/v2\/pages\/20647","targetHints":{"allow":["GET"]}}],"collection":[{"href":"https:\/\/getoze.com\/fr\/wp-json\/wp\/v2\/pages"}],"about":[{"href":"https:\/\/getoze.com\/fr\/wp-json\/wp\/v2\/types\/page"}],"author":[{"embeddable":true,"href":"https:\/\/getoze.com\/fr\/wp-json\/wp\/v2\/users\/1"}],"replies":[{"embeddable":true,"href":"https:\/\/getoze.com\/fr\/wp-json\/wp\/v2\/comments?post=20647"}],"version-history":[{"count":0,"href":"https:\/\/getoze.com\/fr\/wp-json\/wp\/v2\/pages\/20647\/revisions"}],"wp:attachment":[{"href":"https:\/\/getoze.com\/fr\/wp-json\/wp\/v2\/media?parent=20647"}],"curies":[{"name":"wp","href":"https:\/\/api.w.org\/{rel}","templated":true}]}}