{"id":31054,"date":"2024-10-04T14:23:28","date_gmt":"2024-10-04T14:23:28","guid":{"rendered":"https:\/\/getoze.com\/app-business\/analytics\/"},"modified":"2026-03-25T12:53:53","modified_gmt":"2026-03-25T12:53:53","slug":"analyses","status":"publish","type":"page","link":"https:\/\/getoze.com\/fr\/app-business\/analyses\/","title":{"rendered":"Analyses"},"content":{"rendered":"<section class=\"two-column-block mb-28  relative\"\n  >\n\n\n\t<div class=\"container\">\n    <div class=\"wrapper items-center flex-col\">\n\n      \n      <div class=\"\n\t\t\t\n\t\t\tmy-4 left w-full lg:w-1\/2 justify-center flex min-h-[300px] lg:h-auto\n\t\t\t\">\n\t\t\t\t<div class=\"xl:mx-16 left-wrapper \"\n\t\t\t\t> \n\t\t\t\t\t\n\t\t\t\t\t\n\t\t\t\t\t\t<div class=\"wysiwyg \" data-aos=\"fade-up\">\n\t<h1>Comprenez l&#8217;\u00e9volution de votre entreprise<\/h1>\n<p data-path-to-node=\"6\">Sachez toujours exactement comment se porte votre activit\u00e9. Visualisez un tableau de bord de graphiques et d&#8217;indicateurs, et analysez les tendances de vos ventes et de vos d\u00e9penses depuis votre t\u00e9l\u00e9phone.<\/p>\n\n\n\t\n\t\t\t<div class=\"buttons -m-2 lg:-m-4\">\n\t\t\t\t\t\t\t\t\t\t\t\t\t\t\t\t\t\t\t\t\t\t\t\t\t\t\t\t\t\t\t\t<a class=\"button custom-button filled m-2 lg:m-4 \" href=\"https:\/\/oze.app.link\/web-analytics\" target=_blank>\n\tCr\u00e9er un compte gratuit\n\t<\/a>\n\t\t\t\t\t\t\t\t\t\t\t\t\t\t\t\t\t\t\t\t<\/div>\n\t<\/div>\n\t\t\t\t\t\n\t\t\t\t\t\n\t\t\t\t\t\t\t\t\t<\/div>\n      <\/div>\n\n      \n      <div class=\"\n\t\t\t\t\tmin-h-[300px] my-4\n\t\t\t\t\tmd:min-h-[500px] lg:min-h-[600px]\n\t\t\t\t\tmt-24\n\t\t\t\t\tright w-full lg:w-1\/2 justify-center flex  lg:h-auto\n\t\t\t\t\">\n\t\t\t\t<div class=\"xl:mx-16 right-wrapper absolute w-full\n\t\t\t\t\"\n\t\t\t\t>\n        \n        \n        \n                  \t\t\t\t\t\t<div\n\t\tclass=\"t1 relative ml-4 h-[300px] w-full md:h-[500px] lg:absolute lg:right-0 lg:top-0 lg:-mr-44 lg:h-full lg:w-1\/2\">\n\t\t\t\t<div\n\t\t\tclass=\"image-animation-container relative right-0 z-20 h-full w-full rounded-l-75px !bg-cover lg:absolute lg:rounded-lg\"\n\t\t\tdata-aos=\"fade-up\" style=\"background: url(https:\/\/getoze.com\/app\/uploads\/2024\/10\/IMG_5948-e1728051570462.jpg);\"><\/div>\n\t\t\t\t\t\t\t\t\t<\/div>\n                  \n\t\t\t\t\t\t\t<\/div>\n      <\/div>\n    <\/div>\n<\/section>\n\n\n<section class=\"app-carousel-block\">\n\t<div class=\"container\">\n\t\t<div class=\"app-carousel-block-wrapper\">\n\t\t\t<div class=\"-m-4 flex flex-wrap\">\n\t\t\t\t<div class=\"order-2 flex w-full flex-col p-4 xl:order-1 xl:w-1\/3\">\n\t\t\t\t\t<div class=\"flex flex-col items-center text-center\">\n\t\t\t\t\t\t<img decoding=\"async\" class=\"max-w-[150px]\" src=\"https:\/\/getoze.com\/app\/uploads\/2022\/06\/get-organised.png\" alt=\"Prenez des d\u00e9cisions bas\u00e9es sur les donn\u00e9es\">\n\t\t\t\t\t\t<h4 class=\"mt-9\">Prenez des d\u00e9cisions bas\u00e9es sur les donn\u00e9es<\/h4>\n\t\t\t\t\t\t<p class=\"text-p1tight\">Avec les donn\u00e9es de votre entreprise \u00e0 port\u00e9e de main, laissez les chiffres guider vos d\u00e9cisions.<\/p>\n\t\t\t\t\t<\/div>\n\t\t\t\t\t<div class=\"mt-20 flex flex-col items-center text-center\">\n\t\t\t\t\t\t<img decoding=\"async\" class=\"max-w-[150px]\" src=\"https:\/\/getoze.com\/app\/uploads\/2022\/06\/Growth.png\" alt=\"Visualisez la performance en un coup d&#039;\u0153il\">\n\t\t\t\t\t\t<h4 class=\"mt-9\">Visualisez la performance en un coup d&#039;\u0153il<\/h4>\n\t\t\t\t\t\t<p class=\"text-p1tight\">Surveillez l&#039;\u00e9volution de votre entreprise et de vos produits ou services sp\u00e9cifiques en un seul regard sur vos analyses.<\/p>\n\t\t\t\t\t<\/div>\n\t\t\t\t<\/div>\n\t\t\t\t<div class=\"relative order-1 mb-28 w-full p-4 xl:order-2 xl:mb-0 xl:w-1\/3\">\n\t\t\t\t\t<div class=\"app-carousel-phone-image hidden xl:block\"\n\t\t\t\t\t\tstyle=\"background-image: url(https:\/\/getoze.com\/app\/uploads\/2023\/08\/phone_shadow.png);\"><\/div>\n\t\t\t\t\t<div class=\"app-carousel-phone-image-mobile xl:hidden\"\n\t\t\t\t\t\tstyle=\"background-image: url(https:\/\/getoze.com\/app\/uploads\/2023\/08\/phone_shadow-mobile.png);\"><\/div>\n\n\t\t\t\t\t<div class=\"swiper app-carousel-swiper\">\n\t\t\t\t\t\t<div class=\"swiper-wrapper text-dark\">\n\t\t\t\t\t\t\t\t\t\t\t\t\t\t\t<div class=\"swiper-slide\">\n\t\t\t\t\t\t\t\t\t<div class=\"swiper-slide-wrapper bg-cover\"\n\t\t\t\t\t\t\t\t\t\tstyle=\"background-image: url(https:\/\/getoze.com\/app\/uploads\/2024\/10\/Homegrh-2-1.png);\">\n\t\t\t\t\t\t\t\t\t<\/div>\n\t\t\t\t\t\t\t\t<\/div>\n\t\t\t\t\t\t\t\t\t\t\t\t\t\t\t<div class=\"swiper-slide\">\n\t\t\t\t\t\t\t\t\t<div class=\"swiper-slide-wrapper bg-cover\"\n\t\t\t\t\t\t\t\t\t\tstyle=\"background-image: url(https:\/\/getoze.com\/app\/uploads\/2024\/10\/Homegrh-3asg.png);\">\n\t\t\t\t\t\t\t\t\t<\/div>\n\t\t\t\t\t\t\t\t<\/div>\n\t\t\t\t\t\t\t\t\t\t\t\t\t\t\t<div class=\"swiper-slide\">\n\t\t\t\t\t\t\t\t\t<div class=\"swiper-slide-wrapper bg-cover\"\n\t\t\t\t\t\t\t\t\t\tstyle=\"background-image: url(https:\/\/getoze.com\/app\/uploads\/2024\/10\/Homegrh-7-1.png);\">\n\t\t\t\t\t\t\t\t\t<\/div>\n\t\t\t\t\t\t\t\t<\/div>\n\t\t\t\t\t\t\t\t\t\t\t\t\t\t\t<div class=\"swiper-slide\">\n\t\t\t\t\t\t\t\t\t<div class=\"swiper-slide-wrapper bg-cover\"\n\t\t\t\t\t\t\t\t\t\tstyle=\"background-image: url(https:\/\/getoze.com\/app\/uploads\/2024\/10\/Homegrh-1-1.png);\">\n\t\t\t\t\t\t\t\t\t<\/div>\n\t\t\t\t\t\t\t\t<\/div>\n\t\t\t\t\t\t\t\t\t\t\t\t\t\t\t<div class=\"swiper-slide\">\n\t\t\t\t\t\t\t\t\t<div class=\"swiper-slide-wrapper bg-cover\"\n\t\t\t\t\t\t\t\t\t\tstyle=\"background-image: url(https:\/\/getoze.com\/app\/uploads\/2024\/10\/Homegrh-4-1-1.png);\">\n\t\t\t\t\t\t\t\t\t<\/div>\n\t\t\t\t\t\t\t\t<\/div>\n\t\t\t\t\t\t\t\t\t\t\t\t\t\t\t<div class=\"swiper-slide\">\n\t\t\t\t\t\t\t\t\t<div class=\"swiper-slide-wrapper bg-cover\"\n\t\t\t\t\t\t\t\t\t\tstyle=\"background-image: url(https:\/\/getoze.com\/app\/uploads\/2024\/10\/Homegrh-5-1.png);\">\n\t\t\t\t\t\t\t\t\t<\/div>\n\t\t\t\t\t\t\t\t<\/div>\n\t\t\t\t\t\t\t\t\t\t\t\t\t\t\t<div class=\"swiper-slide\">\n\t\t\t\t\t\t\t\t\t<div class=\"swiper-slide-wrapper bg-cover\"\n\t\t\t\t\t\t\t\t\t\tstyle=\"background-image: url(https:\/\/getoze.com\/app\/uploads\/2024\/10\/Homegrh-6-1.png);\">\n\t\t\t\t\t\t\t\t\t<\/div>\n\t\t\t\t\t\t\t\t<\/div>\n\t\t\t\t\t\t\t\t\t\t\t\t\t<\/div>\n\t\t\t\t\t\t<div class=\"swiper-button swiper-button-prev\">\n\t\t\t\t\t\t\t<span class=\"arrow\"><\/span>\n\t\t\t\t\t\t<\/div>\n\t\t\t\t\t\t<div class=\"swiper-button swiper-button-next\">\n\t\t\t\t\t\t\t<span class=\"arrow\"><\/span>\n\t\t\t\t\t\t<\/div>\n\t\t\t\t\t<\/div>\n\t\t\t\t\t<div class=\"swiper-pagination swiper-pagination-app-carousel\"><\/div>\n\n\t\t\t\t<\/div>\n\t\t\t\t<div class=\"order-3 flex w-full flex-col p-4 xl:w-1\/3\">\n\t\t\t\t\t<div class=\"flex flex-col items-center text-center\">\n\t\t\t\t\t\t<img decoding=\"async\" class=\"max-w-[150px]\" src=\"https:\/\/getoze.com\/app\/uploads\/2022\/06\/experiment.png\" alt=\"Plongez au c\u0153ur des tendances\">\n\t\t\t\t\t\t<h4 class=\"mt-9\">Plongez au c\u0153ur des tendances<\/h4>\n\t\t\t\t\t\t<p class=\"text-p1tight\">Affinez l&#039;affichage pour voir vos ventes ou vos d\u00e9penses par jour, semaine, mois, ann\u00e9e ou sur toute la dur\u00e9e d&#039;activit\u00e9.<\/p>\n\t\t\t\t\t<\/div>\n\t\t\t\t\t<div class=\"mt-20 flex flex-col items-center text-center\">\n\t\t\t\t\t\t<img decoding=\"async\" class=\"max-w-[150px]\" src=\"https:\/\/getoze.com\/app\/uploads\/2022\/06\/coach-1.png\" alt=\"Acc\u00e9dez \u00e0 des conseillers experts en entreprise\">\n\t\t\t\t\t\t<h4 class=\"mt-9\">Acc\u00e9dez \u00e0 des conseillers experts en entreprise<\/h4>\n\t\t\t\t\t\t<p class=\"text-p1tight\">Obtenez des conseils sur les tendances observ\u00e9es dans vos donn\u00e9es et sur les mesures \u00e0 prendre.<\/p>\n\t\t\t\t\t<\/div>\n\t\t\t\t<\/div>\n\t\t\t<\/div>\n\t\t<\/div>\n\t<\/div>\n<\/section>\n\n\n<section class=\"two-column-block my-28  relative\"\n  >\n\n\n\t<div class=\"container\">\n    <div class=\"wrapper items-center flex-col\">\n\n      \n      <div class=\"\n\t\t\tmd:min-h-[500px] lg:min-h-[600px]\n\t\t\tmy-4 left w-full lg:w-1\/2 justify-center flex min-h-[300px] lg:h-auto\n\t\t\t\">\n\t\t\t\t<div class=\"xl:mx-16 left-wrapper absolute w-full\"\n\t\t\t\t> \n\t\t\t\t\t\n\t\t\t\t\t\n\t\t\t\t\t\n\t\t\t\t\t\n\t\t\t\t\t\t\n\t\t\t\t\t\t\t<div class=\"t2 lg:-ml-44 lg:absolute lg:top-0 lg:left-0 lg:w-1\/2 lg:h-full w-full -ml-4 h-[300px] md:h-[500px] relative\">\n\t\t\t<div class=\"w-full h-full absolute z-20 rounded-r-75px lg:rounded-lg !bg-cover left-0\" style=\"background: url(https:\/\/getoze.com\/app\/uploads\/2024\/10\/IMG_9052-e1728051798563.jpg);\" data-aos=\"fade-up\"><\/div>\n\t\t\t\t\t\t\t\t\t\t<div class=\"hidden lg:block\" data-aos data-aos-offset=\"50\">\n\t<div class=\"custom-animate animate-right-28 z-0 absolute right-full bottom-0 w-80 h-80 rounded-full top-[8%]\" style=\"background-color: #FFCE51\"><\/div>\n\t<div class=\"custom-animate animate-right-16 z-10 absolute right-full -bottom-8 w-[80%] h-3\/4 rounded-xl delay-200\" style=\"background-color: #161A5C\"><\/div>\n<\/div>\n\n\n\n<div class=\"lg:hidden\">\n\t<svg class=\"absolute top-0 -right-4\" width=\"122\" height=\"122\" viewBox=\"0 0 122 122\" fill=\"none\" xmlns=\"http:\/\/www.w3.org\/2000\/svg\">\n\t\t<circle cx=\"61\" cy=\"61\" r=\"61\" fill=\"#FFCE51\"\/>\n\t<\/svg>\n\t<svg class=\"absolute -bottom-4 -right-4\" width=\"180\" height=\"183\" viewBox=\"0 0 180 183\" fill=\"none\" xmlns=\"http:\/\/www.w3.org\/2000\/svg\">\n\t\t<rect width=\"180\" height=\"183\" rx=\"75\" transform=\"matrix(-1 -8.74228e-08 -1.18051e-07 1 180 0)\" fill=\"#161A5C\"\/>\n\t<\/svg>\n<\/div>\t\t\t\t\t<\/div>\n\t\n\t\t\t\t\t\t\t\t\t\t\t\t\t\t\t<\/div>\n      <\/div>\n\n      \n      <div class=\"\n\t\t\t\t\tmin-h-[300px] my-4\n\t\t\t\t\t\n\t\t\t\t\t\n\t\t\t\t\tright w-full lg:w-1\/2 justify-center flex  lg:h-auto\n\t\t\t\t\">\n\t\t\t\t<div class=\"xl:mx-16 right-wrapper \n\t\t\t\t\"\n\t\t\t\t>\n        \n        \t\t\t\t\t<div class=\"wysiwyg\" data-aos=\"fade-up\">\n\t<h2>Consultez vos produits et services les plus vendus<\/h2>\n<p>Consultez la liste de vos meilleures ventes par chiffre d&#8217;affaires et par volume d&#8217;articles vendus.<\/p>\n\n\n\t\n\t\t\t<div class=\"buttons -m-4\">\n\t\t\t\t\t\t\t\t\t\t\t\t\t\t\t\t\t\t\t\t\t\t\t\t\t<a class=\"button custom-button filled m-4\" href=\"https:\/\/oze.app.link\/web-analytics\" target=_blank>\n\tObtenez vos analyses d\u00e8s aujourd&#8217;hui\n\t<\/a>\n\t\t\t\t\t\t\t\t\t\t\t\t\t\t\t\t\t\t\t\t<\/div>\n\t<\/div>        \n        \n        \n\t\t\t\t\t\t\t<\/div>\n      <\/div>\n    <\/div>\n<\/section>\n\n\n<section class=\"multi-column-block my-28\">\n  <div class=\"container\">\n\t\t<div class=\"\">\n\t\t\t\t\t\t\t<div class=\"content max-w-3xl mx-auto text-center\" data-aos=\"fade-up\">\n\t\t\t\t\t<h2>Identifiez les tendances et passez \u00e0 l&#8217;action avec les analyses<\/h2>\n\n\t\t\t\t<\/div>\n\t\t\t\t\t\t\t\t\t\t\t\t\t\t<div class=\"flex flex-wrap -m-4 justify-center lg:justify-between !mt-8 items-start\">\n\t\t\t\t\t\t\t\t\t\t\t\t\t\t\t\t<div class=\"p-4 flex flex-col text-center justify-center items-center w-12\/12 lg:w-3\/12\" data-aos=\"fade-up\" data-aos-delay=\"0\">\n\t\t\t\t\t\t\t\t\t\t\t\t\t\t\t<img decoding=\"async\" src=\"https:\/\/getoze.com\/app\/uploads\/2022\/06\/payments-1.svg\" alt=\"\" class=\"max-w-[180px] \">\n\t\t\t\t\t\t\t\t\t\t\t\t\t\t\t\t\t\t\t\t\t<div>\n\t\t\t\t\t\t\t\t\t\t\t\t\t\t\t\t\t<p class=\"mt-4 font-bold\">Tendances des ventes<\/p>\n\t\t\t\t\t\t\t\t\t\t\t\t\t\t\t\t\t\t\t\t\t\t\t\t\t<p class=\"mt-4\">Examinez l&#039;\u00e9volution des ventes au fil du temps et vos produits\/services vedettes.<\/p>\n\t\t\t\t\t\t\t\t\t\t\t\t\t\t\t<\/div>\n\t\t\t\t\t\t<\/div>\n\t\t\t\t\t\t\t\t\t\t\t\t\t\t\t\t\t<div class=\"p-4 flex flex-col text-center justify-center items-center w-12\/12 lg:w-3\/12\" data-aos=\"fade-up\" data-aos-delay=\"100\">\n\t\t\t\t\t\t\t\t\t\t\t\t\t\t\t<img decoding=\"async\" src=\"https:\/\/getoze.com\/app\/uploads\/2022\/06\/Icon-12.svg\" alt=\"\" class=\"max-w-[180px] \">\n\t\t\t\t\t\t\t\t\t\t\t\t\t\t\t\t\t\t\t\t\t<div>\n\t\t\t\t\t\t\t\t\t\t\t\t\t\t\t\t\t<p class=\"mt-4 font-bold\">Tendances des d\u00e9penses<\/p>\n\t\t\t\t\t\t\t\t\t\t\t\t\t\t\t\t\t\t\t\t\t\t\t\t\t<p class=\"mt-4\">Comprenez o\u00f9 vous d\u00e9pensez votre argent et quels sont vos plus gros postes de d\u00e9pense.<\/p>\n\t\t\t\t\t\t\t\t\t\t\t\t\t\t\t<\/div>\n\t\t\t\t\t\t<\/div>\n\t\t\t\t\t\t\t\t\t\t\t\t\t\t\t\t\t<div class=\"p-4 flex flex-col text-center justify-center items-center w-12\/12 lg:w-3\/12\" data-aos=\"fade-up\" data-aos-delay=\"200\">\n\t\t\t\t\t\t\t\t\t\t\t\t\t\t\t<img decoding=\"async\" src=\"https:\/\/getoze.com\/app\/uploads\/2022\/06\/Icon-6.svg\" alt=\"\" class=\"max-w-[180px] \">\n\t\t\t\t\t\t\t\t\t\t\t\t\t\t\t\t\t\t\t\t\t<div>\n\t\t\t\t\t\t\t\t\t\t\t\t\t\t\t\t\t<p class=\"mt-4 font-bold\">Tendances profits et pertes<\/p>\n\t\t\t\t\t\t\t\t\t\t\t\t\t\t\t\t\t\t\t\t\t\t\t\t\t<p class=\"mt-4\">Sachez avec certitude si vous r\u00e9alisez des b\u00e9n\u00e9fices chaque semaine ou chaque mois.<\/p>\n\t\t\t\t\t\t\t\t\t\t\t\t\t\t\t<\/div>\n\t\t\t\t\t\t<\/div>\n\t\t\t\t\t\t\t\t\t\t\t\t\t\t\t\t\t<div class=\"p-4 flex flex-col text-center justify-center items-center w-12\/12 lg:w-3\/12\" data-aos=\"fade-up\" data-aos-delay=\"300\">\n\t\t\t\t\t\t\t\t\t\t\t\t\t\t\t<img decoding=\"async\" src=\"https:\/\/getoze.com\/app\/uploads\/2022\/06\/Icon-4.svg\" alt=\"\" class=\"max-w-[180px] \">\n\t\t\t\t\t\t\t\t\t\t\t\t\t\t\t\t\t\t\t\t\t<div>\n\t\t\t\t\t\t\t\t\t\t\t\t\t\t\t\t\t<p class=\"mt-4 font-bold\">Coach IA<\/p>\n\t\t\t\t\t\t\t\t\t\t\t\t\t\t\t\t\t\t\t\t\t\t\t\t\t<p class=\"mt-4\">Notre coach d&#039;entreprise analyse vos donn\u00e9es et vous donne des recommandations personnalis\u00e9es pour vous aider \u00e0 cro\u00eetre ou \u00e0 r\u00e9duire vos co\u00fbts.<\/p>\n\t\t\t\t\t\t\t\t\t\t\t\t\t\t\t<\/div>\n\t\t\t\t\t\t<\/div>\n\t\t\t\t\t\t\t\t\t\t\t\t\t\t\t<\/div>\n\t\t\t\t\t\t\t\t<\/div>\n  <\/div>\n<\/section>\n\n<section class=\"testimonials-block my-28\" data-aos=\"fade-up\">\n\t\t<div class=\"container\">\n\t\t\t<div class=\"swiper swiper-testimonials\">\n\t\t\t\t<div class=\"swiper-wrapper\">\n\t\t\t\t\t\t\t\t\t\t\t<div class=\"swiper-slide py-16 flex flex-col\">\n\t\t\t\t\t\t\t\t\t\t\t\t\t\t\t<div class=\"flex justify-center items-center mb-10\">\n\t\t\t\t\t\t\t\t\t\t\t\t\t\t\t\t\t\t\t<span class=\"w-8 not-last:mr-2\"><svg xmlns=\"http:\/\/www.w3.org\/2000\/svg\" viewBox=\"0 0 22.97 22\">\n\t<path fill=\"#1246EA\" d=\"M11.49,0,14.2,8.4H23l-7.1,5.2L18.58,22l-7.09-5.19L4.39,22,7.1,13.6,0,8.4H8.77Z\"\/>\n<\/svg><\/span>\n\t\t\t\t\t\t\t\t\t\t\t\t\t\t\t\t\t\t\t\t\t\t\t\t\t\t\t\t\t<span class=\"w-8 not-last:mr-2\"><svg xmlns=\"http:\/\/www.w3.org\/2000\/svg\" viewBox=\"0 0 22.97 22\">\n\t<path fill=\"#1246EA\" d=\"M11.49,0,14.2,8.4H23l-7.1,5.2L18.58,22l-7.09-5.19L4.39,22,7.1,13.6,0,8.4H8.77Z\"\/>\n<\/svg><\/span>\n\t\t\t\t\t\t\t\t\t\t\t\t\t\t\t\t\t\t\t\t\t\t\t\t\t\t\t\t\t<span class=\"w-8 not-last:mr-2\"><svg xmlns=\"http:\/\/www.w3.org\/2000\/svg\" viewBox=\"0 0 22.97 22\">\n\t<path fill=\"#1246EA\" d=\"M11.49,0,14.2,8.4H23l-7.1,5.2L18.58,22l-7.09-5.19L4.39,22,7.1,13.6,0,8.4H8.77Z\"\/>\n<\/svg><\/span>\n\t\t\t\t\t\t\t\t\t\t\t\t\t\t\t\t\t\t\t\t\t\t\t\t\t\t\t\t\t<span class=\"w-8 not-last:mr-2\"><svg xmlns=\"http:\/\/www.w3.org\/2000\/svg\" viewBox=\"0 0 22.97 22\">\n\t<path fill=\"#1246EA\" d=\"M11.49,0,14.2,8.4H23l-7.1,5.2L18.58,22l-7.09-5.19L4.39,22,7.1,13.6,0,8.4H8.77Z\"\/>\n<\/svg><\/span>\n\t\t\t\t\t\t\t\t\t\t\t\t\t\t\t\t\t\t\t\t\t\t\t\t\t\t\t\t\t<span class=\"w-8 not-last:mr-2\"><svg xmlns=\"http:\/\/www.w3.org\/2000\/svg\" viewBox=\"0 0 22.97 22\">\n\t<path fill=\"#1246EA\" d=\"M11.49,0,14.2,8.4H23l-7.1,5.2L18.58,22l-7.09-5.19L4.39,22,7.1,13.6,0,8.4H8.77Z\"\/>\n<\/svg><\/span>\n\t\t\t\t\t\t\t\t\t\t\t\t\t\t\t\t\t\t\t\t\t\t\t\t\t\t\t<\/div>\n\t\t\t\t\t\t\t\t\t\t\t\t\t\t<div class=\"max-w-2xl mx-auto text-center\">\n\t\t\t\t\t\t\t\t\t\t\t\t\t\t\t\t\t<p class=\"text-pintro !mb-10\">&quot;My experience so far has been great! Transactions are so easy and fast to upload and I&#039;ve scraped usage of paper balance sheet. I can tell how my business is doing, issue customers receipts and even apply for a loan if need be! I&#039;d recommend for every business owner.&quot;<\/p>\n\t\t\t\t\t\t\t\t\t\t\t\t\t\t\t\t\t\t\t\t\t\t\t\t\t<div class=\"flex items-center justify-center\">\n\t\t\t\t\t\t\t\t\t\t\t\t\t\t\t\t\t\t\t\t<p class=\"text-p2bold\">\n\t\t\t\t\t\t\t\t\t\t\t<span class=\"font-bold\">~ Iseoluwa Adeniyi<\/span>\n\t\t\t\t\t\t\t\t\t\t\t\t\t\t\t\t\t\t\t\t\t<\/p>\n\t\t\t\t\t\t\t\t\t<\/div>\n\t\t\t\t\t\t\t\t\n\t\t\t\t\t\t\t<\/div>\n\t\t\t\t\t\t<\/div>\n\t\t\t\t\t\t\t\t\t<\/div>\n\t\t\t<\/div>\n\t\t<\/div>\n\t<\/section>\n\n\n<section class=\"cta-with-columns-block my-48\" data-aos=\"fade-up\">\n\t<div class=\"relative mx-auto max-w-5xl\">\n\t\t<img decoding=\"async\" class=\"absolute -top-[10%] -left-[5%] w-1\/2 lg:top-[-17%] lg:left-[-13%] lg:w-auto\" src=\"https:\/\/getoze.com\/app\/themes\/oze\/public\/images\/icons\/pie.132516.svg\"\n\t\t\talt=\"pie\">\n\t\t<img decoding=\"async\" class=\"absolute top-[-6%] right-[5%] w-1\/4 lg:top-[-17%] lg:right-[40%] lg:w-auto\" src=\"https:\/\/getoze.com\/app\/themes\/oze\/public\/images\/icons\/coin.42dc86.svg\"\n\t\t\talt=\"coin\">\n\t\t<img decoding=\"async\" class=\"absolute top-1\/2 -right-[20%] w-1\/2 lg:top-[25%] lg:w-auto\" src=\"https:\/\/getoze.com\/app\/themes\/oze\/public\/images\/icons\/phone.93e14d.svg\" alt=\"phone\">\n\t\t<img decoding=\"async\" class=\"absolute -left-[17%] top-[40%] w-1\/2 lg:w-auto\" src=\"https:\/\/getoze.com\/app\/themes\/oze\/public\/images\/icons\/graph.21f161.svg\" alt=\"graph\">\n\t\t<div\n\t\t\tclass=\"relative m-6 flex flex-wrap justify-between rounded-40px bg-white bg-opacity-95 shadow-2 lg:m-0 lg:flex-nowrap\">\n\t\t\t<div\n\t\t\t\tclass=\"flex h-full w-full max-w-xl flex-col flex-wrap justify-between p-10 text-black lg:w-2\/3 lg:px-16 lg:py-32\">\n\t\t\t\t<div>\n\t\t\t\t\t\t\t\t\t\t\t<h2>D\u00e9couvrez ce qu&#039;Oze peut faire pour votre entreprise.<\/h2>\n\t\t\t\t\t\t\t\t\t\t\t\t\t\t\t\t<div class=\"max-w-xs\">\n\t\t\t\t\t\t\t<p>Qu&#039;attendez-vous ?<\/p>\n\t\t\t\t\t\t<\/div>\n\t\t\t\t\t\t\t\t\t<\/div>\n\t\t\t\t\t\t\t\t\t\t\t\t\t\t<div class=\"mt-8 flex\">\n\t\t\t\t\t\t<a class=\"button custom-button filled\" href=\"https:\/\/oze.app.link\/web-analytics\" target=_blank>\n\tCr\u00e9er un compte gratuit\n\t<\/a>\n\t\t\t\t\t<\/div>\n\t\t\t\t\t\t\t\t\t\t\t\t<\/div>\n\t\t\t<div\n\t\t\t\tclass=\"lg:w-content flex w-full flex-col rounded-b-40px bg-navy text-white lg:rounded-bl-lg lg:rounded-br-40px lg:rounded-tr-40px\">\n\t\t\t\t<div class=\"flex h-full flex-col flex-wrap justify-between p-10 text-white lg:max-w-xl lg:px-16 lg:py-32\">\n\t\t\t\t\t<div>\n\t\t\t\t\t\t\t\t\t\t\t\t\t<h3>Ou contactez-nous pour en savoir plus<\/h3>\n\t\t\t\t\t\t\t\t\t\t\t\t\t\t\t\t\t\t\t<div class=\"max-w-xs\">\n\t\t\t\t\t\t\t\t<p>Vous souhaitez collaborer avec nous ? Discutons-en.<\/p>\n\t\t\t\t\t\t\t<\/div>\n\t\t\t\t\t\t\t\t\t\t\t<\/div>\n\t\t\t\t\t\t\t\t\t\t\t\t\t\t\t\t\t<div class=\"mt-8 flex\">\n\t\t\t\t\t\t\t<a class=\"button custom-button filled\" href=\"https:\/\/getoze.com\/fr\/contactez-nous\/\" target=_blank>\n\tContactez-nous\n\t<\/a>\n\t\t\t\t\t\t<\/div>\n\t\t\t\t\t\t\t\t\t\t\t\t\t\t\t<\/div>\n\t\t\t<\/div>\n\t\t<\/div>\n\t<\/div>\n<\/section>\n","protected":false},"excerpt":{"rendered":"","protected":false},"author":2,"featured_media":0,"parent":4767,"menu_order":0,"comment_status":"closed","ping_status":"closed","template":"","meta":{"_acf_changed":false,"content-type":"","footnotes":""},"class_list":["post-31054","page","type-page","status-publish","hentry"],"acf":[],"yoast_head":"<!-- This site is optimized with the Yoast SEO Premium plugin v18.4 (Yoast SEO v26.9) - https:\/\/yoast.com\/product\/yoast-seo-premium-wordpress\/ -->\n<title>Analyses - Appli Business d&#039;Oze<\/title>\n<meta name=\"description\" content=\"Pilotez votre business o\u00f9 que vous soyez. Analysez vos ventes et d\u00e9penses avec les indicateurs Oze. Cr\u00e9ez votre compte gratuit !\" \/>\n<meta name=\"robots\" content=\"index, follow, max-snippet:-1, max-image-preview:large, max-video-preview:-1\" \/>\n<link rel=\"canonical\" href=\"https:\/\/getoze.com\/fr\/app-business\/analyses\/\" \/>\n<meta property=\"og:locale\" content=\"fr_FR\" \/>\n<meta property=\"og:type\" content=\"article\" \/>\n<meta property=\"og:title\" content=\"Analyses\" \/>\n<meta property=\"og:description\" content=\"Pilotez votre business o\u00f9 que vous soyez. Analysez vos ventes et d\u00e9penses avec les indicateurs Oze. Cr\u00e9ez votre compte gratuit !\" \/>\n<meta property=\"og:url\" content=\"https:\/\/getoze.com\/fr\/app-business\/analyses\/\" \/>\n<meta property=\"og:site_name\" content=\"Oze\" \/>\n<meta property=\"article:publisher\" content=\"https:\/\/www.facebook.com\/ozeapp\/\" \/>\n<meta property=\"article:modified_time\" content=\"2026-03-25T12:53:53+00:00\" \/>\n<meta name=\"twitter:card\" content=\"summary_large_image\" \/>\n<meta name=\"twitter:site\" content=\"@oze\" \/>\n<script type=\"application\/ld+json\" class=\"yoast-schema-graph\">{\"@context\":\"https:\/\/schema.org\",\"@graph\":[{\"@type\":\"WebPage\",\"@id\":\"https:\/\/getoze.com\/fr\/app-business\/analyses\/\",\"url\":\"https:\/\/getoze.com\/fr\/app-business\/analyses\/\",\"name\":\"Analyses - Appli Business d'Oze\",\"isPartOf\":{\"@id\":\"https:\/\/getoze.com\/fr\/#website\"},\"datePublished\":\"2024-10-04T14:23:28+00:00\",\"dateModified\":\"2026-03-25T12:53:53+00:00\",\"description\":\"Pilotez votre business o\u00f9 que vous soyez. Analysez vos ventes et d\u00e9penses avec les indicateurs Oze. Cr\u00e9ez votre compte gratuit !\",\"breadcrumb\":{\"@id\":\"https:\/\/getoze.com\/fr\/app-business\/analyses\/#breadcrumb\"},\"inLanguage\":\"fr-FR\",\"potentialAction\":[{\"@type\":\"ReadAction\",\"target\":[\"https:\/\/getoze.com\/fr\/app-business\/analyses\/\"]}]},{\"@type\":\"BreadcrumbList\",\"@id\":\"https:\/\/getoze.com\/fr\/app-business\/analyses\/#breadcrumb\",\"itemListElement\":[{\"@type\":\"ListItem\",\"position\":1,\"name\":\"Home\",\"item\":\"https:\/\/getoze.com\/fr\/\"},{\"@type\":\"ListItem\",\"position\":2,\"name\":\"App Business\",\"item\":\"https:\/\/getoze.com\/fr\/app-business\/\"},{\"@type\":\"ListItem\",\"position\":3,\"name\":\"Analyses\"}]},{\"@type\":\"WebSite\",\"@id\":\"https:\/\/getoze.com\/fr\/#website\",\"url\":\"https:\/\/getoze.com\/fr\/\",\"name\":\"Oze\",\"description\":\"Unlock your business success\",\"publisher\":{\"@id\":\"https:\/\/getoze.com\/fr\/#organization\"},\"potentialAction\":[{\"@type\":\"SearchAction\",\"target\":{\"@type\":\"EntryPoint\",\"urlTemplate\":\"https:\/\/getoze.com\/fr\/?s={search_term_string}\"},\"query-input\":{\"@type\":\"PropertyValueSpecification\",\"valueRequired\":true,\"valueName\":\"search_term_string\"}}],\"inLanguage\":\"fr-FR\"},{\"@type\":\"Organization\",\"@id\":\"https:\/\/getoze.com\/fr\/#organization\",\"name\":\"Oze\",\"url\":\"https:\/\/getoze.com\/fr\/\",\"logo\":{\"@type\":\"ImageObject\",\"inLanguage\":\"fr-FR\",\"@id\":\"https:\/\/getoze.com\/fr\/#\/schema\/logo\/image\/\",\"url\":\"https:\/\/getoze.com\/app\/uploads\/2022\/06\/oze_logo-1.svg\",\"contentUrl\":\"https:\/\/getoze.com\/app\/uploads\/2022\/06\/oze_logo-1.svg\",\"width\":1,\"height\":1,\"caption\":\"Oze\"},\"image\":{\"@id\":\"https:\/\/getoze.com\/fr\/#\/schema\/logo\/image\/\"},\"sameAs\":[\"https:\/\/www.facebook.com\/ozeapp\/\",\"https:\/\/x.com\/oze\",\"https:\/\/www.linkedin.com\/company\/ozeapp\/\"]}]}<\/script>\n<!-- \/ Yoast SEO Premium plugin. -->","yoast_head_json":{"title":"Analyses - Appli Business d'Oze","description":"Pilotez votre business o\u00f9 que vous soyez. Analysez vos ventes et d\u00e9penses avec les indicateurs Oze. Cr\u00e9ez votre compte gratuit !","robots":{"index":"index","follow":"follow","max-snippet":"max-snippet:-1","max-image-preview":"max-image-preview:large","max-video-preview":"max-video-preview:-1"},"canonical":"https:\/\/getoze.com\/fr\/app-business\/analyses\/","og_locale":"fr_FR","og_type":"article","og_title":"Analyses","og_description":"Pilotez votre business o\u00f9 que vous soyez. Analysez vos ventes et d\u00e9penses avec les indicateurs Oze. Cr\u00e9ez votre compte gratuit !","og_url":"https:\/\/getoze.com\/fr\/app-business\/analyses\/","og_site_name":"Oze","article_publisher":"https:\/\/www.facebook.com\/ozeapp\/","article_modified_time":"2026-03-25T12:53:53+00:00","twitter_card":"summary_large_image","twitter_site":"@oze","schema":{"@context":"https:\/\/schema.org","@graph":[{"@type":"WebPage","@id":"https:\/\/getoze.com\/fr\/app-business\/analyses\/","url":"https:\/\/getoze.com\/fr\/app-business\/analyses\/","name":"Analyses - Appli Business d'Oze","isPartOf":{"@id":"https:\/\/getoze.com\/fr\/#website"},"datePublished":"2024-10-04T14:23:28+00:00","dateModified":"2026-03-25T12:53:53+00:00","description":"Pilotez votre business o\u00f9 que vous soyez. Analysez vos ventes et d\u00e9penses avec les indicateurs Oze. Cr\u00e9ez votre compte gratuit !","breadcrumb":{"@id":"https:\/\/getoze.com\/fr\/app-business\/analyses\/#breadcrumb"},"inLanguage":"fr-FR","potentialAction":[{"@type":"ReadAction","target":["https:\/\/getoze.com\/fr\/app-business\/analyses\/"]}]},{"@type":"BreadcrumbList","@id":"https:\/\/getoze.com\/fr\/app-business\/analyses\/#breadcrumb","itemListElement":[{"@type":"ListItem","position":1,"name":"Home","item":"https:\/\/getoze.com\/fr\/"},{"@type":"ListItem","position":2,"name":"App Business","item":"https:\/\/getoze.com\/fr\/app-business\/"},{"@type":"ListItem","position":3,"name":"Analyses"}]},{"@type":"WebSite","@id":"https:\/\/getoze.com\/fr\/#website","url":"https:\/\/getoze.com\/fr\/","name":"Oze","description":"Unlock your business success","publisher":{"@id":"https:\/\/getoze.com\/fr\/#organization"},"potentialAction":[{"@type":"SearchAction","target":{"@type":"EntryPoint","urlTemplate":"https:\/\/getoze.com\/fr\/?s={search_term_string}"},"query-input":{"@type":"PropertyValueSpecification","valueRequired":true,"valueName":"search_term_string"}}],"inLanguage":"fr-FR"},{"@type":"Organization","@id":"https:\/\/getoze.com\/fr\/#organization","name":"Oze","url":"https:\/\/getoze.com\/fr\/","logo":{"@type":"ImageObject","inLanguage":"fr-FR","@id":"https:\/\/getoze.com\/fr\/#\/schema\/logo\/image\/","url":"https:\/\/getoze.com\/app\/uploads\/2022\/06\/oze_logo-1.svg","contentUrl":"https:\/\/getoze.com\/app\/uploads\/2022\/06\/oze_logo-1.svg","width":1,"height":1,"caption":"Oze"},"image":{"@id":"https:\/\/getoze.com\/fr\/#\/schema\/logo\/image\/"},"sameAs":["https:\/\/www.facebook.com\/ozeapp\/","https:\/\/x.com\/oze","https:\/\/www.linkedin.com\/company\/ozeapp\/"]}]}},"_links":{"self":[{"href":"https:\/\/getoze.com\/fr\/wp-json\/wp\/v2\/pages\/31054","targetHints":{"allow":["GET"]}}],"collection":[{"href":"https:\/\/getoze.com\/fr\/wp-json\/wp\/v2\/pages"}],"about":[{"href":"https:\/\/getoze.com\/fr\/wp-json\/wp\/v2\/types\/page"}],"author":[{"embeddable":true,"href":"https:\/\/getoze.com\/fr\/wp-json\/wp\/v2\/users\/2"}],"replies":[{"embeddable":true,"href":"https:\/\/getoze.com\/fr\/wp-json\/wp\/v2\/comments?post=31054"}],"version-history":[{"count":2,"href":"https:\/\/getoze.com\/fr\/wp-json\/wp\/v2\/pages\/31054\/revisions"}],"predecessor-version":[{"id":31075,"href":"https:\/\/getoze.com\/fr\/wp-json\/wp\/v2\/pages\/31054\/revisions\/31075"}],"up":[{"embeddable":true,"href":"https:\/\/getoze.com\/fr\/wp-json\/wp\/v2\/pages\/4767"}],"wp:attachment":[{"href":"https:\/\/getoze.com\/fr\/wp-json\/wp\/v2\/media?parent=31054"}],"curies":[{"name":"wp","href":"https:\/\/api.w.org\/{rel}","templated":true}]}}