{"id":4774,"date":"2022-06-08T10:32:23","date_gmt":"2022-06-08T10:32:23","guid":{"rendered":"https:\/\/getoze.com\/pour-les-petites-entreprises\/"},"modified":"2024-08-22T13:15:35","modified_gmt":"2024-08-22T13:15:35","slug":"pour-petites-entreprises","status":"publish","type":"page","link":"https:\/\/getoze.com\/fr\/pour-petites-entreprises\/","title":{"rendered":"Pour les petites entreprises"},"content":{"rendered":"<section class=\"two-column-block mb-28 mt-12  relative\"\n  >\n\n\n\t<div class=\"container\">\n    <div class=\"wrapper items-center flex-col-reverse\">\n\n      \n      <div class=\"\n\t\t\t\n\t\t\tmy-4 left w-full lg:w-1\/2 justify-center flex min-h-[300px] lg:h-auto\n\t\t\t\">\n\t\t\t\t<div class=\"xl:mx-16 left-wrapper \"\n\t\t\t\t> \n\t\t\t\t\t\n\t\t\t\t\t\n\t\t\t\t\t\t<div class=\"wysiwyg \" data-aos=\"fade-up\">\n\t<p class=\"text-plabel text-blue\">OZE POUR LES PETITES ENTREPRISES<\/p>\n<h1>La derni\u00e8re application business que vous utiliserez jamais<\/h1>\n<p class=\"text-p2\">Oze soutient les propri\u00e9taires d&#8217;entreprise comme vous avec une solution tout-en-un : Comptabilit\u00e9. Paiements. Pr\u00eats. Tout au m\u00eame endroit.<\/p>\n\n\n\t\n\t\t\t<div class=\"buttons -m-2 lg:-m-4\">\n\t\t\t\t\t\t\t\t\t\t\t\t\t\t\t\t\t\t\t\t\t\t\t\t\t\t\t\t\t\t\t\t<a class=\"button custom-button filled m-2 lg:m-4 \" href=\"https:\/\/app.getoze.com\/fr\/register\" target=_blank>\n\tCr\u00e9ez un compte gratuit\n\t<\/a>\n\t\t\t\t\t\t\t\t\t\t\t\t\t\t\t\t\t\t\t\t<\/div>\n\t<\/div>\n\t\t\t\t\t\n\t\t\t\t\t\n\t\t\t\t\t\t\t\t\t<\/div>\n      <\/div>\n\n      \n      <div class=\"\n\t\t\t\t\tmin-h-[300px] my-4\n\t\t\t\t\tmd:min-h-[500px] lg:min-h-[600px]\n\t\t\t\t\t\n\t\t\t\t\tright w-full lg:w-1\/2 justify-center flex  lg:h-auto\n\t\t\t\t\">\n\t\t\t\t<div class=\"xl:mx-16 right-wrapper absolute w-full\n\t\t\t\t\"\n\t\t\t\t>\n        \n        \n        \n                  \t\t\t\t\t\t<div\n\t\tclass=\"t4 relative ml-4 h-[300px] w-full md:h-[500px] lg:absolute lg:right-0 lg:top-0 lg:-mr-44 lg:h-full lg:w-1\/2\">\n\t\t\t\t<div\n\t\t\tclass=\"image-animation-container relative right-0 z-20 h-full w-full rounded-l-75px !bg-cover lg:absolute lg:rounded-lg\"\n\t\t\tdata-aos=\"fade-up\" style=\"background: url(https:\/\/getoze.com\/app\/uploads\/2022\/06\/AdobeStock_186240670-1.png);\"><\/div>\n\t\t\t\t\t\t\t\t\t\t\t<div class=\"hidden lg:block\" data-aos data-aos-offset=\"50\">\n\t<div class=\"custom-animate animate-left-16 absolute left-[80%] -bottom-16 width-calc-4 h-full rounded-xl\" style=\"background-color: #00dca4\"><\/div>\n<\/div>\n<div class=\"lg:hidden\">\n\t<div class=\"absolute right-0 bottom h-full w-full -bottom-8 left-4 rounded-l-75px\" style=\"background-color: #00dca4\"><\/div>\n<\/div>\t\t\t<\/div>\n                  \n\t\t\t\t\t\t\t<\/div>\n      <\/div>\n    <\/div>\n<\/section>\n\n\n<section class=\"multi-column-block my-28\">\n  <div class=\"container\">\n\t\t<div class=\"\">\n\t\t\t\t\t\t\t<div class=\"content max-w-3xl mx-auto text-center\" data-aos=\"fade-up\">\n\t\t\t\t\t<h2>Outils et produits con\u00e7us pour vous aider \u00e0 grandir<\/h2>\n<p>G\u00e9rez votre entreprise. Recevez des paiements. Obtenez un financement. Tout depuis votre t\u00e9l\u00e9phone.<\/p>\n\n\t\t\t\t<\/div>\n\t\t\t\t\t\t\t\t\t\t\t\t\t\t<div class=\"flex flex-wrap -m-4 justify-center lg:justify-between !mt-8 items-start\">\n\t\t\t\t\t\t\t\t\t\t\t\t\t\t\t\t<div class=\"p-4 flex flex-col text-center justify-center items-center w-12\/12 lg:w-4\/12\" data-aos=\"fade-up\" data-aos-delay=\"0\">\n\t\t\t\t\t\t\t\t\t\t\t\t\t\t\t<img decoding=\"async\" src=\"https:\/\/getoze.com\/app\/uploads\/2022\/06\/business-app-1.svg\" alt=\"\" class=\"max-w-[180px] \">\n\t\t\t\t\t\t\t\t\t\t\t\t\t\t\t\t\t\t\t\t\t<div>\n\t\t\t\t\t\t\t\t\t\t\t\t\t\t\t\t\t<p class=\"mt-4 font-bold\">App business<\/p>\n\t\t\t\t\t\t\t\t\t\t\t\t\t\t\t\t\t\t\t\t\t\t\t\t\t<p class=\"mt-4\">Solution tout-en-un pour votre entreprise.<\/p>\n\t\t\t\t\t\t\t\t\t\t\t\t\t\t\t<\/div>\n\t\t\t\t\t\t<\/div>\n\t\t\t\t\t\t\t\t\t\t\t\t\t\t\t\t\t<div class=\"p-4 flex flex-col text-center justify-center items-center w-12\/12 lg:w-4\/12\" data-aos=\"fade-up\" data-aos-delay=\"100\">\n\t\t\t\t\t\t\t\t\t\t\t\t\t\t\t<img decoding=\"async\" src=\"https:\/\/getoze.com\/app\/uploads\/2022\/06\/sme-loans.svg\" alt=\"\" class=\"max-w-[180px] \">\n\t\t\t\t\t\t\t\t\t\t\t\t\t\t\t\t\t\t\t\t\t<div>\n\t\t\t\t\t\t\t\t\t\t\t\t\t\t\t\t\t<p class=\"mt-4 font-bold\">Pr\u00eats PME<\/p>\n\t\t\t\t\t\t\t\t\t\t\t\t\t\t\t\t\t\t\t\t\t\t\t\t\t<p class=\"mt-4\">Aucune garantie n\u00e9cessaire !<\/p>\n\t\t\t\t\t\t\t\t\t\t\t\t\t\t\t<\/div>\n\t\t\t\t\t\t<\/div>\n\t\t\t\t\t\t\t\t\t\t\t\t\t\t\t\t\t<div class=\"p-4 flex flex-col text-center justify-center items-center w-12\/12 lg:w-4\/12\" data-aos=\"fade-up\" data-aos-delay=\"200\">\n\t\t\t\t\t\t\t\t\t\t\t\t\t\t\t<img decoding=\"async\" src=\"https:\/\/getoze.com\/app\/uploads\/2022\/06\/payments-1.svg\" alt=\"\" class=\"max-w-[180px] \">\n\t\t\t\t\t\t\t\t\t\t\t\t\t\t\t\t\t\t\t\t\t<div>\n\t\t\t\t\t\t\t\t\t\t\t\t\t\t\t\t\t<p class=\"mt-4 font-bold\">Paiements<\/p>\n\t\t\t\t\t\t\t\t\t\t\t\t\t\t\t\t\t\t\t\t\t\t\t\t\t<p class=\"mt-4\">Demandez des paiements \u00e0 vos clients.<\/p>\n\t\t\t\t\t\t\t\t\t\t\t\t\t\t\t<\/div>\n\t\t\t\t\t\t<\/div>\n\t\t\t\t\t\t\t\t\t\t\t\t\t\t\t<\/div>\n\t\t\t\t\t\t\t\t<\/div>\n  <\/div>\n<\/section>\n\n<section class=\"two-column-block my-28  relative\"\n  >\n\n\n\t<div class=\"container\">\n    <div class=\"wrapper items-center flex-col\">\n\n      \n      <div class=\"\n\t\t\tmd:min-h-[500px] lg:min-h-[600px]\n\t\t\tmy-4 left w-full lg:w-1\/2 justify-center flex min-h-[300px] lg:h-auto\n\t\t\t\">\n\t\t\t\t<div class=\"xl:mx-16 left-wrapper absolute w-full\"\n\t\t\t\t> \n\t\t\t\t\t\n\t\t\t\t\t\n\t\t\t\t\t\n\t\t\t\t\t\n\t\t\t\t\t\t\n\t\t\t\t\t\t\t<div class=\"t-0 lg:absolute lg:top-0 lg:left-0 lg:w-1\/2 lg:h-full w-full ml-0 h-[300px] md:h-[500px] relative \" data-aos=\"fade-up\">\n\t\t\t<div class=\"hidden lg:block w-full h-full lg:absolute z-20 !bg-contain !bg-no-repeat\" style=\"background: url(https:\/\/getoze.com\/app\/uploads\/2022\/06\/pc-desktop-coach.png);\"><\/div>\n\t\t\t\t\t\t\t<div class=\"lg:hidden absolute min-h-[300px] md:min-h-[500px] bg-contain bg-no-repeat bg-right width-calc-2\" style=\"background-image: url(https:\/\/getoze.com\/app\/uploads\/2022\/06\/pc-mobile-screen-coach.png);\"><\/div>\n\t\t\t\t\t<\/div>\n\t\n\t\t\t\t\t\t\t\t\t\t\t\t\t\t\t<\/div>\n      <\/div>\n\n      \n      <div class=\"\n\t\t\t\t\tmin-h-[300px] my-4\n\t\t\t\t\t\n\t\t\t\t\t\n\t\t\t\t\tright w-full lg:w-1\/2 justify-center flex  lg:h-auto\n\t\t\t\t\">\n\t\t\t\t<div class=\"xl:mx-16 right-wrapper \n\t\t\t\t\"\n\t\t\t\t>\n        \n        \t\t\t\t\t<div class=\"wysiwyg\" data-aos=\"fade-up\">\n\t<p class=\"text-plabel text-blue\">APP BUSINESS<\/p>\n<h2>Application prim\u00e9e con\u00e7ue pour les petites entreprises<\/h2>\n<p class=\"text-p2\">G\u00e9rez votre entreprise avec facilit\u00e9 et recevez des paiements via des factures, des rappels et des liens de paiement simples.<\/p>\n\n\n\t\n\t\t\t<div class=\"buttons -m-4\">\n\t\t\t\t\t\t\t\t\t\t\t\t\t\t\t\t\t\t\t\t\t\t\t\t\t<a class=\"button custom-button filled m-4\" href=\"https:\/\/app.getoze.com\/fr\/register\" target=_blank>\n\tCr\u00e9ez un compte gratuit\n\t<\/a>\n\t\t\t\t\t\t\t\t\t\t\t\t\t\t\t\t\t\t\t\t\t\t\t\t<a class=\"button custom-button outlined m-4\" href=\"https:\/\/getoze.com\/fr\/app-business\/\" target=self>\n\tEn savoir plus\n\t<\/a>\n\t\t\t\t\t\t\t\t\t\t\t\t\t\t\t\t\t\t\t\t<\/div>\n\t<\/div>        \n        \n        \n\t\t\t\t\t\t\t<\/div>\n      <\/div>\n    <\/div>\n<\/section>\n\n\n<section class=\"featured-case-study-block mt-48 mb-28\" data-aos=\"fade-up\">\n\t<div class=\"container\">\n\t\t<div class=\"flex flex-wrap shadow-1 rounded-40px relative\">\n\t\t\t\t\t\t\t<div class=\"hidden lg:block\" data-aos>\n\t\t\t\t\t<div class=\"custom-animate animate-left-50-pos absolute left-full -top-16 w-[500px] h-3\/4 rounded-xl delay-200\" style=\"background-color: #F4D0EC\"><\/div>\n\t\t\t\t<\/div>\n\t\t\t\t\t\t<div class=\"w-full md:w-1\/2 md:pr-8 relative bg-white rounded-tl-40px lg:rounded-bl-lg\">\n\t\t\t\t<span class=\"absolute bg-blue rounded-br-40px rounded-tl-40px text-white py-1 px-8\">Featured Customer Story<\/span>\n\t\t\t\t\t<div class=\"pt-16 pb-8 lg:py-28 md:max-w-lg px-10\">\n\t\t\t\t\t\t\t\t\t\t\t<h2>COVID-19 Relief Loan Helps Ethical Ghana Get FDA Certification<\/h2>\n\t\t\t\t\t\t\t\t\t\t\t\t\t\t\t\t<p class=\"text-p2\">Ethical Ghana deals in the manufacture and distribution of handwash detergent, bathing and body wash products. During the Covid-19 period, her business was faced with certification challenges as the Food and Drugs Authority cracked down on illegal sanitiser and detergent products. Her clients demanded getting her products certified. <\/p>\n\t\t\t\t\t\n\t\t\t\t\t<div class=\"flex mt-6 flex-col\">\n\t\t\t\t\t\t<a class=\"text-navy-200 border-b-2 border-blue no-underline block w-fit mb-8\" href=\"https:\/\/getoze.com\/stories\/loan-ethical-ghana-fda-certification\/\">\n\t\t\t\t\t\t\tRead More\n\t\t\t\t\t\t<\/a>\n\t\t\t\t\t\t<a class=\"button custom-button outlined w-fit\" href=\"\/case-study\" target=self>\n\tAll Customer Stories\n\t<\/a>\n\t\t\t\t\t<\/div>\n\t\t\t\t<\/div>\n\t\t\t<\/div>\n\t\t\t<div class=\"min-h-[300px] relative w-full md:w-1\/2 md:pl-8 rounded-tl-75px lg:rounded-tr-40px rounded-bl-40px rounded-br-40px lg:rounded-bl-lg bg-cover\" style=\"background-image:url(https:\/\/getoze.com\/app\/uploads\/2022\/06\/image-45-e1654770180935.png)\"><\/div>\n\t\t<\/div>\n\t<\/div>\n<\/section>\n\n\n<section class=\"two-column-block my-28 mb-48 relative\"\n  >\n\n\n\t<div class=\"container\">\n    <div class=\"wrapper items-center flex-col\">\n\n      \n      <div class=\"\n\t\t\tmd:min-h-[500px] lg:min-h-[600px]\n\t\t\tmy-4 left w-full lg:w-1\/2 justify-center flex min-h-[300px] lg:h-auto\n\t\t\t\">\n\t\t\t\t<div class=\"xl:mx-16 left-wrapper absolute w-full\"\n\t\t\t\t> \n\t\t\t\t\t\n\t\t\t\t\t\n\t\t\t\t\t\n\t\t\t\t\t\n\t\t\t\t\t\t\n\t\t\t\t\t\t\t<div class=\"t1 lg:-ml-44 lg:absolute lg:top-0 lg:left-0 lg:w-1\/2 lg:h-full w-full -ml-4 h-[300px] md:h-[500px] relative\">\n\t\t\t<div class=\"w-full h-full absolute z-20 rounded-r-75px lg:rounded-lg !bg-cover left-0\" style=\"background: url(https:\/\/getoze.com\/app\/uploads\/2022\/06\/Telegram-7.png);\" data-aos=\"fade-up\"><\/div>\n\t\t\t\t\t\t\t<div class=\"hidden lg:block\" data-aos data-aos-offset=\"50\">\n\t<div class=\"custom-animate animate-right-16 absolute right-[80%] -bottom-16 width-calc-4 h-full rounded-xl\" style=\"background-color: #f4d0ec\"><\/div>\n<\/div>\n<div class=\"lg:hidden -mt-8\">\n\t<div class=\"absolute right-0 bottom -1rem h-full w-full -bottom-8 left-4 rounded-r-75px\" style=\"background-color: #f4d0ec\"><\/div>\n<\/div>\t\t\t\t\t\t\t\t<\/div>\n\t\n\t\t\t\t\t\t\t\t\t\t\t\t\t\t\t<\/div>\n      <\/div>\n\n      \n      <div class=\"\n\t\t\t\t\tmin-h-[300px] my-4\n\t\t\t\t\t\n\t\t\t\t\t\n\t\t\t\t\tright w-full lg:w-1\/2 justify-center flex  lg:h-auto\n\t\t\t\t\">\n\t\t\t\t<div class=\"xl:mx-16 right-wrapper \n\t\t\t\t\"\n\t\t\t\t>\n        \n        \t\t\t\t\t<div class=\"wysiwyg\" data-aos=\"fade-up\">\n\t<p class=\"text-plabel text-blue\">PAIEMENTS<\/p>\n<h2>Acceptez facilement les paiements num\u00e9riques de vos clients<\/h2>\n<p class=\"text-p2\">Recevez des paiements via l&#8217;argent mobile, la carte et plus encore. Envoyez des liens de paiement simples et des rappels qui mettent automatiquement \u00e0 jour vos ventes dans l&#8217;application.<\/p>\n\n\n\t\n\t\t\t<div class=\"buttons -m-4\">\n\t\t\t\t\t\t\t\t\t\t\t\t\t\t\t\t\t\t\t\t\t\t\t\t\t<a class=\"button custom-button filled m-4\" href=\"https:\/\/app.getoze.com\/fr\/register\" target=self>\n\tCr\u00e9ez un compte gratuit\n\t<\/a>\n\t\t\t\t\t\t\t\t\t\t\t\t\t\t\t\t\t\t\t\t\t\t\t\t<a class=\"button custom-button outlined m-4\" href=\"https:\/\/getoze.com\/fr\/histoires-de-clients\/\" target=self>\n\tHistoires de clients\n\t<\/a>\n\t\t\t\t\t\t\t\t\t\t\t\t\t\t\t\t\t\t\t\t<\/div>\n\t<\/div>        \n        \n        \n\t\t\t\t\t\t\t<\/div>\n      <\/div>\n    <\/div>\n<\/section>\n\n\n<section class=\"testimonials-block my-28\" data-aos=\"fade-up\">\n\t\t<div class=\"container\">\n\t\t\t<div class=\"swiper swiper-testimonials\">\n\t\t\t\t<div class=\"swiper-wrapper\">\n\t\t\t\t\t\t\t\t\t\t\t<div class=\"swiper-slide py-16 flex flex-col\">\n\t\t\t\t\t\t\t\t\t\t\t\t\t\t\t<div class=\"flex justify-center items-center mb-10\">\n\t\t\t\t\t\t\t\t\t\t\t\t\t\t\t\t\t\t\t<span class=\"w-8 not-last:mr-2\"><svg xmlns=\"http:\/\/www.w3.org\/2000\/svg\" viewBox=\"0 0 22.97 22\">\n\t<path fill=\"#1246EA\" d=\"M11.49,0,14.2,8.4H23l-7.1,5.2L18.58,22l-7.09-5.19L4.39,22,7.1,13.6,0,8.4H8.77Z\"\/>\n<\/svg><\/span>\n\t\t\t\t\t\t\t\t\t\t\t\t\t\t\t\t\t\t\t\t\t\t\t\t\t\t\t\t\t<span class=\"w-8 not-last:mr-2\"><svg xmlns=\"http:\/\/www.w3.org\/2000\/svg\" viewBox=\"0 0 22.97 22\">\n\t<path fill=\"#1246EA\" d=\"M11.49,0,14.2,8.4H23l-7.1,5.2L18.58,22l-7.09-5.19L4.39,22,7.1,13.6,0,8.4H8.77Z\"\/>\n<\/svg><\/span>\n\t\t\t\t\t\t\t\t\t\t\t\t\t\t\t\t\t\t\t\t\t\t\t\t\t\t\t\t\t<span class=\"w-8 not-last:mr-2\"><svg xmlns=\"http:\/\/www.w3.org\/2000\/svg\" viewBox=\"0 0 22.97 22\">\n\t<path fill=\"#1246EA\" d=\"M11.49,0,14.2,8.4H23l-7.1,5.2L18.58,22l-7.09-5.19L4.39,22,7.1,13.6,0,8.4H8.77Z\"\/>\n<\/svg><\/span>\n\t\t\t\t\t\t\t\t\t\t\t\t\t\t\t\t\t\t\t\t\t\t\t\t\t\t\t\t\t<span class=\"w-8 not-last:mr-2\"><svg xmlns=\"http:\/\/www.w3.org\/2000\/svg\" viewBox=\"0 0 22.97 22\">\n\t<path fill=\"#1246EA\" d=\"M11.49,0,14.2,8.4H23l-7.1,5.2L18.58,22l-7.09-5.19L4.39,22,7.1,13.6,0,8.4H8.77Z\"\/>\n<\/svg><\/span>\n\t\t\t\t\t\t\t\t\t\t\t\t\t\t\t\t\t\t\t\t\t\t\t\t\t\t\t\t\t<span class=\"w-8 not-last:mr-2\"><svg xmlns=\"http:\/\/www.w3.org\/2000\/svg\" viewBox=\"0 0 22.97 22\">\n\t<path fill=\"#1246EA\" d=\"M11.49,0,14.2,8.4H23l-7.1,5.2L18.58,22l-7.09-5.19L4.39,22,7.1,13.6,0,8.4H8.77Z\"\/>\n<\/svg><\/span>\n\t\t\t\t\t\t\t\t\t\t\t\t\t\t\t\t\t\t\t\t\t\t\t\t\t\t\t<\/div>\n\t\t\t\t\t\t\t\t\t\t\t\t\t\t<div class=\"max-w-2xl mx-auto text-center\">\n\t\t\t\t\t\t\t\t\t\t\t\t\t\t\t\t\t<p class=\"text-pintro !mb-10\">&quot;Great app!!! It&#039;s quite easy to use and very efficient. I find it very helpful. Wish I had downloaded it before now.&quot;<\/p>\n\t\t\t\t\t\t\t\t\t\t\t\t\t\t\t\t\t\t\t\t\t\t\t\t\t<div class=\"flex items-center justify-center\">\n\t\t\t\t\t\t\t\t\t\t\t\t\t\t\t\t\t\t\t\t<p class=\"text-p2bold\">\n\t\t\t\t\t\t\t\t\t\t\t<span class=\"font-bold\">~ Oladoyin Omotayo<\/span>\n\t\t\t\t\t\t\t\t\t\t\t\t\t\t\t\t\t\t\t\t\t<\/p>\n\t\t\t\t\t\t\t\t\t<\/div>\n\t\t\t\t\t\t\t\t\n\t\t\t\t\t\t\t<\/div>\n\t\t\t\t\t\t<\/div>\n\t\t\t\t\t\t\t\t\t<\/div>\n\t\t\t<\/div>\n\t\t<\/div>\n\t<\/section>\n\n\n<section class=\"cta-with-columns-block my-48\" data-aos=\"fade-up\">\n\t<div class=\"relative mx-auto max-w-5xl\">\n\t\t<img decoding=\"async\" class=\"absolute -top-[10%] -left-[5%] w-1\/2 lg:top-[-17%] lg:left-[-13%] lg:w-auto\" src=\"https:\/\/getoze.com\/app\/themes\/oze\/public\/images\/icons\/pie.132516.svg\"\n\t\t\talt=\"pie\">\n\t\t<img decoding=\"async\" class=\"absolute top-[-6%] right-[5%] w-1\/4 lg:top-[-17%] lg:right-[40%] lg:w-auto\" src=\"https:\/\/getoze.com\/app\/themes\/oze\/public\/images\/icons\/coin.42dc86.svg\"\n\t\t\talt=\"coin\">\n\t\t<img decoding=\"async\" class=\"absolute top-1\/2 -right-[20%] w-1\/2 lg:top-[25%] lg:w-auto\" src=\"https:\/\/getoze.com\/app\/themes\/oze\/public\/images\/icons\/phone.93e14d.svg\" alt=\"phone\">\n\t\t<img decoding=\"async\" class=\"absolute -left-[17%] top-[40%] w-1\/2 lg:w-auto\" src=\"https:\/\/getoze.com\/app\/themes\/oze\/public\/images\/icons\/graph.21f161.svg\" alt=\"graph\">\n\t\t<div\n\t\t\tclass=\"relative m-6 flex flex-wrap justify-between rounded-40px bg-white bg-opacity-95 shadow-2 lg:m-0 lg:flex-nowrap\">\n\t\t\t<div\n\t\t\t\tclass=\"flex h-full w-full max-w-xl flex-col flex-wrap justify-between p-10 text-black lg:w-2\/3 lg:px-16 lg:py-32\">\n\t\t\t\t<div>\n\t\t\t\t\t\t\t\t\t\t\t<h2>D\u00e9couvrez ce que Oze peut faire pour votre entreprise.<\/h2>\n\t\t\t\t\t\t\t\t\t\t\t\t\t\t\t\t<div class=\"max-w-xs\">\n\t\t\t\t\t\t\t<p>Qu&#039;attendez-vous ?<\/p>\n\t\t\t\t\t\t<\/div>\n\t\t\t\t\t\t\t\t\t<\/div>\n\t\t\t\t\t\t\t\t\t\t\t\t\t\t<div class=\"mt-8 flex\">\n\t\t\t\t\t\t<a class=\"button custom-button filled\" href=\"https:\/\/app.getoze.com\/register\" target=_blank>\n\tCr\u00e9ez un compte gratuit\n\t<\/a>\n\t\t\t\t\t<\/div>\n\t\t\t\t\t\t\t\t\t\t\t\t<\/div>\n\t\t\t<div\n\t\t\t\tclass=\"lg:w-content flex w-full flex-col rounded-b-40px bg-navy text-white lg:rounded-bl-lg lg:rounded-br-40px lg:rounded-tr-40px\">\n\t\t\t\t<div class=\"flex h-full flex-col flex-wrap justify-between p-10 text-white lg:max-w-xl lg:px-16 lg:py-32\">\n\t\t\t\t\t<div>\n\t\t\t\t\t\t\t\t\t\t\t\t\t<h3>Ou contactez-nous pour en savoir plus<\/h3>\n\t\t\t\t\t\t\t\t\t\t\t\t\t\t\t\t\t\t\t<div class=\"max-w-xs\">\n\t\t\t\t\t\t\t\t<p>Voulez-vous travailler avec nous ? Parlons-en.<\/p>\n\t\t\t\t\t\t\t<\/div>\n\t\t\t\t\t\t\t\t\t\t\t<\/div>\n\t\t\t\t\t\t\t\t\t\t\t\t\t\t\t\t\t<div class=\"mt-8 flex\">\n\t\t\t\t\t\t\t<a class=\"button custom-button filled\" href=\"https:\/\/getoze.com\/fr\/contactez-nous\/\" target=_blank>\n\tContactez Nous\n\t<\/a>\n\t\t\t\t\t\t<\/div>\n\t\t\t\t\t\t\t\t\t\t\t\t\t\t\t<\/div>\n\t\t\t<\/div>\n\t\t<\/div>\n\t<\/div>\n<\/section>\n","protected":false},"excerpt":{"rendered":"","protected":false},"author":1,"featured_media":0,"parent":0,"menu_order":0,"comment_status":"closed","ping_status":"closed","template":"","meta":{"_acf_changed":false,"content-type":"","footnotes":""},"class_list":["post-4774","page","type-page","status-publish","hentry"],"acf":[],"yoast_head":"<!-- This site is optimized with the Yoast SEO Premium plugin v18.4 (Yoast SEO v26.9) - https:\/\/yoast.com\/product\/yoast-seo-premium-wordpress\/ -->\n<title>Pour les petites entreprises - Oze<\/title>\n<meta name=\"robots\" content=\"index, follow, max-snippet:-1, max-image-preview:large, max-video-preview:-1\" \/>\n<link rel=\"canonical\" href=\"https:\/\/getoze.com\/fr\/pour-petites-entreprises\/\" \/>\n<meta property=\"og:locale\" content=\"fr_FR\" \/>\n<meta property=\"og:type\" content=\"article\" \/>\n<meta property=\"og:title\" content=\"Pour les petites entreprises\" \/>\n<meta property=\"og:url\" content=\"https:\/\/getoze.com\/fr\/pour-petites-entreprises\/\" \/>\n<meta property=\"og:site_name\" content=\"Oze\" \/>\n<meta property=\"article:publisher\" content=\"https:\/\/www.facebook.com\/ozeapp\/\" \/>\n<meta property=\"article:modified_time\" content=\"2024-08-22T13:15:35+00:00\" \/>\n<meta name=\"twitter:card\" content=\"summary_large_image\" \/>\n<meta name=\"twitter:site\" content=\"@oze\" \/>\n<script type=\"application\/ld+json\" class=\"yoast-schema-graph\">{\"@context\":\"https:\/\/schema.org\",\"@graph\":[{\"@type\":\"WebPage\",\"@id\":\"https:\/\/getoze.com\/fr\/pour-petites-entreprises\/\",\"url\":\"https:\/\/getoze.com\/fr\/pour-petites-entreprises\/\",\"name\":\"Pour les petites entreprises - Oze\",\"isPartOf\":{\"@id\":\"https:\/\/getoze.com\/fr\/#website\"},\"datePublished\":\"2022-06-08T10:32:23+00:00\",\"dateModified\":\"2024-08-22T13:15:35+00:00\",\"breadcrumb\":{\"@id\":\"https:\/\/getoze.com\/fr\/pour-petites-entreprises\/#breadcrumb\"},\"inLanguage\":\"fr-FR\",\"potentialAction\":[{\"@type\":\"ReadAction\",\"target\":[\"https:\/\/getoze.com\/fr\/pour-petites-entreprises\/\"]}]},{\"@type\":\"BreadcrumbList\",\"@id\":\"https:\/\/getoze.com\/fr\/pour-petites-entreprises\/#breadcrumb\",\"itemListElement\":[{\"@type\":\"ListItem\",\"position\":1,\"name\":\"Home\",\"item\":\"https:\/\/getoze.com\/fr\/\"},{\"@type\":\"ListItem\",\"position\":2,\"name\":\"Pour les petites entreprises\"}]},{\"@type\":\"WebSite\",\"@id\":\"https:\/\/getoze.com\/fr\/#website\",\"url\":\"https:\/\/getoze.com\/fr\/\",\"name\":\"Oze\",\"description\":\"Unlock your business success\",\"publisher\":{\"@id\":\"https:\/\/getoze.com\/fr\/#organization\"},\"potentialAction\":[{\"@type\":\"SearchAction\",\"target\":{\"@type\":\"EntryPoint\",\"urlTemplate\":\"https:\/\/getoze.com\/fr\/?s={search_term_string}\"},\"query-input\":{\"@type\":\"PropertyValueSpecification\",\"valueRequired\":true,\"valueName\":\"search_term_string\"}}],\"inLanguage\":\"fr-FR\"},{\"@type\":\"Organization\",\"@id\":\"https:\/\/getoze.com\/fr\/#organization\",\"name\":\"Oze\",\"url\":\"https:\/\/getoze.com\/fr\/\",\"logo\":{\"@type\":\"ImageObject\",\"inLanguage\":\"fr-FR\",\"@id\":\"https:\/\/getoze.com\/fr\/#\/schema\/logo\/image\/\",\"url\":\"https:\/\/getoze.com\/app\/uploads\/2022\/06\/oze_logo-1.svg\",\"contentUrl\":\"https:\/\/getoze.com\/app\/uploads\/2022\/06\/oze_logo-1.svg\",\"width\":1,\"height\":1,\"caption\":\"Oze\"},\"image\":{\"@id\":\"https:\/\/getoze.com\/fr\/#\/schema\/logo\/image\/\"},\"sameAs\":[\"https:\/\/www.facebook.com\/ozeapp\/\",\"https:\/\/x.com\/oze\",\"https:\/\/www.linkedin.com\/company\/ozeapp\/\"]}]}<\/script>\n<!-- \/ Yoast SEO Premium plugin. -->","yoast_head_json":{"title":"Pour les petites entreprises - Oze","robots":{"index":"index","follow":"follow","max-snippet":"max-snippet:-1","max-image-preview":"max-image-preview:large","max-video-preview":"max-video-preview:-1"},"canonical":"https:\/\/getoze.com\/fr\/pour-petites-entreprises\/","og_locale":"fr_FR","og_type":"article","og_title":"Pour les petites entreprises","og_url":"https:\/\/getoze.com\/fr\/pour-petites-entreprises\/","og_site_name":"Oze","article_publisher":"https:\/\/www.facebook.com\/ozeapp\/","article_modified_time":"2024-08-22T13:15:35+00:00","twitter_card":"summary_large_image","twitter_site":"@oze","schema":{"@context":"https:\/\/schema.org","@graph":[{"@type":"WebPage","@id":"https:\/\/getoze.com\/fr\/pour-petites-entreprises\/","url":"https:\/\/getoze.com\/fr\/pour-petites-entreprises\/","name":"Pour les petites entreprises - Oze","isPartOf":{"@id":"https:\/\/getoze.com\/fr\/#website"},"datePublished":"2022-06-08T10:32:23+00:00","dateModified":"2024-08-22T13:15:35+00:00","breadcrumb":{"@id":"https:\/\/getoze.com\/fr\/pour-petites-entreprises\/#breadcrumb"},"inLanguage":"fr-FR","potentialAction":[{"@type":"ReadAction","target":["https:\/\/getoze.com\/fr\/pour-petites-entreprises\/"]}]},{"@type":"BreadcrumbList","@id":"https:\/\/getoze.com\/fr\/pour-petites-entreprises\/#breadcrumb","itemListElement":[{"@type":"ListItem","position":1,"name":"Home","item":"https:\/\/getoze.com\/fr\/"},{"@type":"ListItem","position":2,"name":"Pour les petites entreprises"}]},{"@type":"WebSite","@id":"https:\/\/getoze.com\/fr\/#website","url":"https:\/\/getoze.com\/fr\/","name":"Oze","description":"Unlock your business success","publisher":{"@id":"https:\/\/getoze.com\/fr\/#organization"},"potentialAction":[{"@type":"SearchAction","target":{"@type":"EntryPoint","urlTemplate":"https:\/\/getoze.com\/fr\/?s={search_term_string}"},"query-input":{"@type":"PropertyValueSpecification","valueRequired":true,"valueName":"search_term_string"}}],"inLanguage":"fr-FR"},{"@type":"Organization","@id":"https:\/\/getoze.com\/fr\/#organization","name":"Oze","url":"https:\/\/getoze.com\/fr\/","logo":{"@type":"ImageObject","inLanguage":"fr-FR","@id":"https:\/\/getoze.com\/fr\/#\/schema\/logo\/image\/","url":"https:\/\/getoze.com\/app\/uploads\/2022\/06\/oze_logo-1.svg","contentUrl":"https:\/\/getoze.com\/app\/uploads\/2022\/06\/oze_logo-1.svg","width":1,"height":1,"caption":"Oze"},"image":{"@id":"https:\/\/getoze.com\/fr\/#\/schema\/logo\/image\/"},"sameAs":["https:\/\/www.facebook.com\/ozeapp\/","https:\/\/x.com\/oze","https:\/\/www.linkedin.com\/company\/ozeapp\/"]}]}},"_links":{"self":[{"href":"https:\/\/getoze.com\/fr\/wp-json\/wp\/v2\/pages\/4774","targetHints":{"allow":["GET"]}}],"collection":[{"href":"https:\/\/getoze.com\/fr\/wp-json\/wp\/v2\/pages"}],"about":[{"href":"https:\/\/getoze.com\/fr\/wp-json\/wp\/v2\/types\/page"}],"author":[{"embeddable":true,"href":"https:\/\/getoze.com\/fr\/wp-json\/wp\/v2\/users\/1"}],"replies":[{"embeddable":true,"href":"https:\/\/getoze.com\/fr\/wp-json\/wp\/v2\/comments?post=4774"}],"version-history":[{"count":5,"href":"https:\/\/getoze.com\/fr\/wp-json\/wp\/v2\/pages\/4774\/revisions"}],"predecessor-version":[{"id":18374,"href":"https:\/\/getoze.com\/fr\/wp-json\/wp\/v2\/pages\/4774\/revisions\/18374"}],"wp:attachment":[{"href":"https:\/\/getoze.com\/fr\/wp-json\/wp\/v2\/media?parent=4774"}],"curies":[{"name":"wp","href":"https:\/\/api.w.org\/{rel}","templated":true}]}}