{"id":4775,"date":"2022-06-08T10:33:02","date_gmt":"2022-06-08T10:33:02","guid":{"rendered":"https:\/\/getoze.com\/pour-les-organisations-a-impact\/"},"modified":"2024-08-22T12:32:44","modified_gmt":"2024-08-22T12:32:44","slug":"pour-organisations-impact","status":"publish","type":"page","link":"https:\/\/getoze.com\/fr\/pour-organisations-impact\/","title":{"rendered":"Pour les organisations \u00e0 impact"},"content":{"rendered":"<section class=\"two-column-block mb-28 mt-12  relative\"\n  >\n\n\n\t<div class=\"container\">\n    <div class=\"wrapper items-center flex-col-reverse\">\n\n      \n      <div class=\"\n\t\t\t\n\t\t\tmy-4 left w-full lg:w-1\/2 justify-center flex min-h-[300px] lg:h-auto\n\t\t\t\">\n\t\t\t\t<div class=\"xl:mx-16 left-wrapper \"\n\t\t\t\t> \n\t\t\t\t\t\n\t\t\t\t\t\n\t\t\t\t\t\t<div class=\"wysiwyg \" data-aos=\"fade-up\">\n\t<p class=\"text-plabel text-blue\">OZE POUR LES ORGANISATIONS \u00c0 IMPACT<\/p>\n<h1>Assurez-vous de votre impact sur les petites entreprises<\/h1>\n<p class=\"text-p2\">Oze s&#8217;associe avec des organisations \u00e0 impact comme la v\u00f4tre pour assurer le succ\u00e8s de vos programmes pour petites entreprises.<\/p>\n\n\n\t\n\t\t\t<div class=\"buttons -m-2 lg:-m-4\">\n\t\t\t\t\t\t\t\t\t\t\t\t\t\t\t\t\t\t\t\t\t\t\t\t\t\t\t\t\t\t\t\t<a class=\"button custom-button filled m-2 lg:m-4 \" href=\"\/contact-us\" target=_blank>\n\tContactez-nous\n\t<\/a>\n\t\t\t\t\t\t\t\t\t\t\t\t\t\t\t\t\t\t\t\t<\/div>\n\t<\/div>\n\t\t\t\t\t\n\t\t\t\t\t\n\t\t\t\t\t\t\t\t\t<\/div>\n      <\/div>\n\n      \n      <div class=\"\n\t\t\t\t\tmin-h-[300px] my-4\n\t\t\t\t\tmd:min-h-[500px] lg:min-h-[600px]\n\t\t\t\t\t\n\t\t\t\t\tright w-full lg:w-1\/2 justify-center flex  lg:h-auto\n\t\t\t\t\">\n\t\t\t\t<div class=\"xl:mx-16 right-wrapper absolute w-full\n\t\t\t\t\"\n\t\t\t\t>\n        \n        \n        \n                  \t\t\t\t\t\t<div\n\t\tclass=\"t4 relative ml-4 h-[300px] w-full md:h-[500px] lg:absolute lg:right-0 lg:top-0 lg:-mr-44 lg:h-full lg:w-1\/2\">\n\t\t\t\t<div\n\t\t\tclass=\"image-animation-container relative right-0 z-20 h-full w-full rounded-l-75px !bg-cover lg:absolute lg:rounded-lg\"\n\t\t\tdata-aos=\"fade-up\" style=\"background: url(https:\/\/getoze.com\/app\/uploads\/2022\/06\/IMG_3224-scaled.jpg);\"><\/div>\n\t\t\t\t\t\t\t\t\t\t\t<div class=\"hidden lg:block\" data-aos data-aos-offset=\"50\">\n\t<div class=\"custom-animate animate-left-16 absolute left-[80%] -bottom-16 width-calc-4 h-full rounded-xl\" style=\"background-color: #00dca4\"><\/div>\n<\/div>\n<div class=\"lg:hidden\">\n\t<div class=\"absolute right-0 bottom h-full w-full -bottom-8 left-4 rounded-l-75px\" style=\"background-color: #00dca4\"><\/div>\n<\/div>\t\t\t<\/div>\n                  \n\t\t\t\t\t\t\t<\/div>\n      <\/div>\n    <\/div>\n<\/section>\n\n\n<section class=\"multi-column-block my-28\">\n  <div class=\"container\">\n\t\t<div class=\"\">\n\t\t\t\t\t\t\t<div class=\"content max-w-3xl mx-auto text-center\" data-aos=\"fade-up\">\n\t\t\t\t\t<h2>Outils et produits con\u00e7us par des professionnels exp\u00e9riment\u00e9s en soutien \u00e0 l&#8217;entrepreneuriat<\/h2>\n<p>S&amp;E et \u00e9ducation commerciale num\u00e9rique faites de la bonne mani\u00e8re. Des moyens cr\u00e9atifs pour faire entendre votre message.<\/p>\n\n\t\t\t\t<\/div>\n\t\t\t\t\t\t\t\t\t\t\t\t\t\t<div class=\"flex flex-wrap -m-4 justify-center lg:justify-between !mt-8 items-start\">\n\t\t\t\t\t\t\t\t\t\t\t\t\t\t\t\t<div class=\"p-4 flex flex-col text-center justify-center items-center w-12\/12 lg:w-4\/12\" data-aos=\"fade-up\" data-aos-delay=\"0\">\n\t\t\t\t\t\t\t\t\t\t\t\t\t\t\t<img decoding=\"async\" src=\"https:\/\/getoze.com\/app\/uploads\/2022\/06\/dashboard.svg\" alt=\"\" class=\"max-w-[180px] \">\n\t\t\t\t\t\t\t\t\t\t\t\t\t\t\t\t\t\t\t\t\t<div>\n\t\t\t\t\t\t\t\t\t\t\t\t\t\t\t\t\t<p class=\"mt-4 font-bold\">Suivi et \u00e9valuation<\/p>\n\t\t\t\t\t\t\t\t\t\t\t\t\t\t\t\t\t\t\t\t\t\t\t<\/div>\n\t\t\t\t\t\t<\/div>\n\t\t\t\t\t\t\t\t\t\t\t\t\t\t\t\t\t<div class=\"p-4 flex flex-col text-center justify-center items-center w-12\/12 lg:w-4\/12\" data-aos=\"fade-up\" data-aos-delay=\"100\">\n\t\t\t\t\t\t\t\t\t\t\t\t\t\t\t<img decoding=\"async\" src=\"https:\/\/getoze.com\/app\/uploads\/2022\/06\/Icon-1.svg\" alt=\"Credit score\" class=\"max-w-[180px] \">\n\t\t\t\t\t\t\t\t\t\t\t\t\t\t\t\t\t\t\t\t\t<div>\n\t\t\t\t\t\t\t\t\t\t\t\t\t\t\t\t\t<p class=\"mt-4 font-bold\">Score de cr\u00e9dit<\/p>\n\t\t\t\t\t\t\t\t\t\t\t\t\t\t\t\t\t\t\t\t\t\t\t<\/div>\n\t\t\t\t\t\t<\/div>\n\t\t\t\t\t\t\t\t\t\t\t\t\t\t\t\t\t<div class=\"p-4 flex flex-col text-center justify-center items-center w-12\/12 lg:w-4\/12\" data-aos=\"fade-up\" data-aos-delay=\"200\">\n\t\t\t\t\t\t\t\t\t\t\t\t\t\t\t<img decoding=\"async\" src=\"https:\/\/getoze.com\/app\/uploads\/2022\/06\/Icon-25.svg\" alt=\"\" class=\"max-w-[180px] \">\n\t\t\t\t\t\t\t\t\t\t\t\t\t\t\t\t\t\t\t\t\t<div>\n\t\t\t\t\t\t\t\t\t\t\t\t\t\t\t\t\t<p class=\"mt-4 font-bold\">Perception client<\/p>\n\t\t\t\t\t\t\t\t\t\t\t\t\t\t\t\t\t\t\t\t\t\t\t<\/div>\n\t\t\t\t\t\t<\/div>\n\t\t\t\t\t\t\t\t\t\t\t\t\t\t\t<\/div>\n\t\t\t\t\t\t\t\t<\/div>\n  <\/div>\n<\/section>\n\n<section class=\"two-column-block my-28  relative\"\n  >\n\n\n\t<div class=\"container\">\n    <div class=\"wrapper items-center flex-col\">\n\n      \n      <div class=\"\n\t\t\tmd:min-h-[500px] lg:min-h-[600px]\n\t\t\tmy-4 left w-full lg:w-1\/2 justify-center flex min-h-[300px] lg:h-auto\n\t\t\t\">\n\t\t\t\t<div class=\"xl:mx-16 left-wrapper absolute w-full\"\n\t\t\t\t> \n\t\t\t\t\t\n\t\t\t\t\t\n\t\t\t\t\t\n\t\t\t\t\t\n\t\t\t\t\t\t\n\t\t\t\t\t\t\t<div class=\"t-0 lg:absolute lg:top-0 lg:left-0 lg:w-1\/2 lg:h-full w-full ml-0 h-[300px] md:h-[500px] relative \" data-aos=\"fade-up\">\n\t\t\t<div class=\"hidden lg:block w-full h-full lg:absolute z-20 !bg-contain !bg-no-repeat\" style=\"background: url(https:\/\/getoze.com\/app\/uploads\/2022\/06\/pc-desktop.png);\"><\/div>\n\t\t\t\t\t\t\t<div class=\"lg:hidden absolute min-h-[300px] md:min-h-[500px] bg-contain bg-no-repeat bg-right width-calc-2\" style=\"background-image: url(https:\/\/getoze.com\/app\/uploads\/2022\/06\/pc-mobile-screen-1.png);\"><\/div>\n\t\t\t\t\t<\/div>\n\t\n\t\t\t\t\t\t\t\t\t\t\t\t\t\t\t<\/div>\n      <\/div>\n\n      \n      <div class=\"\n\t\t\t\t\tmin-h-[300px] my-4\n\t\t\t\t\t\n\t\t\t\t\t\n\t\t\t\t\tright w-full lg:w-1\/2 justify-center flex  lg:h-auto\n\t\t\t\t\">\n\t\t\t\t<div class=\"xl:mx-16 right-wrapper \n\t\t\t\t\"\n\t\t\t\t>\n        \n        \t\t\t\t\t<div class=\"wysiwyg\" data-aos=\"fade-up\">\n\t<p class=\"text-plabel text-blue\">SUIVI ET \u00c9VALUATION<\/p>\n<h2>Voyez votre impact en un coup d&#8217;\u0153il<\/h2>\n<p class=\"text-p2\">R\u00e9duisez vos d\u00e9placements sur le terrain. Surveillez des indicateurs comme la croissance des entreprises, les emplois cr\u00e9\u00e9s. Tout depuis votre tableau de bord.<\/p>\n\n\n\t\n\t\t\t<div class=\"buttons -m-4\">\n\t\t\t\t\t\t\t\t\t\t\t\t\t\t\t\t\t\t\t\t\t\t\t\t\t<a class=\"button custom-button filled m-4\" href=\"\/contact-us\/\" target=_blank>\n\tContactez-nous\n\t<\/a>\n\t\t\t\t\t\t\t\t\t\t\t\t\t\t\t\t\t\t\t\t<\/div>\n\t<\/div>        \n        \n        \n\t\t\t\t\t\t\t<\/div>\n      <\/div>\n    <\/div>\n<\/section>\n\n\n<section class=\"featured-case-study-block mt-48 mb-28\" data-aos=\"fade-up\">\n\t<div class=\"container\">\n\t\t<div class=\"flex flex-wrap shadow-1 rounded-40px relative\">\n\t\t\t\t\t\t\t<div class=\"hidden lg:block\" data-aos>\n\t\t\t\t\t<div class=\"custom-animate animate-left-50-pos absolute left-full -top-16 w-[500px] h-3\/4 rounded-xl delay-200\" style=\"background-color: #1246ea\"><\/div>\n\t\t\t\t<\/div>\n\t\t\t\t\t\t<div class=\"w-full md:w-1\/2 md:pr-8 relative bg-white rounded-tl-40px lg:rounded-bl-lg\">\n\t\t\t\t<span class=\"absolute bg-blue rounded-br-40px rounded-tl-40px text-white py-1 px-8\">Featured Customer Story<\/span>\n\t\t\t\t\t<div class=\"pt-16 pb-8 lg:py-28 md:max-w-lg px-10\">\n\t\t\t\t\t\t\t\t\t\t\t<h2>JClassy Ties &#038; More Finds Their Niche!<\/h2>\n\t\t\t\t\t\t\t\t\t\t\t\t\t\t\t\t<p class=\"text-p2\">Joseph is the CEO of JClassy Ties &amp; More, an up-and-coming fashion business based in Accra. JClassy sells all manner of products in Men\u2019s fashion including ties, bow-ties, cuff-links, dress shirts, trousers, and even lapel pins. One of JClassy\u2019s favorite Oze features is the receipts. He says it gives his business an extra professional touch.<\/p>\n\t\t\t\t\t\n\t\t\t\t\t<div class=\"flex mt-6 flex-col\">\n\t\t\t\t\t\t<a class=\"text-navy-200 border-b-2 border-blue no-underline block w-fit mb-8\" href=\"https:\/\/getoze.com\/stories\/jclassy-ties-finds-niche\/\">\n\t\t\t\t\t\t\tRead More\n\t\t\t\t\t\t<\/a>\n\t\t\t\t\t\t<a class=\"button custom-button outlined w-fit\" href=\"\/case-study\" target=self>\n\tAll Customer Stories\n\t<\/a>\n\t\t\t\t\t<\/div>\n\t\t\t\t<\/div>\n\t\t\t<\/div>\n\t\t\t<div class=\"min-h-[300px] relative w-full md:w-1\/2 md:pl-8 rounded-tl-75px lg:rounded-tr-40px rounded-bl-40px rounded-br-40px lg:rounded-bl-lg bg-cover\" style=\"background-image:url(https:\/\/getoze.com\/app\/uploads\/2022\/06\/KRI_0274v2-scaled.jpg)\"><\/div>\n\t\t<\/div>\n\t<\/div>\n<\/section>\n\n\n<section class=\"two-column-block my-28  relative\"\n  >\n\n\n\t<div class=\"container\">\n    <div class=\"wrapper items-center flex-col\">\n\n      \n      <div class=\"\n\t\t\t\n\t\t\tmy-4 left w-full lg:w-1\/2 justify-center flex min-h-[300px] lg:h-auto\n\t\t\t\">\n\t\t\t\t<div class=\"xl:mx-16 left-wrapper \"\n\t\t\t\t> \n\t\t\t\t\t\n\t\t\t\t\t\n\t\t\t\t\t\t<div class=\"wysiwyg \" data-aos=\"fade-up\">\n\t<p class=\"text-plabel text-blue\">\u00c9DUCATION COMMERCIALE NUM\u00c9RIQUE<\/p>\n<h2>Des conseils pratiques que les PME retiennent vraiment<\/h2>\n<p class=\"text-p2\">Nos conseils commerciaux en petits morceaux et nos courtes vid\u00e9os de coaching permettent aux PME d&#8217;apprendre et de mettre en pratique. Assurant que les nouvelles connaissances restent \u00e0 long terme.<\/p>\n\n\n\t\n\t\t\t<div class=\"buttons -m-2 lg:-m-4\">\n\t\t\t\t\t\t\t\t\t\t\t\t\t\t\t\t\t\t\t\t\t\t\t\t\t\t\t\t\t\t\t\t<a class=\"button custom-button filled m-2 lg:m-4 \" href=\"http:\/\/contact-us\/\" target=self>\n\tContactez-nous\n\t<\/a>\n\t\t\t\t\t\t\t\t\t\t\t\t\t\t\t\t\t\t\t\t<\/div>\n\t<\/div>\n\t\t\t\t\t\n\t\t\t\t\t\n\t\t\t\t\t\t\t\t\t<\/div>\n      <\/div>\n\n      \n      <div class=\"\n\t\t\t\t\tmin-h-[300px] my-4\n\t\t\t\t\tmd:min-h-[500px] lg:min-h-[600px]\n\t\t\t\t\t\n\t\t\t\t\tright w-full lg:w-1\/2 justify-center flex  lg:h-auto\n\t\t\t\t\">\n\t\t\t\t<div class=\"xl:mx-16 right-wrapper absolute w-full\n\t\t\t\t\"\n\t\t\t\t>\n        \n        \n        \n                  \t\t\t\t\t\t<div\n\t\tclass=\"t4 relative ml-4 h-[300px] w-full md:h-[500px] lg:absolute lg:right-0 lg:top-0 lg:-mr-44 lg:h-full lg:w-1\/2\">\n\t\t\t\t<div\n\t\t\tclass=\"image-animation-container relative right-0 z-20 h-full w-full rounded-l-75px !bg-cover lg:absolute lg:rounded-lg\"\n\t\t\tdata-aos=\"fade-up\" style=\"background: url(https:\/\/getoze.com\/app\/uploads\/2022\/06\/IMG_9414-1-1.jpg);\"><\/div>\n\t\t\t\t\t\t\t\t\t\t\t<div class=\"hidden lg:block\" data-aos data-aos-offset=\"50\">\n\t<div class=\"custom-animate animate-left-16 absolute left-[80%] -bottom-16 width-calc-4 h-full rounded-xl\" style=\"background-color: #f4d0ec\"><\/div>\n<\/div>\n<div class=\"lg:hidden\">\n\t<div class=\"absolute right-0 bottom h-full w-full -bottom-8 left-4 rounded-l-75px\" style=\"background-color: #f4d0ec\"><\/div>\n<\/div>\t\t\t<\/div>\n                  \n\t\t\t\t\t\t\t<\/div>\n      <\/div>\n    <\/div>\n<\/section>\n\n\n<section class=\"two-column-block my-28 mb-48 relative\"\n  >\n\n\n\t<div class=\"container\">\n    <div class=\"wrapper items-center flex-col\">\n\n      \n      <div class=\"\n\t\t\tmd:min-h-[500px] lg:min-h-[600px]\n\t\t\tmy-4 left w-full lg:w-1\/2 justify-center flex min-h-[300px] lg:h-auto\n\t\t\t\">\n\t\t\t\t<div class=\"xl:mx-16 left-wrapper absolute w-full\"\n\t\t\t\t> \n\t\t\t\t\t\n\t\t\t\t\t\n\t\t\t\t\t\n\t\t\t\t\t\n\t\t\t\t\t\t\n\t\t\t\t\t\t\t<div class=\"t1 lg:-ml-44 lg:absolute lg:top-0 lg:left-0 lg:w-1\/2 lg:h-full w-full -ml-4 h-[300px] md:h-[500px] relative\">\n\t\t\t<div class=\"w-full h-full absolute z-20 rounded-r-75px lg:rounded-lg !bg-cover left-0\" style=\"background: url(https:\/\/getoze.com\/app\/uploads\/2022\/06\/IMG_6945-3-scaled.jpg);\" data-aos=\"fade-up\"><\/div>\n\t\t\t\t\t\t\t<div class=\"hidden lg:block\" data-aos data-aos-offset=\"50\">\n\t<div class=\"custom-animate animate-right-16 absolute right-[80%] -bottom-16 width-calc-4 h-full rounded-xl\" style=\"background-color: #00dca4\"><\/div>\n<\/div>\n<div class=\"lg:hidden -mt-8\">\n\t<div class=\"absolute right-0 bottom -1rem h-full w-full -bottom-8 left-4 rounded-r-75px\" style=\"background-color: #00dca4\"><\/div>\n<\/div>\t\t\t\t\t\t\t\t<\/div>\n\t\n\t\t\t\t\t\t\t\t\t\t\t\t\t\t\t<\/div>\n      <\/div>\n\n      \n      <div class=\"\n\t\t\t\t\tmin-h-[300px] my-4\n\t\t\t\t\t\n\t\t\t\t\t\n\t\t\t\t\tright w-full lg:w-1\/2 justify-center flex  lg:h-auto\n\t\t\t\t\">\n\t\t\t\t<div class=\"xl:mx-16 right-wrapper \n\t\t\t\t\"\n\t\t\t\t>\n        \n        \t\t\t\t\t<div class=\"wysiwyg\" data-aos=\"fade-up\">\n\t<p class=\"text-plabel text-blue\">CONSEILS COMMERCIAUX SPONSORIS\u00c9S<\/p>\n<h2>Construisez une notori\u00e9t\u00e9 cibl\u00e9e et votre r\u00e9putation aupr\u00e8s des PME<\/h2>\n<p>Construisez une notori\u00e9t\u00e9 cibl\u00e9e et votre r\u00e9putation aupr\u00e8s des PME<\/p>\n<p>Selon la principale plateforme d&#8217;emploi au Ghana, Jobberman.gh.com, il faut en moyenne 2 mois aux entreprises pour embaucher un nouveau vendeur. Ne vous attendez pas \u00e0 avoir renvoy\u00e9 un employ\u00e9 peu performant pour commencer \u00e0 chercher son rempla\u00e7ant.<\/p>\n\n\n\t\n\t\t\t<div class=\"buttons -m-4\">\n\t\t\t\t\t\t\t\t\t\t\t\t\t\t\t\t\t\t\t\t\t\t\t\t\t<a class=\"button custom-button filled m-4\" href=\"\/contact-us\" target=self>\n\tContactez-nous\n\t<\/a>\n\t\t\t\t\t\t\t\t\t\t\t\t\t\t\t\t\t\t\t\t<\/div>\n\t<\/div>        \n        \n        \n\t\t\t\t\t\t\t<\/div>\n      <\/div>\n    <\/div>\n<\/section>\n\n\n<section class=\"cta-with-columns-block my-48\" data-aos=\"fade-up\">\n\t<div class=\"relative mx-auto max-w-5xl\">\n\t\t<img decoding=\"async\" class=\"absolute -top-[10%] -left-[5%] w-1\/2 lg:top-[-17%] lg:left-[-13%] lg:w-auto\" src=\"https:\/\/getoze.com\/app\/themes\/oze\/public\/images\/icons\/pie.132516.svg\"\n\t\t\talt=\"pie\">\n\t\t<img decoding=\"async\" class=\"absolute top-[-6%] right-[5%] w-1\/4 lg:top-[-17%] lg:right-[40%] lg:w-auto\" src=\"https:\/\/getoze.com\/app\/themes\/oze\/public\/images\/icons\/coin.42dc86.svg\"\n\t\t\talt=\"coin\">\n\t\t<img decoding=\"async\" class=\"absolute top-1\/2 -right-[20%] w-1\/2 lg:top-[25%] lg:w-auto\" src=\"https:\/\/getoze.com\/app\/themes\/oze\/public\/images\/icons\/phone.93e14d.svg\" alt=\"phone\">\n\t\t<img decoding=\"async\" class=\"absolute -left-[17%] top-[40%] w-1\/2 lg:w-auto\" src=\"https:\/\/getoze.com\/app\/themes\/oze\/public\/images\/icons\/graph.21f161.svg\" alt=\"graph\">\n\t\t<div\n\t\t\tclass=\"relative m-6 flex flex-wrap justify-between rounded-40px bg-white bg-opacity-95 shadow-2 lg:m-0 lg:flex-nowrap\">\n\t\t\t<div\n\t\t\t\tclass=\"flex h-full w-full max-w-xl flex-col flex-wrap justify-between p-10 text-black lg:w-2\/3 lg:px-16 lg:py-32\">\n\t\t\t\t<div>\n\t\t\t\t\t\t\t\t\t\t\t<h2>D\u00e9couvrez ce que Oze peut faire pour votre entreprise.<\/h2>\n\t\t\t\t\t\t\t\t\t\t\t\t\t\t\t\t<div class=\"max-w-xs\">\n\t\t\t\t\t\t\t<p>Qu&#039;attendez-vous ?<\/p>\n\t\t\t\t\t\t<\/div>\n\t\t\t\t\t\t\t\t\t<\/div>\n\t\t\t\t\t\t\t\t\t\t\t\t\t\t<div class=\"mt-8 flex\">\n\t\t\t\t\t\t<a class=\"button custom-button filled\" href=\"https:\/\/app.getoze.com\/register\" target=_blank>\n\tCr\u00e9ez un compte gratuit\n\t<\/a>\n\t\t\t\t\t<\/div>\n\t\t\t\t\t\t\t\t\t\t\t\t<\/div>\n\t\t\t<div\n\t\t\t\tclass=\"lg:w-content flex w-full flex-col rounded-b-40px bg-navy text-white lg:rounded-bl-lg lg:rounded-br-40px lg:rounded-tr-40px\">\n\t\t\t\t<div class=\"flex h-full flex-col flex-wrap justify-between p-10 text-white lg:max-w-xl lg:px-16 lg:py-32\">\n\t\t\t\t\t<div>\n\t\t\t\t\t\t\t\t\t\t\t\t\t<h3>Ou contactez-nous pour en savoir plus<\/h3>\n\t\t\t\t\t\t\t\t\t\t\t\t\t\t\t\t\t\t\t<div class=\"max-w-xs\">\n\t\t\t\t\t\t\t\t<p>Voulez-vous travailler avec nous ? Parlons-en.<\/p>\n\t\t\t\t\t\t\t<\/div>\n\t\t\t\t\t\t\t\t\t\t\t<\/div>\n\t\t\t\t\t\t\t\t\t\t\t\t\t\t\t\t\t<div class=\"mt-8 flex\">\n\t\t\t\t\t\t\t<a class=\"button custom-button filled\" href=\"https:\/\/getoze.com\/fr\/contactez-nous\/\" target=_blank>\n\tContactez Nous\n\t<\/a>\n\t\t\t\t\t\t<\/div>\n\t\t\t\t\t\t\t\t\t\t\t\t\t\t\t<\/div>\n\t\t\t<\/div>\n\t\t<\/div>\n\t<\/div>\n<\/section>\n","protected":false},"excerpt":{"rendered":"","protected":false},"author":1,"featured_media":0,"parent":0,"menu_order":0,"comment_status":"closed","ping_status":"closed","template":"","meta":{"_acf_changed":false,"content-type":"","footnotes":""},"class_list":["post-4775","page","type-page","status-publish","hentry"],"acf":[],"yoast_head":"<!-- This site is optimized with the Yoast SEO Premium plugin v18.4 (Yoast SEO v26.9) - https:\/\/yoast.com\/product\/yoast-seo-premium-wordpress\/ -->\n<title>Pour les organisations \u00e0 impact - Oze<\/title>\n<meta name=\"robots\" content=\"index, follow, max-snippet:-1, max-image-preview:large, max-video-preview:-1\" \/>\n<link rel=\"canonical\" href=\"https:\/\/getoze.com\/fr\/pour-organisations-impact\/\" \/>\n<meta property=\"og:locale\" content=\"fr_FR\" \/>\n<meta property=\"og:type\" content=\"article\" \/>\n<meta property=\"og:title\" content=\"Pour les organisations \u00e0 impact\" \/>\n<meta property=\"og:url\" content=\"https:\/\/getoze.com\/fr\/pour-organisations-impact\/\" \/>\n<meta property=\"og:site_name\" content=\"Oze\" \/>\n<meta property=\"article:publisher\" content=\"https:\/\/www.facebook.com\/ozeapp\/\" \/>\n<meta property=\"article:modified_time\" content=\"2024-08-22T12:32:44+00:00\" \/>\n<meta name=\"twitter:card\" content=\"summary_large_image\" \/>\n<meta name=\"twitter:site\" content=\"@oze\" \/>\n<script type=\"application\/ld+json\" class=\"yoast-schema-graph\">{\"@context\":\"https:\/\/schema.org\",\"@graph\":[{\"@type\":\"WebPage\",\"@id\":\"https:\/\/getoze.com\/fr\/pour-organisations-impact\/\",\"url\":\"https:\/\/getoze.com\/fr\/pour-organisations-impact\/\",\"name\":\"Pour les organisations \u00e0 impact - Oze\",\"isPartOf\":{\"@id\":\"https:\/\/getoze.com\/fr\/#website\"},\"datePublished\":\"2022-06-08T10:33:02+00:00\",\"dateModified\":\"2024-08-22T12:32:44+00:00\",\"breadcrumb\":{\"@id\":\"https:\/\/getoze.com\/fr\/pour-organisations-impact\/#breadcrumb\"},\"inLanguage\":\"fr-FR\",\"potentialAction\":[{\"@type\":\"ReadAction\",\"target\":[\"https:\/\/getoze.com\/fr\/pour-organisations-impact\/\"]}]},{\"@type\":\"BreadcrumbList\",\"@id\":\"https:\/\/getoze.com\/fr\/pour-organisations-impact\/#breadcrumb\",\"itemListElement\":[{\"@type\":\"ListItem\",\"position\":1,\"name\":\"Home\",\"item\":\"https:\/\/getoze.com\/fr\/\"},{\"@type\":\"ListItem\",\"position\":2,\"name\":\"Pour les organisations \u00e0 impact\"}]},{\"@type\":\"WebSite\",\"@id\":\"https:\/\/getoze.com\/fr\/#website\",\"url\":\"https:\/\/getoze.com\/fr\/\",\"name\":\"Oze\",\"description\":\"Unlock your business success\",\"publisher\":{\"@id\":\"https:\/\/getoze.com\/fr\/#organization\"},\"potentialAction\":[{\"@type\":\"SearchAction\",\"target\":{\"@type\":\"EntryPoint\",\"urlTemplate\":\"https:\/\/getoze.com\/fr\/?s={search_term_string}\"},\"query-input\":{\"@type\":\"PropertyValueSpecification\",\"valueRequired\":true,\"valueName\":\"search_term_string\"}}],\"inLanguage\":\"fr-FR\"},{\"@type\":\"Organization\",\"@id\":\"https:\/\/getoze.com\/fr\/#organization\",\"name\":\"Oze\",\"url\":\"https:\/\/getoze.com\/fr\/\",\"logo\":{\"@type\":\"ImageObject\",\"inLanguage\":\"fr-FR\",\"@id\":\"https:\/\/getoze.com\/fr\/#\/schema\/logo\/image\/\",\"url\":\"https:\/\/getoze.com\/app\/uploads\/2022\/06\/oze_logo-1.svg\",\"contentUrl\":\"https:\/\/getoze.com\/app\/uploads\/2022\/06\/oze_logo-1.svg\",\"width\":1,\"height\":1,\"caption\":\"Oze\"},\"image\":{\"@id\":\"https:\/\/getoze.com\/fr\/#\/schema\/logo\/image\/\"},\"sameAs\":[\"https:\/\/www.facebook.com\/ozeapp\/\",\"https:\/\/x.com\/oze\",\"https:\/\/www.linkedin.com\/company\/ozeapp\/\"]}]}<\/script>\n<!-- \/ Yoast SEO Premium plugin. -->","yoast_head_json":{"title":"Pour les organisations \u00e0 impact - Oze","robots":{"index":"index","follow":"follow","max-snippet":"max-snippet:-1","max-image-preview":"max-image-preview:large","max-video-preview":"max-video-preview:-1"},"canonical":"https:\/\/getoze.com\/fr\/pour-organisations-impact\/","og_locale":"fr_FR","og_type":"article","og_title":"Pour les organisations \u00e0 impact","og_url":"https:\/\/getoze.com\/fr\/pour-organisations-impact\/","og_site_name":"Oze","article_publisher":"https:\/\/www.facebook.com\/ozeapp\/","article_modified_time":"2024-08-22T12:32:44+00:00","twitter_card":"summary_large_image","twitter_site":"@oze","schema":{"@context":"https:\/\/schema.org","@graph":[{"@type":"WebPage","@id":"https:\/\/getoze.com\/fr\/pour-organisations-impact\/","url":"https:\/\/getoze.com\/fr\/pour-organisations-impact\/","name":"Pour les organisations \u00e0 impact - Oze","isPartOf":{"@id":"https:\/\/getoze.com\/fr\/#website"},"datePublished":"2022-06-08T10:33:02+00:00","dateModified":"2024-08-22T12:32:44+00:00","breadcrumb":{"@id":"https:\/\/getoze.com\/fr\/pour-organisations-impact\/#breadcrumb"},"inLanguage":"fr-FR","potentialAction":[{"@type":"ReadAction","target":["https:\/\/getoze.com\/fr\/pour-organisations-impact\/"]}]},{"@type":"BreadcrumbList","@id":"https:\/\/getoze.com\/fr\/pour-organisations-impact\/#breadcrumb","itemListElement":[{"@type":"ListItem","position":1,"name":"Home","item":"https:\/\/getoze.com\/fr\/"},{"@type":"ListItem","position":2,"name":"Pour les organisations \u00e0 impact"}]},{"@type":"WebSite","@id":"https:\/\/getoze.com\/fr\/#website","url":"https:\/\/getoze.com\/fr\/","name":"Oze","description":"Unlock your business success","publisher":{"@id":"https:\/\/getoze.com\/fr\/#organization"},"potentialAction":[{"@type":"SearchAction","target":{"@type":"EntryPoint","urlTemplate":"https:\/\/getoze.com\/fr\/?s={search_term_string}"},"query-input":{"@type":"PropertyValueSpecification","valueRequired":true,"valueName":"search_term_string"}}],"inLanguage":"fr-FR"},{"@type":"Organization","@id":"https:\/\/getoze.com\/fr\/#organization","name":"Oze","url":"https:\/\/getoze.com\/fr\/","logo":{"@type":"ImageObject","inLanguage":"fr-FR","@id":"https:\/\/getoze.com\/fr\/#\/schema\/logo\/image\/","url":"https:\/\/getoze.com\/app\/uploads\/2022\/06\/oze_logo-1.svg","contentUrl":"https:\/\/getoze.com\/app\/uploads\/2022\/06\/oze_logo-1.svg","width":1,"height":1,"caption":"Oze"},"image":{"@id":"https:\/\/getoze.com\/fr\/#\/schema\/logo\/image\/"},"sameAs":["https:\/\/www.facebook.com\/ozeapp\/","https:\/\/x.com\/oze","https:\/\/www.linkedin.com\/company\/ozeapp\/"]}]}},"_links":{"self":[{"href":"https:\/\/getoze.com\/fr\/wp-json\/wp\/v2\/pages\/4775","targetHints":{"allow":["GET"]}}],"collection":[{"href":"https:\/\/getoze.com\/fr\/wp-json\/wp\/v2\/pages"}],"about":[{"href":"https:\/\/getoze.com\/fr\/wp-json\/wp\/v2\/types\/page"}],"author":[{"embeddable":true,"href":"https:\/\/getoze.com\/fr\/wp-json\/wp\/v2\/users\/1"}],"replies":[{"embeddable":true,"href":"https:\/\/getoze.com\/fr\/wp-json\/wp\/v2\/comments?post=4775"}],"version-history":[{"count":4,"href":"https:\/\/getoze.com\/fr\/wp-json\/wp\/v2\/pages\/4775\/revisions"}],"predecessor-version":[{"id":18365,"href":"https:\/\/getoze.com\/fr\/wp-json\/wp\/v2\/pages\/4775\/revisions\/18365"}],"wp:attachment":[{"href":"https:\/\/getoze.com\/fr\/wp-json\/wp\/v2\/media?parent=4775"}],"curies":[{"name":"wp","href":"https:\/\/api.w.org\/{rel}","templated":true}]}}