{"id":4781,"date":"2022-06-06T14:07:26","date_gmt":"2022-06-06T14:07:26","guid":{"rendered":"https:\/\/getoze.com\/temoignages-de-clients\/"},"modified":"2024-08-22T12:18:57","modified_gmt":"2024-08-22T12:18:57","slug":"histoires-de-clients","status":"publish","type":"page","link":"https:\/\/getoze.com\/fr\/histoires-de-clients\/","title":{"rendered":"Histoires de clients"},"content":{"rendered":"<section class=\"hero-block my-28\" data-aos=\"fade-up\">\n\t<div class=\"container\">\n\t\t<div class=\"content mx-auto max-w-xl text-center text-black\">\n\t\t\t\t\t\t\t<h1>Histoires de clients<\/h1>\n\t\t\t\t\t\t\t\t\t\t<p class=\"text-p2\">Nous sommes honor\u00e9s de servir les entreprises, banques et fintechs \u00e0 la croissance la plus rapide d&#039;Afrique. Voici ce qu&#039;ils ont \u00e0 dire sur Oze.<\/p>\n\t\t\t\t\t<\/div>\n\t<\/div>\n<\/section>\n\n<section class=\"case-studies-block mt-20\">\n\t<div class=\"bg-white z-30 sticky top-0 h-full py-4\">\n\t\t<div class=\"container\">\n\t\t\t<div class=\"flex flex-col xl:flex-row items-center justify-center xl:justify-between flex-wrap max-w-6xl mx-auto\">\n\t\t\t\t\t<h4 class=\"g-filters-text\">\n\t\t\t\t\t\t\n\t\t\t\t\t<\/h4>\n\t\t\t\t<div>\n\t\t\t\t\t<div class=\"flex -m-4 flex-wrap justify-center\">\n\t\t\t\t\t\t<div class=\"hidden current-page\" data-value=\"1\" data-max=\"1\"><\/div>\n\t\t\t\t\t\t<div class=\"custom-select custom-select-case-study filter-by-industries m-2 lg:m-4\">\n\t\t\t\t\t\t\t<span data-value=\"All\" class=\"custom-select-trigger button outlined\">\n\t\t\t\t\t\t\t\t<span class=\"selected mr-4 lg:mr-16 text-black\">Industry<\/span>\n\t\t\t\t\t\t\t\t<svg width=\"13\" height=\"8\" viewBox=\"0 0 13 8\" fill=\"none\" xmlns=\"http:\/\/www.w3.org\/2000\/svg\" class=\"pointer-events-none\">\n\t<path d=\"M1.37225 1L6.37225 6L11.3723 1\" stroke=\"#1246EA\" stroke-width=\"2\"><\/path>\n<\/svg>\t\t\t\t\t\t\t<\/span>\n\t\t\t\t\t\t\t<ul>\n\t\t\t\t\t\t\t\t<li data-value=\"\">All<\/li>\n\t\t\t\t\t\t\t\t\t\t\t\t\t\t\t\t<\/ul>\n\t\t\t\t\t\t<\/div>\n\t\t\t\t\t\t<div class=\"custom-select custom-select-case-study filter-by-products m-2 lg:m-4\">\n\t\t\t\t\t\t\t<span data-value=\"All\" class=\"custom-select-trigger button outlined\">\n\t\t\t\t\t\t\t\t<span class=\"selected mr-4 lg:mr-16 text-black\">Product<\/span>\n\t\t\t\t\t\t\t\t<svg width=\"13\" height=\"8\" viewBox=\"0 0 13 8\" fill=\"none\" xmlns=\"http:\/\/www.w3.org\/2000\/svg\" class=\"pointer-events-none\">\n\t<path d=\"M1.37225 1L6.37225 6L11.3723 1\" stroke=\"#1246EA\" stroke-width=\"2\"><\/path>\n<\/svg>\t\t\t\t\t\t\t<\/span>\n\t\t\t\t\t\t\t<ul>\n\t\t\t\t\t\t\t\t<li data-value=\"\">All<\/li>\n\t\t\t\t\t\t\t\t\t\t\t\t\t\t\t\t\t\t\t<li data-value=\"200\">Pr\u00eats aux entreprises<\/li>\n\t\t\t\t\t\t\t\t\t\t\t\t\t\t\t\t<\/ul>\n\t\t\t\t\t\t<\/div>\n\t\t\t\t\t<\/div>\n\t\t\t\t<\/div>\n\t\t\t<\/div>\n\t\t<\/div>\n\t<\/div>\n\n\n\t\n\t<div class=\"bg-white rounded-t-40px lg:rounded-t-xl pb-16 mt-8 pt-16\">\n\t\t<div class=\"container\">\n\t\t\t\t\t\t\t<div class=\"content mx-auto max-w-4xl text-center text-black mb-20\" data-aos=\"fade-up\">\n\t\t\t\t\t<p>&nbsp;<\/p>\n<h3 style=\"text-align: center;\">Plus de 150 000 entreprises \u00e0 travers l&#8217;Afrique font confiance \u00e0 Oze<\/h3>\n<p class=\"text-p2 max-w-xl mx-auto\" style=\"text-align: center;\">97 % des entreprises utilisant Oze sont en croissance, rentables ou les deux. Qu&#8217;est-ce qui vous emp\u00eache ? Lisez leurs histoires.<\/p>\n\n\t\t\t\t<\/div>\n\t\t\t\t\t\t<div class=\"-m-4 mt-7 flex flex-wrap data-filtered\" data-aos=\"fade-up\">\n\t\t\t\t\t\t\t\t\t \t\t\t\t\t\t<a\n\tclass=\"post-card lg:w-1\/3  mb-8 flex w-full flex-wrap content-start no-underline transition-all duration-300 hover:-translate-y-3\"\n\thref=\"https:\/\/getoze.com\/fr\/stories\/collection-opq-donne-coup-denvoi-son-entreprise-mode-avec-pret-oze\/\">\n\t<div class=\"mx-4 flex h-full flex-1 flex-wrap rounded-24px bg-white shadow\">\n\t\t<div class=\"h-64 relative w-full rounded-t-24px bg-cover bg-center\"\n\t\t\tstyle=\"background-image: url(https:\/\/getoze.com\/app\/uploads\/2020\/12\/IMG-20201007-WA0010.jpg);\">\n\t\t\t\t\t\t<div class=\"categories flex flex-wrap justify-end p-2\">\n\t\t\t\t\t\t\t<\/div>\n\t\t<\/div>\n\t\t<div class=\"flex w-full flex-col flex-wrap justify-between rounded-b-24px p-5\">\n\t\t\t<div>\n\t\t\t\t\n\t\t\t\t\t\t\t\t\t\t\t\t\t\n\t\t\t\t\n\t\t\t\t\t\t\t\t\t\t\t\t\t\t\t\t\t\n\t\t\t\t<h3>La collection OPQ donne un coup d&#8217;envoi \u00e0 son entreprise de mode avec un pr\u00eat Oze<\/h3>\n\t\t\t<\/div>\n\t\t\t\t\t\t\t\t\t\t\t<\/div>\n\t<\/div>\n<\/a>\n\t\t\t\t\t\t\t\t\t\t\t\t\t\t\t\t\t<\/div>\n\t\t\t\t\t<\/div>\n\t<\/div>\n<\/section>\n\n\n<section class=\"cta-with-columns-block my-48\" data-aos=\"fade-up\">\n\t<div class=\"relative mx-auto max-w-5xl\">\n\t\t<img decoding=\"async\" class=\"absolute -top-[10%] -left-[5%] w-1\/2 lg:top-[-17%] lg:left-[-13%] lg:w-auto\" src=\"https:\/\/getoze.com\/app\/themes\/oze\/public\/images\/icons\/pie.132516.svg\"\n\t\t\talt=\"pie\">\n\t\t<img decoding=\"async\" class=\"absolute top-[-6%] right-[5%] w-1\/4 lg:top-[-17%] lg:right-[40%] lg:w-auto\" src=\"https:\/\/getoze.com\/app\/themes\/oze\/public\/images\/icons\/coin.42dc86.svg\"\n\t\t\talt=\"coin\">\n\t\t<img decoding=\"async\" class=\"absolute top-1\/2 -right-[20%] w-1\/2 lg:top-[25%] lg:w-auto\" src=\"https:\/\/getoze.com\/app\/themes\/oze\/public\/images\/icons\/phone.93e14d.svg\" alt=\"phone\">\n\t\t<img decoding=\"async\" class=\"absolute -left-[17%] top-[40%] w-1\/2 lg:w-auto\" src=\"https:\/\/getoze.com\/app\/themes\/oze\/public\/images\/icons\/graph.21f161.svg\" alt=\"graph\">\n\t\t<div\n\t\t\tclass=\"relative m-6 flex flex-wrap justify-between rounded-40px bg-white bg-opacity-95 shadow-2 lg:m-0 lg:flex-nowrap\">\n\t\t\t<div\n\t\t\t\tclass=\"flex h-full w-full max-w-xl flex-col flex-wrap justify-between p-10 text-black lg:w-2\/3 lg:px-16 lg:py-32\">\n\t\t\t\t<div>\n\t\t\t\t\t\t\t\t\t\t\t<h2>D\u00e9couvrez ce que Oze peut faire pour votre entreprise.<\/h2>\n\t\t\t\t\t\t\t\t\t\t\t\t\t\t\t\t<div class=\"max-w-xs\">\n\t\t\t\t\t\t\t<p>Qu&#039;attendez-vous ?<\/p>\n\t\t\t\t\t\t<\/div>\n\t\t\t\t\t\t\t\t\t<\/div>\n\t\t\t\t\t\t\t\t\t\t\t\t\t\t<div class=\"mt-8 flex\">\n\t\t\t\t\t\t<a class=\"button custom-button filled\" href=\"https:\/\/oze.app.link\/histoires-clients\" target=self>\n\tCr\u00e9ez un compte gratuit\n\t<\/a>\n\t\t\t\t\t<\/div>\n\t\t\t\t\t\t\t\t\t\t\t\t<\/div>\n\t\t\t<div\n\t\t\t\tclass=\"lg:w-content flex w-full flex-col rounded-b-40px bg-navy text-white lg:rounded-bl-lg lg:rounded-br-40px lg:rounded-tr-40px\">\n\t\t\t\t<div class=\"flex h-full flex-col flex-wrap justify-between p-10 text-white lg:max-w-xl lg:px-16 lg:py-32\">\n\t\t\t\t\t<div>\n\t\t\t\t\t\t\t\t\t\t\t\t\t<h3>Ou contactez-nous pour en savoir plus<\/h3>\n\t\t\t\t\t\t\t\t\t\t\t\t\t\t\t\t\t\t\t<div class=\"max-w-xs\">\n\t\t\t\t\t\t\t\t<p>Voulez-vous travailler avec nous ? Parlons-en.<\/p>\n\t\t\t\t\t\t\t<\/div>\n\t\t\t\t\t\t\t\t\t\t\t<\/div>\n\t\t\t\t\t\t\t\t\t\t\t\t\t\t\t\t\t<div class=\"mt-8 flex\">\n\t\t\t\t\t\t\t<a class=\"button custom-button filled\" href=\"https:\/\/getoze.com\/fr\/contactez-nous\/\" target=self>\n\tContactez nous\n\t<\/a>\n\t\t\t\t\t\t<\/div>\n\t\t\t\t\t\t\t\t\t\t\t\t\t\t\t<\/div>\n\t\t\t<\/div>\n\t\t<\/div>\n\t<\/div>\n<\/section>\n","protected":false},"excerpt":{"rendered":"","protected":false},"author":1,"featured_media":0,"parent":0,"menu_order":0,"comment_status":"closed","ping_status":"closed","template":"","meta":{"_acf_changed":false,"content-type":"","footnotes":""},"class_list":["post-4781","page","type-page","status-publish","hentry"],"acf":[],"yoast_head":"<!-- This site is optimized with the Yoast SEO Premium plugin v18.4 (Yoast SEO v26.9) - https:\/\/yoast.com\/product\/yoast-seo-premium-wordpress\/ -->\n<title>Histoires de clients - Oze<\/title>\n<meta name=\"robots\" content=\"index, follow, max-snippet:-1, max-image-preview:large, max-video-preview:-1\" \/>\n<link rel=\"canonical\" href=\"https:\/\/getoze.com\/fr\/histoires-de-clients\/\" \/>\n<meta property=\"og:locale\" content=\"fr_FR\" \/>\n<meta property=\"og:type\" content=\"article\" \/>\n<meta property=\"og:title\" content=\"Histoires de clients\" \/>\n<meta property=\"og:url\" content=\"https:\/\/getoze.com\/fr\/histoires-de-clients\/\" \/>\n<meta property=\"og:site_name\" content=\"Oze\" \/>\n<meta property=\"article:publisher\" content=\"https:\/\/www.facebook.com\/ozeapp\/\" \/>\n<meta property=\"article:modified_time\" content=\"2024-08-22T12:18:57+00:00\" \/>\n<meta name=\"twitter:card\" content=\"summary_large_image\" \/>\n<meta name=\"twitter:site\" content=\"@oze\" \/>\n<script type=\"application\/ld+json\" class=\"yoast-schema-graph\">{\"@context\":\"https:\/\/schema.org\",\"@graph\":[{\"@type\":\"WebPage\",\"@id\":\"https:\/\/getoze.com\/fr\/histoires-de-clients\/\",\"url\":\"https:\/\/getoze.com\/fr\/histoires-de-clients\/\",\"name\":\"Histoires de clients - Oze\",\"isPartOf\":{\"@id\":\"https:\/\/getoze.com\/fr\/#website\"},\"datePublished\":\"2022-06-06T14:07:26+00:00\",\"dateModified\":\"2024-08-22T12:18:57+00:00\",\"breadcrumb\":{\"@id\":\"https:\/\/getoze.com\/fr\/histoires-de-clients\/#breadcrumb\"},\"inLanguage\":\"fr-FR\",\"potentialAction\":[{\"@type\":\"ReadAction\",\"target\":[\"https:\/\/getoze.com\/fr\/histoires-de-clients\/\"]}]},{\"@type\":\"BreadcrumbList\",\"@id\":\"https:\/\/getoze.com\/fr\/histoires-de-clients\/#breadcrumb\",\"itemListElement\":[{\"@type\":\"ListItem\",\"position\":1,\"name\":\"Home\",\"item\":\"https:\/\/getoze.com\/fr\/\"},{\"@type\":\"ListItem\",\"position\":2,\"name\":\"Histoires de clients\"}]},{\"@type\":\"WebSite\",\"@id\":\"https:\/\/getoze.com\/fr\/#website\",\"url\":\"https:\/\/getoze.com\/fr\/\",\"name\":\"Oze\",\"description\":\"Unlock your business success\",\"publisher\":{\"@id\":\"https:\/\/getoze.com\/fr\/#organization\"},\"potentialAction\":[{\"@type\":\"SearchAction\",\"target\":{\"@type\":\"EntryPoint\",\"urlTemplate\":\"https:\/\/getoze.com\/fr\/?s={search_term_string}\"},\"query-input\":{\"@type\":\"PropertyValueSpecification\",\"valueRequired\":true,\"valueName\":\"search_term_string\"}}],\"inLanguage\":\"fr-FR\"},{\"@type\":\"Organization\",\"@id\":\"https:\/\/getoze.com\/fr\/#organization\",\"name\":\"Oze\",\"url\":\"https:\/\/getoze.com\/fr\/\",\"logo\":{\"@type\":\"ImageObject\",\"inLanguage\":\"fr-FR\",\"@id\":\"https:\/\/getoze.com\/fr\/#\/schema\/logo\/image\/\",\"url\":\"https:\/\/getoze.com\/app\/uploads\/2022\/06\/oze_logo-1.svg\",\"contentUrl\":\"https:\/\/getoze.com\/app\/uploads\/2022\/06\/oze_logo-1.svg\",\"width\":1,\"height\":1,\"caption\":\"Oze\"},\"image\":{\"@id\":\"https:\/\/getoze.com\/fr\/#\/schema\/logo\/image\/\"},\"sameAs\":[\"https:\/\/www.facebook.com\/ozeapp\/\",\"https:\/\/x.com\/oze\",\"https:\/\/www.linkedin.com\/company\/ozeapp\/\"]}]}<\/script>\n<!-- \/ Yoast SEO Premium plugin. -->","yoast_head_json":{"title":"Histoires de clients - Oze","robots":{"index":"index","follow":"follow","max-snippet":"max-snippet:-1","max-image-preview":"max-image-preview:large","max-video-preview":"max-video-preview:-1"},"canonical":"https:\/\/getoze.com\/fr\/histoires-de-clients\/","og_locale":"fr_FR","og_type":"article","og_title":"Histoires de clients","og_url":"https:\/\/getoze.com\/fr\/histoires-de-clients\/","og_site_name":"Oze","article_publisher":"https:\/\/www.facebook.com\/ozeapp\/","article_modified_time":"2024-08-22T12:18:57+00:00","twitter_card":"summary_large_image","twitter_site":"@oze","schema":{"@context":"https:\/\/schema.org","@graph":[{"@type":"WebPage","@id":"https:\/\/getoze.com\/fr\/histoires-de-clients\/","url":"https:\/\/getoze.com\/fr\/histoires-de-clients\/","name":"Histoires de clients - Oze","isPartOf":{"@id":"https:\/\/getoze.com\/fr\/#website"},"datePublished":"2022-06-06T14:07:26+00:00","dateModified":"2024-08-22T12:18:57+00:00","breadcrumb":{"@id":"https:\/\/getoze.com\/fr\/histoires-de-clients\/#breadcrumb"},"inLanguage":"fr-FR","potentialAction":[{"@type":"ReadAction","target":["https:\/\/getoze.com\/fr\/histoires-de-clients\/"]}]},{"@type":"BreadcrumbList","@id":"https:\/\/getoze.com\/fr\/histoires-de-clients\/#breadcrumb","itemListElement":[{"@type":"ListItem","position":1,"name":"Home","item":"https:\/\/getoze.com\/fr\/"},{"@type":"ListItem","position":2,"name":"Histoires de clients"}]},{"@type":"WebSite","@id":"https:\/\/getoze.com\/fr\/#website","url":"https:\/\/getoze.com\/fr\/","name":"Oze","description":"Unlock your business success","publisher":{"@id":"https:\/\/getoze.com\/fr\/#organization"},"potentialAction":[{"@type":"SearchAction","target":{"@type":"EntryPoint","urlTemplate":"https:\/\/getoze.com\/fr\/?s={search_term_string}"},"query-input":{"@type":"PropertyValueSpecification","valueRequired":true,"valueName":"search_term_string"}}],"inLanguage":"fr-FR"},{"@type":"Organization","@id":"https:\/\/getoze.com\/fr\/#organization","name":"Oze","url":"https:\/\/getoze.com\/fr\/","logo":{"@type":"ImageObject","inLanguage":"fr-FR","@id":"https:\/\/getoze.com\/fr\/#\/schema\/logo\/image\/","url":"https:\/\/getoze.com\/app\/uploads\/2022\/06\/oze_logo-1.svg","contentUrl":"https:\/\/getoze.com\/app\/uploads\/2022\/06\/oze_logo-1.svg","width":1,"height":1,"caption":"Oze"},"image":{"@id":"https:\/\/getoze.com\/fr\/#\/schema\/logo\/image\/"},"sameAs":["https:\/\/www.facebook.com\/ozeapp\/","https:\/\/x.com\/oze","https:\/\/www.linkedin.com\/company\/ozeapp\/"]}]}},"_links":{"self":[{"href":"https:\/\/getoze.com\/fr\/wp-json\/wp\/v2\/pages\/4781","targetHints":{"allow":["GET"]}}],"collection":[{"href":"https:\/\/getoze.com\/fr\/wp-json\/wp\/v2\/pages"}],"about":[{"href":"https:\/\/getoze.com\/fr\/wp-json\/wp\/v2\/types\/page"}],"author":[{"embeddable":true,"href":"https:\/\/getoze.com\/fr\/wp-json\/wp\/v2\/users\/1"}],"replies":[{"embeddable":true,"href":"https:\/\/getoze.com\/fr\/wp-json\/wp\/v2\/comments?post=4781"}],"version-history":[{"count":6,"href":"https:\/\/getoze.com\/fr\/wp-json\/wp\/v2\/pages\/4781\/revisions"}],"predecessor-version":[{"id":18358,"href":"https:\/\/getoze.com\/fr\/wp-json\/wp\/v2\/pages\/4781\/revisions\/18358"}],"wp:attachment":[{"href":"https:\/\/getoze.com\/fr\/wp-json\/wp\/v2\/media?parent=4781"}],"curies":[{"name":"wp","href":"https:\/\/api.w.org\/{rel}","templated":true}]}}