{"id":4783,"date":"2022-06-08T10:32:49","date_gmt":"2022-06-08T10:32:49","guid":{"rendered":"https:\/\/getoze.com\/pour-les-entreprises\/"},"modified":"2024-08-22T12:36:09","modified_gmt":"2024-08-22T12:36:09","slug":"pour-societes","status":"publish","type":"page","link":"https:\/\/getoze.com\/fr\/pour-societes\/","title":{"rendered":"Pour les soci\u00e9t\u00e9s"},"content":{"rendered":"<section class=\"two-column-block mb-28 mt-12  relative\"\n  >\n\n\n\t<div class=\"container\">\n    <div class=\"wrapper items-center flex-col-reverse\">\n\n      \n      <div class=\"\n\t\t\t\n\t\t\tmy-4 left w-full lg:w-1\/2 justify-center flex min-h-[300px] lg:h-auto\n\t\t\t\">\n\t\t\t\t<div class=\"xl:mx-16 left-wrapper \"\n\t\t\t\t> \n\t\t\t\t\t\n\t\t\t\t\t\n\t\t\t\t\t\t<div class=\"wysiwyg \" data-aos=\"fade-up\">\n\t<p class=\"text-plabel text-blue\">OZE POUR ENTREPRISES<\/p>\n<h1>Servir les petites entreprises est notre mission.<\/h1>\n<p class=\"text-p2\">Oze s&#8217;associe avec des entreprises comme la v\u00f4tre pour soutenir la croissance des petites entreprises partout.<\/p>\n\n\n\t\n\t\t\t<div class=\"buttons -m-2 lg:-m-4\">\n\t\t\t\t\t\t\t\t\t\t\t\t\t\t\t\t\t\t\t\t\t\t\t\t\t\t\t\t\t\t\t\t<a class=\"button custom-button filled m-2 lg:m-4 \" href=\"https:\/\/getoze.com\/fr\/contactez-nous\/\" target=_blank>\n\tContactez-nous\n\t<\/a>\n\t\t\t\t\t\t\t\t\t\t\t\t\t\t\t\t\t\t\t\t<\/div>\n\t<\/div>\n\t\t\t\t\t\n\t\t\t\t\t\n\t\t\t\t\t\t\t\t\t<\/div>\n      <\/div>\n\n      \n      <div class=\"\n\t\t\t\t\tmin-h-[300px] my-4\n\t\t\t\t\tmd:min-h-[500px] lg:min-h-[600px]\n\t\t\t\t\t\n\t\t\t\t\tright w-full lg:w-1\/2 justify-center flex  lg:h-auto\n\t\t\t\t\">\n\t\t\t\t<div class=\"xl:mx-16 right-wrapper absolute w-full\n\t\t\t\t\"\n\t\t\t\t>\n        \n        \n        \n                  \t\t\t\t\t\t<div\n\t\tclass=\"t4 relative ml-4 h-[300px] w-full md:h-[500px] lg:absolute lg:right-0 lg:top-0 lg:-mr-44 lg:h-full lg:w-1\/2\">\n\t\t\t\t<div\n\t\t\tclass=\"image-animation-container relative right-0 z-20 h-full w-full rounded-l-75px !bg-cover lg:absolute lg:rounded-lg\"\n\t\t\tdata-aos=\"fade-up\" style=\"background: url(https:\/\/getoze.com\/app\/uploads\/2022\/06\/IMG_4949-1.jpg);\"><\/div>\n\t\t\t\t\t\t\t\t\t\t\t<div class=\"hidden lg:block\" data-aos data-aos-offset=\"50\">\n\t<div class=\"custom-animate animate-left-16 absolute left-[80%] -bottom-16 width-calc-4 h-full rounded-xl\" style=\"background-color: #00dca4\"><\/div>\n<\/div>\n<div class=\"lg:hidden\">\n\t<div class=\"absolute right-0 bottom h-full w-full -bottom-8 left-4 rounded-l-75px\" style=\"background-color: #00dca4\"><\/div>\n<\/div>\t\t\t<\/div>\n                  \n\t\t\t\t\t\t\t<\/div>\n      <\/div>\n    <\/div>\n<\/section>\n\n\n<section class=\"multi-column-block my-28\">\n  <div class=\"container\">\n\t\t<div class=\"\">\n\t\t\t\t\t\t\t<div class=\"content max-w-3xl mx-auto text-center\" data-aos=\"fade-up\">\n\t\t\t\t\t<h2>Outils et produits qui soutiennent les petites entreprises<\/h2>\n<p>Fournissez des services \u00e0 valeur ajout\u00e9e \u00e0 vos clients PME. Atteignez des entreprises ayant une plus grande propension \u00e0 payer.<\/p>\n\n\t\t\t\t<\/div>\n\t\t\t\t\t\t\t\t\t\t\t\t\t\t<div class=\"flex flex-wrap -m-4 justify-center lg:justify-between !mt-8 items-start\">\n\t\t\t\t\t\t\t\t\t\t\t\t\t\t\t\t<div class=\"p-4 flex flex-col text-center justify-center items-center w-12\/12 lg:w-3\/12\" data-aos=\"fade-up\" data-aos-delay=\"0\">\n\t\t\t\t\t\t\t\t\t\t\t\t\t\t\t<img decoding=\"async\" src=\"https:\/\/getoze.com\/app\/uploads\/2022\/06\/insights.svg\" alt=\"\" class=\"max-w-[180px] \">\n\t\t\t\t\t\t\t\t\t\t\t\t\t\t\t\t\t\t\t\t\t<div>\n\t\t\t\t\t\t\t\t\t\t\t\t\t\t\t\t\t<p class=\"mt-4 font-bold\">App Business<\/p>\n\t\t\t\t\t\t\t\t\t\t\t\t\t\t\t\t\t\t\t\t\t\t\t<\/div>\n\t\t\t\t\t\t<\/div>\n\t\t\t\t\t\t\t\t\t\t\t\t\t\t\t\t\t<div class=\"p-4 flex flex-col text-center justify-center items-center w-12\/12 lg:w-3\/12\" data-aos=\"fade-up\" data-aos-delay=\"100\">\n\t\t\t\t\t\t\t\t\t\t\t\t\t\t\t<img decoding=\"async\" src=\"https:\/\/getoze.com\/app\/uploads\/2022\/06\/Icon-25.svg\" alt=\"\" class=\"max-w-[180px] \">\n\t\t\t\t\t\t\t\t\t\t\t\t\t\t\t\t\t\t\t\t\t<div>\n\t\t\t\t\t\t\t\t\t\t\t\t\t\t\t\t\t<p class=\"mt-4 font-bold\">Publicit\u00e9 native<\/p>\n\t\t\t\t\t\t\t\t\t\t\t\t\t\t\t\t\t\t\t\t\t\t\t<\/div>\n\t\t\t\t\t\t<\/div>\n\t\t\t\t\t\t\t\t\t\t\t\t\t\t\t\t\t<div class=\"p-4 flex flex-col text-center justify-center items-center w-12\/12 lg:w-3\/12\" data-aos=\"fade-up\" data-aos-delay=\"200\">\n\t\t\t\t\t\t\t\t\t\t\t\t\t\t\t<img decoding=\"async\" src=\"https:\/\/getoze.com\/app\/uploads\/2022\/06\/enterprise-services.svg\" alt=\"\" class=\"max-w-[180px] \">\n\t\t\t\t\t\t\t\t\t\t\t\t\t\t\t\t\t\t\t\t\t<div>\n\t\t\t\t\t\t\t\t\t\t\t\t\t\t\t\t\t<p class=\"mt-4 font-bold\">Gestion de portefeuille<\/p>\n\t\t\t\t\t\t\t\t\t\t\t\t\t\t\t\t\t\t\t\t\t\t\t<\/div>\n\t\t\t\t\t\t<\/div>\n\t\t\t\t\t\t\t\t\t\t\t\t\t\t\t\t\t<div class=\"p-4 flex flex-col text-center justify-center items-center w-12\/12 lg:w-3\/12\" data-aos=\"fade-up\" data-aos-delay=\"300\">\n\t\t\t\t\t\t\t\t\t\t\t\t\t\t\t<img decoding=\"async\" src=\"https:\/\/getoze.com\/app\/uploads\/2022\/06\/Icon-6.svg\" alt=\"\" class=\"max-w-[180px] \">\n\t\t\t\t\t\t\t\t\t\t\t\t\t\t\t\t\t\t\t\t\t<div>\n\t\t\t\t\t\t\t\t\t\t\t\t\t\t\t\t\t<p class=\"mt-4 font-bold\">Financement du commerce<\/p>\n\t\t\t\t\t\t\t\t\t\t\t\t\t\t\t\t\t\t\t\t\t\t\t<\/div>\n\t\t\t\t\t\t<\/div>\n\t\t\t\t\t\t\t\t\t\t\t\t\t\t\t<\/div>\n\t\t\t\t\t\t\t\t<\/div>\n  <\/div>\n<\/section>\n\n<section class=\"two-column-block my-28 mb-48 relative\"\n  >\n\n\n\t<div class=\"container\">\n    <div class=\"wrapper items-center flex-col\">\n\n      \n      <div class=\"\n\t\t\tmd:min-h-[500px] lg:min-h-[600px]\n\t\t\tmy-4 left w-full lg:w-1\/2 justify-center flex min-h-[300px] lg:h-auto\n\t\t\t\">\n\t\t\t\t<div class=\"xl:mx-16 left-wrapper absolute w-full\"\n\t\t\t\t> \n\t\t\t\t\t\n\t\t\t\t\t\n\t\t\t\t\t\n\t\t\t\t\t\n\t\t\t\t\t\t\n\t\t\t\t\t\t\t<div class=\"t1 lg:-ml-44 lg:absolute lg:top-0 lg:left-0 lg:w-1\/2 lg:h-full w-full -ml-4 h-[300px] md:h-[500px] relative\">\n\t\t\t<div class=\"w-full h-full absolute z-20 rounded-r-75px lg:rounded-lg !bg-cover left-0\" style=\"background: url(https:\/\/getoze.com\/app\/uploads\/2022\/06\/6-42.png);\" data-aos=\"fade-up\"><\/div>\n\t\t\t\t\t\t\t<div class=\"hidden lg:block\" data-aos data-aos-offset=\"50\">\n\t<div class=\"custom-animate animate-right-16 absolute right-[80%] -bottom-16 width-calc-4 h-full rounded-xl\" style=\"background-color: #00dca4\"><\/div>\n<\/div>\n<div class=\"lg:hidden -mt-8\">\n\t<div class=\"absolute right-0 bottom -1rem h-full w-full -bottom-8 left-4 rounded-r-75px\" style=\"background-color: #00dca4\"><\/div>\n<\/div>\t\t\t\t\t\t\t\t<\/div>\n\t\n\t\t\t\t\t\t\t\t\t\t\t\t\t\t\t<\/div>\n      <\/div>\n\n      \n      <div class=\"\n\t\t\t\t\tmin-h-[300px] my-4\n\t\t\t\t\t\n\t\t\t\t\t\n\t\t\t\t\tright w-full lg:w-1\/2 justify-center flex  lg:h-auto\n\t\t\t\t\">\n\t\t\t\t<div class=\"xl:mx-16 right-wrapper \n\t\t\t\t\"\n\t\t\t\t>\n        \n        \t\t\t\t\t<div class=\"wysiwyg\" data-aos=\"fade-up\">\n\t<p class=\"text-plabel text-blue\">PERCEPTION CLIENT<\/p>\n<h2>En savoir plus sur ce que veulent vraiment vos clients<\/h2>\n<p class=\"text-p2\">Comprenez les besoins de vos clients \u00e0 un niveau plus profond.<\/p>\n\n\n\t\n\t\t\t<div class=\"buttons -m-4\">\n\t\t\t\t\t\t\t\t\t\t\t\t\t\t\t\t\t\t\t\t\t\t\t\t\t<a class=\"button custom-button filled m-4\" href=\"https:\/\/getoze.com\/fr\/contactez-nous\/\" target=self>\n\tContactez-nous\n\t<\/a>\n\t\t\t\t\t\t\t\t\t\t\t\t\t\t\t\t\t\t\t\t<\/div>\n\t<\/div>        \n        \n        \n\t\t\t\t\t\t\t<\/div>\n      <\/div>\n    <\/div>\n<\/section>\n\n\n<section class=\"featured-case-study-block mt-48 mb-28\" data-aos=\"fade-up\">\n\t<div class=\"container\">\n\t\t<div class=\"flex flex-wrap shadow-1 rounded-40px relative\">\n\t\t\t\t\t\t\t<div class=\"hidden lg:block\" data-aos>\n\t\t\t\t\t<div class=\"custom-animate animate-left-50-pos absolute left-full -top-16 w-[500px] h-3\/4 rounded-xl delay-200\" style=\"background-color: #ffce51\"><\/div>\n\t\t\t\t<\/div>\n\t\t\t\t\t\t<div class=\"w-full md:w-1\/2 md:pr-8 relative bg-white rounded-tl-40px lg:rounded-bl-lg\">\n\t\t\t\t<span class=\"absolute bg-blue rounded-br-40px rounded-tl-40px text-white py-1 px-8\">Featured Customer Story<\/span>\n\t\t\t\t\t<div class=\"pt-16 pb-8 lg:py-28 md:max-w-lg px-10\">\n\t\t\t\t\t\t\t\t\t\t\t<h2>TreasureMaks Open Very Own Storefront<\/h2>\n\t\t\t\t\t\t\t\t\t\t\t\t\t\t\t\t<p class=\"text-p2\">McDennis is the Owner of TreasureMaks, an up-and-coming design and print shop based in Accra. McDennis and his team focus on apparel printing but they also do hats, labels, bags and other branded collateral.\n\nWhen we first met McDennis, he was running TreasureMaks out of his house. He was keeping his records in Excel, but not getting much use from them. He knew that if he had real-time information about his business he could boost production and grow. He could achieve his goal of opening his own shop.<\/p>\n\t\t\t\t\t\n\t\t\t\t\t<div class=\"flex mt-6 flex-col\">\n\t\t\t\t\t\t<a class=\"text-navy-200 border-b-2 border-blue no-underline block w-fit mb-8\" href=\"https:\/\/getoze.com\/stories\/treasuremaks-storefront\/\">\n\t\t\t\t\t\t\tRead More\n\t\t\t\t\t\t<\/a>\n\t\t\t\t\t\t<a class=\"button custom-button outlined w-fit\" href=\"\/case-study\" target=self>\n\tAll Customer Stories\n\t<\/a>\n\t\t\t\t\t<\/div>\n\t\t\t\t<\/div>\n\t\t\t<\/div>\n\t\t\t<div class=\"min-h-[300px] relative w-full md:w-1\/2 md:pl-8 rounded-tl-75px lg:rounded-tr-40px rounded-bl-40px rounded-br-40px lg:rounded-bl-lg bg-cover\" style=\"background-image:url(https:\/\/getoze.com\/app\/uploads\/2022\/06\/IMG_7884-scaled-e1654706572887.jpg)\"><\/div>\n\t\t<\/div>\n\t<\/div>\n<\/section>\n\n\n<section class=\"two-column-block my-28  relative\"\n  >\n\n\n\t<div class=\"container\">\n    <div class=\"wrapper items-center flex-col\">\n\n      \n      <div class=\"\n\t\t\t\n\t\t\tmy-4 left w-full lg:w-1\/2 justify-center flex min-h-[300px] lg:h-auto\n\t\t\t\">\n\t\t\t\t<div class=\"xl:mx-16 left-wrapper \"\n\t\t\t\t> \n\t\t\t\t\t\n\t\t\t\t\t\n\t\t\t\t\t\t<div class=\"wysiwyg \" data-aos=\"fade-up\">\n\t<p class=\"text-plabel text-blue\">PUBLICIT\u00c9 NATIVE<\/p>\n<h2>Cr\u00e9ez du contenu qui encourage l&#8217;action<\/h2>\n<p class=\"text-p2\">Parrainez des conseils commerciaux que notre base croissante de petites entreprises lit r\u00e9ellement. Positionnez votre entreprise en tant que leader d&#8217;opinion.<\/p>\n\n\n\t\n\t\t\t<div class=\"buttons -m-2 lg:-m-4\">\n\t\t\t\t\t\t\t\t\t\t\t\t\t\t\t\t\t\t\t\t\t\t\t\t\t\t\t\t\t\t\t\t<a class=\"button custom-button filled m-2 lg:m-4 \" href=\"https:\/\/getoze.com\/fr\/contactez-nous\/\" target=_blank>\n\tContactez-nous\n\t<\/a>\n\t\t\t\t\t\t\t\t\t\t\t\t\t\t\t\t\t\t\t\t<\/div>\n\t<\/div>\n\t\t\t\t\t\n\t\t\t\t\t\n\t\t\t\t\t\t\t\t\t<\/div>\n      <\/div>\n\n      \n      <div class=\"\n\t\t\t\t\tmin-h-[300px] my-4\n\t\t\t\t\tmd:min-h-[500px] lg:min-h-[600px]\n\t\t\t\t\t\n\t\t\t\t\tright w-full lg:w-1\/2 justify-center flex  lg:h-auto\n\t\t\t\t\">\n\t\t\t\t<div class=\"xl:mx-16 right-wrapper absolute w-full\n\t\t\t\t\"\n\t\t\t\t>\n        \n        \n        \n                  \t\t\t\t\t\t<div\n\t\tclass=\"t4 relative ml-4 h-[300px] w-full md:h-[500px] lg:absolute lg:right-0 lg:top-0 lg:-mr-44 lg:h-full lg:w-1\/2\">\n\t\t\t\t<div\n\t\t\tclass=\"image-animation-container relative right-0 z-20 h-full w-full rounded-l-75px !bg-cover lg:absolute lg:rounded-lg\"\n\t\t\tdata-aos=\"fade-up\" style=\"background: url(https:\/\/getoze.com\/app\/uploads\/2022\/06\/IMG_9912-2-scaled-e1654863918124.jpg);\"><\/div>\n\t\t\t\t\t\t\t\t\t\t\t<div class=\"hidden lg:block\" data-aos data-aos-offset=\"50\">\n\t<div class=\"custom-animate animate-left-16 absolute left-[80%] -bottom-16 width-calc-4 h-full rounded-xl\" style=\"background-color: #f4d0ec\"><\/div>\n<\/div>\n<div class=\"lg:hidden\">\n\t<div class=\"absolute right-0 bottom h-full w-full -bottom-8 left-4 rounded-l-75px\" style=\"background-color: #f4d0ec\"><\/div>\n<\/div>\t\t\t<\/div>\n                  \n\t\t\t\t\t\t\t<\/div>\n      <\/div>\n    <\/div>\n<\/section>\n\n\n<section class=\"two-column-block my-28 mb-48 relative\"\n  >\n\n\n\t<div class=\"container\">\n    <div class=\"wrapper items-center flex-col\">\n\n      \n      <div class=\"\n\t\t\tmd:min-h-[500px] lg:min-h-[600px]\n\t\t\tmy-4 left w-full lg:w-1\/2 justify-center flex min-h-[300px] lg:h-auto\n\t\t\t\">\n\t\t\t\t<div class=\"xl:mx-16 left-wrapper absolute w-full\"\n\t\t\t\t> \n\t\t\t\t\t\n\t\t\t\t\t\n\t\t\t\t\t\n\t\t\t\t\t\n\t\t\t\t\t\t\n\t\t\t\t\t\t\t<div class=\"t1 lg:-ml-44 lg:absolute lg:top-0 lg:left-0 lg:w-1\/2 lg:h-full w-full -ml-4 h-[300px] md:h-[500px] relative\">\n\t\t\t<div class=\"w-full h-full absolute z-20 rounded-r-75px lg:rounded-lg !bg-cover left-0\" style=\"background: url(https:\/\/getoze.com\/app\/uploads\/2022\/06\/pexels-photo-4353614-1.png);\" data-aos=\"fade-up\"><\/div>\n\t\t\t\t\t\t\t<div class=\"hidden lg:block\" data-aos data-aos-offset=\"50\">\n\t<div class=\"custom-animate animate-right-16 absolute right-[80%] -bottom-16 width-calc-4 h-full rounded-xl\" style=\"background-color: #00dca4\"><\/div>\n<\/div>\n<div class=\"lg:hidden -mt-8\">\n\t<div class=\"absolute right-0 bottom -1rem h-full w-full -bottom-8 left-4 rounded-r-75px\" style=\"background-color: #00dca4\"><\/div>\n<\/div>\t\t\t\t\t\t\t\t<\/div>\n\t\n\t\t\t\t\t\t\t\t\t\t\t\t\t\t\t<\/div>\n      <\/div>\n\n      \n      <div class=\"\n\t\t\t\t\tmin-h-[300px] my-4\n\t\t\t\t\t\n\t\t\t\t\t\n\t\t\t\t\tright w-full lg:w-1\/2 justify-center flex  lg:h-auto\n\t\t\t\t\">\n\t\t\t\t<div class=\"xl:mx-16 right-wrapper \n\t\t\t\t\"\n\t\t\t\t>\n        \n        \t\t\t\t\t<div class=\"wysiwyg\" data-aos=\"fade-up\">\n\t<p class=\"text-plabel text-blue\">GESTION DE PORTEFEUILLE<\/p>\n<h2>Comprenez votre portefeuille de PME<\/h2>\n<p class=\"text-p2\">Que veulent vraiment vos PME ? Quels services sont-elles pr\u00eates \u00e0 payer ? Obtenez les informations qui orienteront vos d\u00e9cisions commerciales.<\/p>\n\n\n\t\n\t\t\t<div class=\"buttons -m-4\">\n\t\t\t\t\t\t\t\t\t\t\t\t\t\t\t\t\t\t\t\t\t\t\t\t\t<a class=\"button custom-button filled m-4\" href=\"https:\/\/getoze.com\/fr\/contactez-nous\/\" target=self>\n\tContactez-nous\n\t<\/a>\n\t\t\t\t\t\t\t\t\t\t\t\t\t\t\t\t\t\t\t\t<\/div>\n\t<\/div>        \n        \n        \n\t\t\t\t\t\t\t<\/div>\n      <\/div>\n    <\/div>\n<\/section>\n\n\n<section class=\"two-column-block my-28  relative\"\n  >\n\n\n\t<div class=\"container\">\n    <div class=\"wrapper items-center flex-col\">\n\n      \n      <div class=\"\n\t\t\t\n\t\t\tmy-4 left w-full lg:w-1\/2 justify-center flex min-h-[300px] lg:h-auto\n\t\t\t\">\n\t\t\t\t<div class=\"xl:mx-16 left-wrapper \"\n\t\t\t\t> \n\t\t\t\t\t\n\t\t\t\t\t\n\t\t\t\t\t\t<div class=\"wysiwyg \" data-aos=\"fade-up\">\n\t<p class=\"text-plabel text-blue\">FINANCEMENT DU COMMERCE<\/p>\n<h2>Laissez Oze g\u00e9rer le financement de votre cha\u00eene de valeur<\/h2>\n<p class=\"text-p2\">Amenez vos fournisseurs et revendeurs sur Oze, et nous nous occuperons du financement du commerce dont ils ont besoin. Qu&#8217;ils aient besoin de fonds pour acheter plus de stocks ou de financement pour pouvoir r\u00e9pondre \u00e0 votre demande de fournitures, Oze est l\u00e0 pour eux. Si vous amenez plus de 50 partenaires de la cha\u00eene de valeur sur Oze, nous vous fournirons \u00e9galement des analyses en temps r\u00e9el afin que vous puissiez comprendre la disponibilit\u00e9 des stocks, quand les produits sont vendus et pour combien.<\/p>\n\n\n\t\n\t\t\t<div class=\"buttons -m-2 lg:-m-4\">\n\t\t\t\t\t\t\t\t\t\t\t\t\t\t\t\t\t\t\t\t\t\t\t\t\t\t\t\t\t\t\t\t<a class=\"button custom-button filled m-2 lg:m-4 \" href=\"https:\/\/getoze.com\/fr\/contactez-nous\/\" target=_blank>\n\tContactez-nous\n\t<\/a>\n\t\t\t\t\t\t\t\t\t\t\t\t\t\t\t\t\t\t\t\t<\/div>\n\t<\/div>\n\t\t\t\t\t\n\t\t\t\t\t\n\t\t\t\t\t\t\t\t\t<\/div>\n      <\/div>\n\n      \n      <div class=\"\n\t\t\t\t\tmin-h-[300px] my-4\n\t\t\t\t\tmd:min-h-[500px] lg:min-h-[600px]\n\t\t\t\t\t\n\t\t\t\t\tright w-full lg:w-1\/2 justify-center flex  lg:h-auto\n\t\t\t\t\">\n\t\t\t\t<div class=\"xl:mx-16 right-wrapper absolute w-full\n\t\t\t\t\"\n\t\t\t\t>\n        \n        \n        \n                  \t\t\t\t\t\t<div\n\t\tclass=\"t3 relative ml-4 h-[300px] w-full md:h-[500px] lg:absolute lg:right-0 lg:top-0 lg:-mr-44 lg:h-full lg:w-1\/2\">\n\t\t\t\t<div\n\t\t\tclass=\"image-animation-container relative right-0 z-20 h-full w-full rounded-l-75px !bg-cover lg:absolute lg:rounded-lg\"\n\t\t\tdata-aos=\"fade-up\" style=\"background: url(https:\/\/getoze.com\/app\/uploads\/2022\/06\/adult-business-busy-1181255-1.png);\"><\/div>\n\t\t\t\t\t\t\t\t\t<div class=\"hidden lg:block\" data-aos data-aos-offset=\"50\">\n\t<div class=\"custom-animate animate-left-28-pos z-10 absolute left-full -top-8 w-[500px] h-3\/4 rounded-xl delay-200\" style=\"background-color: #FF5F5F\"><\/div>\n<\/div>\n<div class=\"lg:hidden\">\n\t<svg class=\"absolute -top-16 right-0\" width=\"180\" height=\"183\" viewBox=\"0 0 180 183\" fill=\"none\" xmlns=\"http:\/\/www.w3.org\/2000\/svg\">\n\t\t<rect width=\"180\" height=\"183\" rx=\"75\" transform=\"matrix(-1 -8.74228e-08 -1.18051e-07 1 180 0)\" fill=\"#FF5F5F\"\/>\n\t<\/svg>\n<\/div>\t\t\t\t\t<\/div>\n                  \n\t\t\t\t\t\t\t<\/div>\n      <\/div>\n    <\/div>\n<\/section>\n\n\n<section class=\"cta-with-columns-block my-48\" data-aos=\"fade-up\">\n\t<div class=\"relative mx-auto max-w-5xl\">\n\t\t<img decoding=\"async\" class=\"absolute -top-[10%] -left-[5%] w-1\/2 lg:top-[-17%] lg:left-[-13%] lg:w-auto\" src=\"https:\/\/getoze.com\/app\/themes\/oze\/public\/images\/icons\/pie.132516.svg\"\n\t\t\talt=\"pie\">\n\t\t<img decoding=\"async\" class=\"absolute top-[-6%] right-[5%] w-1\/4 lg:top-[-17%] lg:right-[40%] lg:w-auto\" src=\"https:\/\/getoze.com\/app\/themes\/oze\/public\/images\/icons\/coin.42dc86.svg\"\n\t\t\talt=\"coin\">\n\t\t<img decoding=\"async\" class=\"absolute top-1\/2 -right-[20%] w-1\/2 lg:top-[25%] lg:w-auto\" src=\"https:\/\/getoze.com\/app\/themes\/oze\/public\/images\/icons\/phone.93e14d.svg\" alt=\"phone\">\n\t\t<img decoding=\"async\" class=\"absolute -left-[17%] top-[40%] w-1\/2 lg:w-auto\" src=\"https:\/\/getoze.com\/app\/themes\/oze\/public\/images\/icons\/graph.21f161.svg\" alt=\"graph\">\n\t\t<div\n\t\t\tclass=\"relative m-6 flex flex-wrap justify-between rounded-40px bg-white bg-opacity-95 shadow-2 lg:m-0 lg:flex-nowrap\">\n\t\t\t<div\n\t\t\t\tclass=\"flex h-full w-full max-w-xl flex-col flex-wrap justify-between p-10 text-black lg:w-2\/3 lg:px-16 lg:py-32\">\n\t\t\t\t<div>\n\t\t\t\t\t\t\t\t\t\t\t<h2>D\u00e9couvrez ce que Oze peut faire pour votre entreprise.<\/h2>\n\t\t\t\t\t\t\t\t\t\t\t\t\t\t\t\t<div class=\"max-w-xs\">\n\t\t\t\t\t\t\t<p>Qu&#039;attendez-vous ?<\/p>\n\t\t\t\t\t\t<\/div>\n\t\t\t\t\t\t\t\t\t<\/div>\n\t\t\t\t\t\t\t\t\t\t\t\t\t\t<div class=\"mt-8 flex\">\n\t\t\t\t\t\t<a class=\"button custom-button filled\" href=\"https:\/\/app.getoze.com\/register\" target=_blank>\n\tCr\u00e9ez un compte gratuit\n\t<\/a>\n\t\t\t\t\t<\/div>\n\t\t\t\t\t\t\t\t\t\t\t\t<\/div>\n\t\t\t<div\n\t\t\t\tclass=\"lg:w-content flex w-full flex-col rounded-b-40px bg-navy text-white lg:rounded-bl-lg lg:rounded-br-40px lg:rounded-tr-40px\">\n\t\t\t\t<div class=\"flex h-full flex-col flex-wrap justify-between p-10 text-white lg:max-w-xl lg:px-16 lg:py-32\">\n\t\t\t\t\t<div>\n\t\t\t\t\t\t\t\t\t\t\t\t\t<h3>Ou contactez-nous pour en savoir plus<\/h3>\n\t\t\t\t\t\t\t\t\t\t\t\t\t\t\t\t\t\t\t<div class=\"max-w-xs\">\n\t\t\t\t\t\t\t\t<p>Voulez-vous travailler avec nous ? Parlons-en.<\/p>\n\t\t\t\t\t\t\t<\/div>\n\t\t\t\t\t\t\t\t\t\t\t<\/div>\n\t\t\t\t\t\t\t\t\t\t\t\t\t\t\t\t\t<div class=\"mt-8 flex\">\n\t\t\t\t\t\t\t<a class=\"button custom-button filled\" href=\"https:\/\/getoze.com\/contact-us\/\" target=_blank>\n\tContact Us\n\t<\/a>\n\t\t\t\t\t\t<\/div>\n\t\t\t\t\t\t\t\t\t\t\t\t\t\t\t<\/div>\n\t\t\t<\/div>\n\t\t<\/div>\n\t<\/div>\n<\/section>\n","protected":false},"excerpt":{"rendered":"","protected":false},"author":1,"featured_media":0,"parent":0,"menu_order":0,"comment_status":"closed","ping_status":"closed","template":"","meta":{"_acf_changed":false,"content-type":"","footnotes":""},"class_list":["post-4783","page","type-page","status-publish","hentry"],"acf":[],"yoast_head":"<!-- This site is optimized with the Yoast SEO Premium plugin v18.4 (Yoast SEO v26.9) - https:\/\/yoast.com\/product\/yoast-seo-premium-wordpress\/ -->\n<title>Pour les soci\u00e9t\u00e9s - Oze<\/title>\n<meta name=\"robots\" content=\"index, follow, max-snippet:-1, max-image-preview:large, max-video-preview:-1\" \/>\n<link rel=\"canonical\" href=\"https:\/\/getoze.com\/fr\/pour-societes\/\" \/>\n<meta property=\"og:locale\" content=\"fr_FR\" \/>\n<meta property=\"og:type\" content=\"article\" \/>\n<meta property=\"og:title\" content=\"Pour les soci\u00e9t\u00e9s\" \/>\n<meta property=\"og:url\" content=\"https:\/\/getoze.com\/fr\/pour-societes\/\" \/>\n<meta property=\"og:site_name\" content=\"Oze\" \/>\n<meta property=\"article:publisher\" content=\"https:\/\/www.facebook.com\/ozeapp\/\" \/>\n<meta property=\"article:modified_time\" content=\"2024-08-22T12:36:09+00:00\" \/>\n<meta name=\"twitter:card\" content=\"summary_large_image\" \/>\n<meta name=\"twitter:site\" content=\"@oze\" \/>\n<script type=\"application\/ld+json\" class=\"yoast-schema-graph\">{\"@context\":\"https:\/\/schema.org\",\"@graph\":[{\"@type\":\"WebPage\",\"@id\":\"https:\/\/getoze.com\/fr\/pour-societes\/\",\"url\":\"https:\/\/getoze.com\/fr\/pour-societes\/\",\"name\":\"Pour les soci\u00e9t\u00e9s - Oze\",\"isPartOf\":{\"@id\":\"https:\/\/getoze.com\/fr\/#website\"},\"datePublished\":\"2022-06-08T10:32:49+00:00\",\"dateModified\":\"2024-08-22T12:36:09+00:00\",\"breadcrumb\":{\"@id\":\"https:\/\/getoze.com\/fr\/pour-societes\/#breadcrumb\"},\"inLanguage\":\"fr-FR\",\"potentialAction\":[{\"@type\":\"ReadAction\",\"target\":[\"https:\/\/getoze.com\/fr\/pour-societes\/\"]}]},{\"@type\":\"BreadcrumbList\",\"@id\":\"https:\/\/getoze.com\/fr\/pour-societes\/#breadcrumb\",\"itemListElement\":[{\"@type\":\"ListItem\",\"position\":1,\"name\":\"Home\",\"item\":\"https:\/\/getoze.com\/fr\/\"},{\"@type\":\"ListItem\",\"position\":2,\"name\":\"Pour les soci\u00e9t\u00e9s\"}]},{\"@type\":\"WebSite\",\"@id\":\"https:\/\/getoze.com\/fr\/#website\",\"url\":\"https:\/\/getoze.com\/fr\/\",\"name\":\"Oze\",\"description\":\"Unlock your business success\",\"publisher\":{\"@id\":\"https:\/\/getoze.com\/fr\/#organization\"},\"potentialAction\":[{\"@type\":\"SearchAction\",\"target\":{\"@type\":\"EntryPoint\",\"urlTemplate\":\"https:\/\/getoze.com\/fr\/?s={search_term_string}\"},\"query-input\":{\"@type\":\"PropertyValueSpecification\",\"valueRequired\":true,\"valueName\":\"search_term_string\"}}],\"inLanguage\":\"fr-FR\"},{\"@type\":\"Organization\",\"@id\":\"https:\/\/getoze.com\/fr\/#organization\",\"name\":\"Oze\",\"url\":\"https:\/\/getoze.com\/fr\/\",\"logo\":{\"@type\":\"ImageObject\",\"inLanguage\":\"fr-FR\",\"@id\":\"https:\/\/getoze.com\/fr\/#\/schema\/logo\/image\/\",\"url\":\"https:\/\/getoze.com\/app\/uploads\/2022\/06\/oze_logo-1.svg\",\"contentUrl\":\"https:\/\/getoze.com\/app\/uploads\/2022\/06\/oze_logo-1.svg\",\"width\":1,\"height\":1,\"caption\":\"Oze\"},\"image\":{\"@id\":\"https:\/\/getoze.com\/fr\/#\/schema\/logo\/image\/\"},\"sameAs\":[\"https:\/\/www.facebook.com\/ozeapp\/\",\"https:\/\/x.com\/oze\",\"https:\/\/www.linkedin.com\/company\/ozeapp\/\"]}]}<\/script>\n<!-- \/ Yoast SEO Premium plugin. -->","yoast_head_json":{"title":"Pour les soci\u00e9t\u00e9s - Oze","robots":{"index":"index","follow":"follow","max-snippet":"max-snippet:-1","max-image-preview":"max-image-preview:large","max-video-preview":"max-video-preview:-1"},"canonical":"https:\/\/getoze.com\/fr\/pour-societes\/","og_locale":"fr_FR","og_type":"article","og_title":"Pour les soci\u00e9t\u00e9s","og_url":"https:\/\/getoze.com\/fr\/pour-societes\/","og_site_name":"Oze","article_publisher":"https:\/\/www.facebook.com\/ozeapp\/","article_modified_time":"2024-08-22T12:36:09+00:00","twitter_card":"summary_large_image","twitter_site":"@oze","schema":{"@context":"https:\/\/schema.org","@graph":[{"@type":"WebPage","@id":"https:\/\/getoze.com\/fr\/pour-societes\/","url":"https:\/\/getoze.com\/fr\/pour-societes\/","name":"Pour les soci\u00e9t\u00e9s - Oze","isPartOf":{"@id":"https:\/\/getoze.com\/fr\/#website"},"datePublished":"2022-06-08T10:32:49+00:00","dateModified":"2024-08-22T12:36:09+00:00","breadcrumb":{"@id":"https:\/\/getoze.com\/fr\/pour-societes\/#breadcrumb"},"inLanguage":"fr-FR","potentialAction":[{"@type":"ReadAction","target":["https:\/\/getoze.com\/fr\/pour-societes\/"]}]},{"@type":"BreadcrumbList","@id":"https:\/\/getoze.com\/fr\/pour-societes\/#breadcrumb","itemListElement":[{"@type":"ListItem","position":1,"name":"Home","item":"https:\/\/getoze.com\/fr\/"},{"@type":"ListItem","position":2,"name":"Pour les soci\u00e9t\u00e9s"}]},{"@type":"WebSite","@id":"https:\/\/getoze.com\/fr\/#website","url":"https:\/\/getoze.com\/fr\/","name":"Oze","description":"Unlock your business success","publisher":{"@id":"https:\/\/getoze.com\/fr\/#organization"},"potentialAction":[{"@type":"SearchAction","target":{"@type":"EntryPoint","urlTemplate":"https:\/\/getoze.com\/fr\/?s={search_term_string}"},"query-input":{"@type":"PropertyValueSpecification","valueRequired":true,"valueName":"search_term_string"}}],"inLanguage":"fr-FR"},{"@type":"Organization","@id":"https:\/\/getoze.com\/fr\/#organization","name":"Oze","url":"https:\/\/getoze.com\/fr\/","logo":{"@type":"ImageObject","inLanguage":"fr-FR","@id":"https:\/\/getoze.com\/fr\/#\/schema\/logo\/image\/","url":"https:\/\/getoze.com\/app\/uploads\/2022\/06\/oze_logo-1.svg","contentUrl":"https:\/\/getoze.com\/app\/uploads\/2022\/06\/oze_logo-1.svg","width":1,"height":1,"caption":"Oze"},"image":{"@id":"https:\/\/getoze.com\/fr\/#\/schema\/logo\/image\/"},"sameAs":["https:\/\/www.facebook.com\/ozeapp\/","https:\/\/x.com\/oze","https:\/\/www.linkedin.com\/company\/ozeapp\/"]}]}},"_links":{"self":[{"href":"https:\/\/getoze.com\/fr\/wp-json\/wp\/v2\/pages\/4783","targetHints":{"allow":["GET"]}}],"collection":[{"href":"https:\/\/getoze.com\/fr\/wp-json\/wp\/v2\/pages"}],"about":[{"href":"https:\/\/getoze.com\/fr\/wp-json\/wp\/v2\/types\/page"}],"author":[{"embeddable":true,"href":"https:\/\/getoze.com\/fr\/wp-json\/wp\/v2\/users\/1"}],"replies":[{"embeddable":true,"href":"https:\/\/getoze.com\/fr\/wp-json\/wp\/v2\/comments?post=4783"}],"version-history":[{"count":5,"href":"https:\/\/getoze.com\/fr\/wp-json\/wp\/v2\/pages\/4783\/revisions"}],"predecessor-version":[{"id":18288,"href":"https:\/\/getoze.com\/fr\/wp-json\/wp\/v2\/pages\/4783\/revisions\/18288"}],"wp:attachment":[{"href":"https:\/\/getoze.com\/fr\/wp-json\/wp\/v2\/media?parent=4783"}],"curies":[{"name":"wp","href":"https:\/\/api.w.org\/{rel}","templated":true}]}}