{"id":4811,"date":"2024-05-13T07:57:43","date_gmt":"2024-05-13T07:57:43","guid":{"rendered":"https:\/\/getoze.com\/page-datterrissage-rapports-hebdomadaires-doze\/"},"modified":"2024-06-12T13:02:17","modified_gmt":"2024-06-12T13:02:17","slug":"rapports-hebdomadaires","status":"publish","type":"page","link":"https:\/\/getoze.com\/fr\/rapports-hebdomadaires\/","title":{"rendered":"Page d&#8217;atterrissage &#8211; Rapports hebdomadaires d&#8217;Oze"},"content":{"rendered":"<section class=\"two-column-block my-28  relative\"\n  >\n\n\n\t<div class=\"container\">\n    <div class=\"wrapper items-center flex-col\">\n\n      \n      <div class=\"\n\t\t\t\n\t\t\tmy-4 left w-full lg:w-1\/2 justify-center flex min-h-[300px] lg:h-auto\n\t\t\t\">\n\t\t\t\t<div class=\"xl:mx-16 left-wrapper \"\n\t\t\t\t> \n\t\t\t\t\t\n\t\t\t\t\t\n\t\t\t\t\t\t<div class=\"wysiwyg \" data-aos=\"fade-up\">\n\t<h1>Moins de Devinettes, Plus de Croissance avec les Rapports Hebdomadaires sur l&#8217;Entreprise<\/h1>\n<p>Recevez des informations claires sur votre entreprise directement dans votre bo\u00eete de r\u00e9ception, chaque semaine &#8211; uniquement sur Oze.<\/p>\n\n\n\t\n\t\t\t<div class=\"buttons -m-2 lg:-m-4\">\n\t\t\t\t\t\t\t<a\n        class=\"m-2 lg:m-4\"\n        href=\"https:\/\/play.google.com\/store\/apps\/details?gl=US&amp;hl=en_US&amp;id=com.daretoinnovate.oze\"\n        target=\"_blank\"\n        aria-label=\"Google Play\">\n                  <img decoding=\"async\" src=\"https:\/\/getoze.com\/app\/uploads\/2024\/08\/Google-Play-Badge-French-Disponible-Sur-Google-Play.svg\" alt=\"\" class=\"\">\n              <\/a>\n                <a\n        class=\"m-2 lg:m-4\"\n        href=\"https:\/\/apps.apple.com\/us\/app\/id1513664594\"\n        target=\"\"\n        aria-label=\"App Store\">\n                  <img decoding=\"async\" src=\"https:\/\/getoze.com\/app\/uploads\/2024\/08\/Download_on_the_App_Store_Badge_FR_RGB_blk_100517.svg\" alt=\"\" class=\"\">\n              <\/a>\n      \t\t\t\t\t<\/div>\n\t<\/div>\n\t\t\t\t\t\n\t\t\t\t\t\n\t\t\t\t\t\t\t\t\t<\/div>\n      <\/div>\n\n      \n      <div class=\"\n\t\t\t\t\tmin-h-[300px] my-4\n\t\t\t\t\tmd:min-h-[500px] lg:min-h-[600px]\n\t\t\t\t\t\n\t\t\t\t\tright w-full lg:w-1\/2 justify-center flex  lg:h-auto\n\t\t\t\t\">\n\t\t\t\t<div class=\"xl:mx-16 right-wrapper absolute w-full\n\t\t\t\t\"\n\t\t\t\t>\n        \n        \n        \n                  \t\t\t\t\t\t<div\n\t\tclass=\"t4 relative ml-4 h-[300px] w-full md:h-[500px] lg:absolute lg:right-0 lg:top-0 lg:-mr-44 lg:h-full lg:w-1\/2\">\n\t\t\t\t<div\n\t\t\tclass=\"image-animation-container relative right-0 z-20 h-full w-full rounded-l-75px !bg-cover lg:absolute lg:rounded-lg\"\n\t\t\tdata-aos=\"fade-up\" style=\"background: url(https:\/\/getoze.com\/app\/uploads\/2024\/05\/Website-Feature-Image-7.jpg);\"><\/div>\n\t\t\t\t\t\t\t\t\t\t\t<div class=\"hidden lg:block\" data-aos data-aos-offset=\"50\">\n\t<div class=\"custom-animate animate-left-16 absolute left-[80%] -bottom-16 width-calc-4 h-full rounded-xl\" style=\"background-color: #64dda5\"><\/div>\n<\/div>\n<div class=\"lg:hidden\">\n\t<div class=\"absolute right-0 bottom h-full w-full -bottom-8 left-4 rounded-l-75px\" style=\"background-color: #64dda5\"><\/div>\n<\/div>\t\t\t<\/div>\n                  \n\t\t\t\t\t\t\t<\/div>\n      <\/div>\n    <\/div>\n<\/section>\n\n\n<section class=\"two-column-block my-28  relative\"\n  >\n\n\n\t<div class=\"container\">\n    <div class=\"wrapper items-center flex-col\">\n\n      \n      <div class=\"\n\t\t\tmd:min-h-[500px] lg:min-h-[600px]\n\t\t\tmy-4 left w-full lg:w-1\/2 justify-center flex min-h-[300px] lg:h-auto\n\t\t\t\">\n\t\t\t\t<div class=\"xl:mx-16 left-wrapper absolute w-full\"\n\t\t\t\t> \n\t\t\t\t\t\n\t\t\t\t\t\n\t\t\t\t\t\n\t\t\t\t\t\n\t\t\t\t\t\t\n\t\t\t\t\t\t\t<div class=\"t2 lg:-ml-44 lg:absolute lg:top-0 lg:left-0 lg:w-1\/2 lg:h-full w-full -ml-4 h-[300px] md:h-[500px] relative\">\n\t\t\t<div class=\"w-full h-full absolute z-20 rounded-r-75px lg:rounded-lg !bg-cover left-0\" style=\"background: url(https:\/\/getoze.com\/app\/uploads\/2024\/05\/Website-Feature-Image-8.jpg);\" data-aos=\"fade-up\"><\/div>\n\t\t\t\t\t\t\t\t\t\t<div class=\"hidden lg:block\" data-aos data-aos-offset=\"50\">\n\t<div class=\"custom-animate animate-right-28 z-0 absolute right-full bottom-0 w-80 h-80 rounded-full top-[8%]\" style=\"background-color: #FFCE51\"><\/div>\n\t<div class=\"custom-animate animate-right-16 z-10 absolute right-full -bottom-8 w-[80%] h-3\/4 rounded-xl delay-200\" style=\"background-color: #161A5C\"><\/div>\n<\/div>\n\n\n\n<div class=\"lg:hidden\">\n\t<svg class=\"absolute top-0 -right-4\" width=\"122\" height=\"122\" viewBox=\"0 0 122 122\" fill=\"none\" xmlns=\"http:\/\/www.w3.org\/2000\/svg\">\n\t\t<circle cx=\"61\" cy=\"61\" r=\"61\" fill=\"#FFCE51\"\/>\n\t<\/svg>\n\t<svg class=\"absolute -bottom-4 -right-4\" width=\"180\" height=\"183\" viewBox=\"0 0 180 183\" fill=\"none\" xmlns=\"http:\/\/www.w3.org\/2000\/svg\">\n\t\t<rect width=\"180\" height=\"183\" rx=\"75\" transform=\"matrix(-1 -8.74228e-08 -1.18051e-07 1 180 0)\" fill=\"#161A5C\"\/>\n\t<\/svg>\n<\/div>\t\t\t\t\t<\/div>\n\t\n\t\t\t\t\t\t\t\t\t\t\t\t\t\t\t<\/div>\n      <\/div>\n\n      \n      <div class=\"\n\t\t\t\t\tmin-h-[300px] my-4\n\t\t\t\t\t\n\t\t\t\t\t\n\t\t\t\t\tright w-full lg:w-1\/2 justify-center flex  lg:h-auto\n\t\t\t\t\">\n\t\t\t\t<div class=\"xl:mx-16 right-wrapper \n\t\t\t\t\"\n\t\t\t\t>\n        \n        \t\t\t\t\t<div class=\"wysiwyg\" data-aos=\"fade-up\">\n\t<h1>Comment avez-vous fait cette semaine ?<\/h1>\n<p>Arr\u00eatez de deviner ! Oze vous fournit votre rapport d&#8217;entreprise hebdomadaire, vous montrant ce qui fonctionne et o\u00f9 concentrer vos efforts.<\/p>\n<ul>\n<li data-sourcepos=\"12:1-12:151\"><strong>Victoires Hebdomadaires :<\/strong> Obtenez une image claire des performances de votre entreprise chaque semaine.<\/li>\n<li data-sourcepos=\"13:1-13:210\"><strong>Rapports Sans Effort :<\/strong> Plus de g\u00e9n\u00e9ration manuelle de rapports ! Oze automatise le processus, fournissant des rapports pertinents directement dans votre bo\u00eete de r\u00e9ception. Gagnez du temps et concentrez-vous sur ce qui compte le plus &#8211; faire cro\u00eetre votre entreprise.<\/li>\n<li data-sourcepos=\"13:1-13:210\"><strong>D\u00e9bloquez votre Score d&#8217;Entreprise Oze :<\/strong> Obtenez un score simple et innovant qui offre un aper\u00e7u de la sant\u00e9 de votre entreprise. D\u00e9couvrez comment vous utilisez Oze et obtenez des informations sur la mani\u00e8re dont Oze peut encore renforcer votre r\u00e9ussite.<\/li>\n<\/ul>\n\n\n\t\n\t<\/div>        \n        \n        \n\t\t\t\t\t\t\t<\/div>\n      <\/div>\n    <\/div>\n<\/section>\n\n\n<section class=\"multi-column-block my-28\">\n  <div class=\"container\">\n\t\t<div class=\"\">\n\t\t\t\t\t\t\t<div class=\"content max-w-3xl mx-auto text-center\" data-aos=\"fade-up\">\n\t\t\t\t\t<h1>Oze simplifie vos donn\u00e9es commerciales<\/h1>\n\n\t\t\t\t<\/div>\n\t\t\t\t\t\t\t\t\t\t\t\t\t\t<div class=\"flex flex-wrap -m-4 justify-center lg:justify-between !mt-8 items-start\">\n\t\t\t\t\t\t\t\t\t\t\t\t\t\t\t\t<div class=\"p-4 flex flex-col text-center justify-center items-center w-4\/12 lg:w-4\/12\" data-aos=\"fade-up\" data-aos-delay=\"0\">\n\t\t\t\t\t\t\t\t\t\t\t\t\t\t\t<img decoding=\"async\" src=\"https:\/\/getoze.com\/app\/uploads\/2022\/06\/Icon-8.svg\" alt=\"\" class=\"max-w-[180px] \">\n\t\t\t\t\t\t\t\t\t\t\t\t\t\t\t\t\t\t\t\t\t<div>\n\t\t\t\t\t\t\t\t\t\t\t\t\t\t\t\t\t<p class=\"mt-4 font-bold\">Arr\u00eatez de vous demander &#8211; Commencez \u00e0 savoir !<\/p>\n\t\t\t\t\t\t\t\t\t\t\t\t\t\t\t\t\t\t\t\t\t\t\t\t\t<p class=\"mt-4\">Enregistrez simplement vos transactions dans l&#039;application commerciale Oze, et nous g\u00e9n\u00e9rerons automatiquement des rapports pertinents chaque semaine.<\/p>\n\t\t\t\t\t\t\t\t\t\t\t\t\t\t\t<\/div>\n\t\t\t\t\t\t<\/div>\n\t\t\t\t\t\t\t\t\t\t\t\t\t\t\t\t\t<div class=\"p-4 flex flex-col text-center justify-center items-center w-4\/12 lg:w-4\/12\" data-aos=\"fade-up\" data-aos-delay=\"100\">\n\t\t\t\t\t\t\t\t\t\t\t\t\t\t\t<img decoding=\"async\" src=\"https:\/\/getoze.com\/app\/uploads\/2022\/06\/Icon.svg\" alt=\"\" class=\"max-w-[180px] \">\n\t\t\t\t\t\t\t\t\t\t\t\t\t\t\t\t\t\t\t\t\t<div>\n\t\t\t\t\t\t\t\t\t\t\t\t\t\t\t\t\t<p class=\"mt-4 font-bold\">Voyez votre entreprise clairement<\/p>\n\t\t\t\t\t\t\t\t\t\t\t\t\t\t\t\t\t\t\t\t\t\t\t\t\t<p class=\"mt-4\">Oze s&#039;occupe de tout, fournissant des rapports faciles \u00e0 comprendre.<\/p>\n\t\t\t\t\t\t\t\t\t\t\t\t\t\t\t<\/div>\n\t\t\t\t\t\t<\/div>\n\t\t\t\t\t\t\t\t\t\t\t\t\t\t\t\t\t<div class=\"p-4 flex flex-col text-center justify-center items-center w-4\/12 lg:w-4\/12\" data-aos=\"fade-up\" data-aos-delay=\"200\">\n\t\t\t\t\t\t\t\t\t\t\t\t\t\t\t<img decoding=\"async\" src=\"https:\/\/getoze.com\/app\/uploads\/2022\/06\/Icon-12.svg\" alt=\"\" class=\"max-w-[180px] \">\n\t\t\t\t\t\t\t\t\t\t\t\t\t\t\t\t\t\t\t\t\t<div>\n\t\t\t\t\t\t\t\t\t\t\t\t\t\t\t\t\t<p class=\"mt-4 font-bold\">Prenez des d\u00e9cisions bas\u00e9es sur les donn\u00e9es<\/p>\n\t\t\t\t\t\t\t\t\t\t\t\t\t\t\t\t\t\t\t\t\t\t\t\t\t<p class=\"mt-4\">Obtenez des informations pr\u00e9cieuses sur vos ventes et vos d\u00e9penses. Identifiez les domaines \u00e0 am\u00e9liorer, suivez votre progression et prenez des d\u00e9cisions \u00e9clair\u00e9es qui font avancer votre entreprise.<\/p>\n\t\t\t\t\t\t\t\t\t\t\t\t\t\t\t<\/div>\n\t\t\t\t\t\t<\/div>\n\t\t\t\t\t\t\t\t\t\t\t\t\t\t\t<\/div>\n\t\t\t\t\t\t\t\t<\/div>\n  <\/div>\n<\/section>","protected":false},"excerpt":{"rendered":"","protected":false},"author":4,"featured_media":4754,"parent":0,"menu_order":0,"comment_status":"closed","ping_status":"closed","template":"","meta":{"_acf_changed":false,"content-type":"","footnotes":""},"class_list":["post-4811","page","type-page","status-publish","has-post-thumbnail","hentry"],"acf":[],"yoast_head":"<!-- This site is optimized with the Yoast SEO Premium plugin v18.4 (Yoast SEO v26.9) - https:\/\/yoast.com\/product\/yoast-seo-premium-wordpress\/ -->\n<title>Page d&#039;atterrissage - Rapports hebdomadaires d&#039;Oze - Oze<\/title>\n<meta name=\"description\" content=\"Comment votre entreprise s&#039;est-elle comport\u00e9e cette semaine ? Oze simplifie les donn\u00e9es d&#039;entreprise gr\u00e2ce \u00e0 des rapports et des informations hebdomadaires. Inscrivez-vous gratuitement !\" \/>\n<meta name=\"robots\" content=\"index, follow, max-snippet:-1, max-image-preview:large, max-video-preview:-1\" \/>\n<link rel=\"canonical\" href=\"https:\/\/getoze.com\/fr\/rapports-hebdomadaires\/\" \/>\n<meta property=\"og:locale\" content=\"fr_FR\" \/>\n<meta property=\"og:type\" content=\"article\" \/>\n<meta property=\"og:title\" content=\"Page d&#039;atterrissage - Rapports hebdomadaires d&#039;Oze\" \/>\n<meta property=\"og:description\" content=\"Comment votre entreprise s&#039;est-elle comport\u00e9e cette semaine ? Oze simplifie les donn\u00e9es d&#039;entreprise gr\u00e2ce \u00e0 des rapports et des informations hebdomadaires. Inscrivez-vous gratuitement !\" \/>\n<meta property=\"og:url\" content=\"https:\/\/getoze.com\/fr\/rapports-hebdomadaires\/\" \/>\n<meta property=\"og:site_name\" content=\"Oze\" \/>\n<meta property=\"article:publisher\" content=\"https:\/\/www.facebook.com\/ozeapp\/\" \/>\n<meta property=\"article:modified_time\" content=\"2024-06-12T13:02:17+00:00\" \/>\n<meta property=\"og:image\" content=\"https:\/\/getoze.com\/app\/uploads\/2024\/05\/Oze-report-landing-page-image.png\" \/>\n\t<meta property=\"og:image:width\" content=\"745\" \/>\n\t<meta property=\"og:image:height\" content=\"508\" \/>\n\t<meta property=\"og:image:type\" content=\"image\/png\" \/>\n<meta name=\"twitter:card\" content=\"summary_large_image\" \/>\n<meta name=\"twitter:site\" content=\"@oze\" \/>\n<meta name=\"twitter:label1\" content=\"Est. reading time\" \/>\n\t<meta name=\"twitter:data1\" content=\"1 minute\" \/>\n<script type=\"application\/ld+json\" class=\"yoast-schema-graph\">{\"@context\":\"https:\/\/schema.org\",\"@graph\":[{\"@type\":\"WebPage\",\"@id\":\"https:\/\/getoze.com\/fr\/rapports-hebdomadaires\/\",\"url\":\"https:\/\/getoze.com\/fr\/rapports-hebdomadaires\/\",\"name\":\"Page d'atterrissage - Rapports hebdomadaires d'Oze - Oze\",\"isPartOf\":{\"@id\":\"https:\/\/getoze.com\/fr\/#website\"},\"primaryImageOfPage\":{\"@id\":\"https:\/\/getoze.com\/fr\/rapports-hebdomadaires\/#primaryimage\"},\"image\":{\"@id\":\"https:\/\/getoze.com\/fr\/rapports-hebdomadaires\/#primaryimage\"},\"thumbnailUrl\":\"https:\/\/getoze.com\/app\/uploads\/2024\/05\/Oze-report-landing-page-image.png\",\"datePublished\":\"2024-05-13T07:57:43+00:00\",\"dateModified\":\"2024-06-12T13:02:17+00:00\",\"description\":\"Comment votre entreprise s'est-elle comport\u00e9e cette semaine ? Oze simplifie les donn\u00e9es d'entreprise gr\u00e2ce \u00e0 des rapports et des informations hebdomadaires. Inscrivez-vous gratuitement !\",\"breadcrumb\":{\"@id\":\"https:\/\/getoze.com\/fr\/rapports-hebdomadaires\/#breadcrumb\"},\"inLanguage\":\"fr-FR\",\"potentialAction\":[{\"@type\":\"ReadAction\",\"target\":[\"https:\/\/getoze.com\/fr\/rapports-hebdomadaires\/\"]}]},{\"@type\":\"ImageObject\",\"inLanguage\":\"fr-FR\",\"@id\":\"https:\/\/getoze.com\/fr\/rapports-hebdomadaires\/#primaryimage\",\"url\":\"https:\/\/getoze.com\/app\/uploads\/2024\/05\/Oze-report-landing-page-image.png\",\"contentUrl\":\"https:\/\/getoze.com\/app\/uploads\/2024\/05\/Oze-report-landing-page-image.png\",\"width\":745,\"height\":508},{\"@type\":\"BreadcrumbList\",\"@id\":\"https:\/\/getoze.com\/fr\/rapports-hebdomadaires\/#breadcrumb\",\"itemListElement\":[{\"@type\":\"ListItem\",\"position\":1,\"name\":\"Home\",\"item\":\"https:\/\/getoze.com\/fr\/\"},{\"@type\":\"ListItem\",\"position\":2,\"name\":\"Page d&#8217;atterrissage &#8211; Rapports hebdomadaires d&#8217;Oze\"}]},{\"@type\":\"WebSite\",\"@id\":\"https:\/\/getoze.com\/fr\/#website\",\"url\":\"https:\/\/getoze.com\/fr\/\",\"name\":\"Oze\",\"description\":\"Unlock your business success\",\"publisher\":{\"@id\":\"https:\/\/getoze.com\/fr\/#organization\"},\"potentialAction\":[{\"@type\":\"SearchAction\",\"target\":{\"@type\":\"EntryPoint\",\"urlTemplate\":\"https:\/\/getoze.com\/fr\/?s={search_term_string}\"},\"query-input\":{\"@type\":\"PropertyValueSpecification\",\"valueRequired\":true,\"valueName\":\"search_term_string\"}}],\"inLanguage\":\"fr-FR\"},{\"@type\":\"Organization\",\"@id\":\"https:\/\/getoze.com\/fr\/#organization\",\"name\":\"Oze\",\"url\":\"https:\/\/getoze.com\/fr\/\",\"logo\":{\"@type\":\"ImageObject\",\"inLanguage\":\"fr-FR\",\"@id\":\"https:\/\/getoze.com\/fr\/#\/schema\/logo\/image\/\",\"url\":\"https:\/\/getoze.com\/app\/uploads\/2022\/06\/oze_logo-1.svg\",\"contentUrl\":\"https:\/\/getoze.com\/app\/uploads\/2022\/06\/oze_logo-1.svg\",\"width\":1,\"height\":1,\"caption\":\"Oze\"},\"image\":{\"@id\":\"https:\/\/getoze.com\/fr\/#\/schema\/logo\/image\/\"},\"sameAs\":[\"https:\/\/www.facebook.com\/ozeapp\/\",\"https:\/\/x.com\/oze\",\"https:\/\/www.linkedin.com\/company\/ozeapp\/\"]}]}<\/script>\n<!-- \/ Yoast SEO Premium plugin. -->","yoast_head_json":{"title":"Page d'atterrissage - Rapports hebdomadaires d'Oze - Oze","description":"Comment votre entreprise s'est-elle comport\u00e9e cette semaine ? Oze simplifie les donn\u00e9es d'entreprise gr\u00e2ce \u00e0 des rapports et des informations hebdomadaires. Inscrivez-vous gratuitement !","robots":{"index":"index","follow":"follow","max-snippet":"max-snippet:-1","max-image-preview":"max-image-preview:large","max-video-preview":"max-video-preview:-1"},"canonical":"https:\/\/getoze.com\/fr\/rapports-hebdomadaires\/","og_locale":"fr_FR","og_type":"article","og_title":"Page d'atterrissage - Rapports hebdomadaires d'Oze","og_description":"Comment votre entreprise s'est-elle comport\u00e9e cette semaine ? Oze simplifie les donn\u00e9es d'entreprise gr\u00e2ce \u00e0 des rapports et des informations hebdomadaires. Inscrivez-vous gratuitement !","og_url":"https:\/\/getoze.com\/fr\/rapports-hebdomadaires\/","og_site_name":"Oze","article_publisher":"https:\/\/www.facebook.com\/ozeapp\/","article_modified_time":"2024-06-12T13:02:17+00:00","og_image":[{"width":745,"height":508,"url":"https:\/\/getoze.com\/app\/uploads\/2024\/05\/Oze-report-landing-page-image.png","type":"image\/png"}],"twitter_card":"summary_large_image","twitter_site":"@oze","twitter_misc":{"Est. reading time":"1 minute"},"schema":{"@context":"https:\/\/schema.org","@graph":[{"@type":"WebPage","@id":"https:\/\/getoze.com\/fr\/rapports-hebdomadaires\/","url":"https:\/\/getoze.com\/fr\/rapports-hebdomadaires\/","name":"Page d'atterrissage - Rapports hebdomadaires d'Oze - Oze","isPartOf":{"@id":"https:\/\/getoze.com\/fr\/#website"},"primaryImageOfPage":{"@id":"https:\/\/getoze.com\/fr\/rapports-hebdomadaires\/#primaryimage"},"image":{"@id":"https:\/\/getoze.com\/fr\/rapports-hebdomadaires\/#primaryimage"},"thumbnailUrl":"https:\/\/getoze.com\/app\/uploads\/2024\/05\/Oze-report-landing-page-image.png","datePublished":"2024-05-13T07:57:43+00:00","dateModified":"2024-06-12T13:02:17+00:00","description":"Comment votre entreprise s'est-elle comport\u00e9e cette semaine ? Oze simplifie les donn\u00e9es d'entreprise gr\u00e2ce \u00e0 des rapports et des informations hebdomadaires. Inscrivez-vous gratuitement !","breadcrumb":{"@id":"https:\/\/getoze.com\/fr\/rapports-hebdomadaires\/#breadcrumb"},"inLanguage":"fr-FR","potentialAction":[{"@type":"ReadAction","target":["https:\/\/getoze.com\/fr\/rapports-hebdomadaires\/"]}]},{"@type":"ImageObject","inLanguage":"fr-FR","@id":"https:\/\/getoze.com\/fr\/rapports-hebdomadaires\/#primaryimage","url":"https:\/\/getoze.com\/app\/uploads\/2024\/05\/Oze-report-landing-page-image.png","contentUrl":"https:\/\/getoze.com\/app\/uploads\/2024\/05\/Oze-report-landing-page-image.png","width":745,"height":508},{"@type":"BreadcrumbList","@id":"https:\/\/getoze.com\/fr\/rapports-hebdomadaires\/#breadcrumb","itemListElement":[{"@type":"ListItem","position":1,"name":"Home","item":"https:\/\/getoze.com\/fr\/"},{"@type":"ListItem","position":2,"name":"Page d&#8217;atterrissage &#8211; Rapports hebdomadaires d&#8217;Oze"}]},{"@type":"WebSite","@id":"https:\/\/getoze.com\/fr\/#website","url":"https:\/\/getoze.com\/fr\/","name":"Oze","description":"Unlock your business success","publisher":{"@id":"https:\/\/getoze.com\/fr\/#organization"},"potentialAction":[{"@type":"SearchAction","target":{"@type":"EntryPoint","urlTemplate":"https:\/\/getoze.com\/fr\/?s={search_term_string}"},"query-input":{"@type":"PropertyValueSpecification","valueRequired":true,"valueName":"search_term_string"}}],"inLanguage":"fr-FR"},{"@type":"Organization","@id":"https:\/\/getoze.com\/fr\/#organization","name":"Oze","url":"https:\/\/getoze.com\/fr\/","logo":{"@type":"ImageObject","inLanguage":"fr-FR","@id":"https:\/\/getoze.com\/fr\/#\/schema\/logo\/image\/","url":"https:\/\/getoze.com\/app\/uploads\/2022\/06\/oze_logo-1.svg","contentUrl":"https:\/\/getoze.com\/app\/uploads\/2022\/06\/oze_logo-1.svg","width":1,"height":1,"caption":"Oze"},"image":{"@id":"https:\/\/getoze.com\/fr\/#\/schema\/logo\/image\/"},"sameAs":["https:\/\/www.facebook.com\/ozeapp\/","https:\/\/x.com\/oze","https:\/\/www.linkedin.com\/company\/ozeapp\/"]}]}},"_links":{"self":[{"href":"https:\/\/getoze.com\/fr\/wp-json\/wp\/v2\/pages\/4811","targetHints":{"allow":["GET"]}}],"collection":[{"href":"https:\/\/getoze.com\/fr\/wp-json\/wp\/v2\/pages"}],"about":[{"href":"https:\/\/getoze.com\/fr\/wp-json\/wp\/v2\/types\/page"}],"author":[{"embeddable":true,"href":"https:\/\/getoze.com\/fr\/wp-json\/wp\/v2\/users\/4"}],"replies":[{"embeddable":true,"href":"https:\/\/getoze.com\/fr\/wp-json\/wp\/v2\/comments?post=4811"}],"version-history":[{"count":3,"href":"https:\/\/getoze.com\/fr\/wp-json\/wp\/v2\/pages\/4811\/revisions"}],"predecessor-version":[{"id":5152,"href":"https:\/\/getoze.com\/fr\/wp-json\/wp\/v2\/pages\/4811\/revisions\/5152"}],"wp:featuredmedia":[{"embeddable":true,"href":"https:\/\/getoze.com\/fr\/wp-json\/wp\/v2\/media\/4754"}],"wp:attachment":[{"href":"https:\/\/getoze.com\/fr\/wp-json\/wp\/v2\/media?parent=4811"}],"curies":[{"name":"wp","href":"https:\/\/api.w.org\/{rel}","templated":true}]}}